{"id":102029,"date":"2022-09-12T10:12:55","date_gmt":"2022-09-12T10:12:55","guid":{"rendered":"https:\/\/essax.es\/?post_type=product&#038;p=102029"},"modified":"2024-12-10T10:01:27","modified_gmt":"2024-12-10T10:01:27","slug":"vanko","status":"publish","type":"product","link":"https:\/\/essax.es\/fr\/product\/vanko","title":{"rendered":"Selle de v\u00e9lo VTT \u2013 FeC \u2013 290 gr \u2013 Mod."},"content":{"rendered":"<p>La nouvelle selle Vanko ne vous mettra jamais mal \u00e0 l&#039;aise. Capable de r\u00e9sister \u00e0 n\u2019importe quel coup et aux terrains les plus difficiles, rien ne pourra vous battre.<\/p>\n<p>Bas\u00e9 sur son fr\u00e8re plus fin, Tudons, le nouveau Vanko poss\u00e8de une couche de mousse plus \u00e9paisse qui offre des milliers d&#039;heures de confort. On sait que la mousse ne fait pas tout, c&#039;est pourquoi elle conserve les m\u00eames qualit\u00e9s ergonomiques que son petit fr\u00e8re, permettant de parcourir de longs trajets sans avoir \u00e0 bouger ne serait-ce qu&#039;un millim\u00e8tre.<\/p>\n<h4>Design et technologie<\/h4>\n<p>Le Vanko se distingue non seulement par sa robustesse, mais aussi par son design con\u00e7u pour les cyclistes les plus exigeants. Avec une structure interne renforc\u00e9e et des mat\u00e9riaux de haute qualit\u00e9, cette selle est pr\u00eate \u00e0 relever les d\u00e9fis les plus difficiles. La coque en fibre de carbone offre une combinaison parfaite de rigidit\u00e9 et de flexibilit\u00e9, garantissant des performances sup\u00e9rieures sur tout type de terrain.<\/p>\n<h4>Un confort sans compromis<\/h4>\n<p>La mousse \u00e0 m\u00e9moire de forme haute densit\u00e9 utilis\u00e9e dans le Vanko s&#039;adapte parfaitement \u00e0 l&#039;anatomie du cycliste, r\u00e9partissant uniform\u00e9ment la pression et r\u00e9duisant les points douloureux. Cela se traduit par un plus grand confort, m\u00eame lors des sorties les plus longues et les plus exigeantes. De plus, la housse en microfibre antid\u00e9rapante assure une position stable et \u00e9vite de glisser pendant le p\u00e9dalage.<\/p>\n<h4>Ergonomie avanc\u00e9e<\/h4>\n<p>La conception ergonomique du Vanko a \u00e9t\u00e9 d\u00e9velopp\u00e9e en collaboration avec des experts en biom\u00e9canique, garantissant que chaque courbe et chaque d\u00e9tail sont optimis\u00e9s pour la performance et le confort. La zone centrale de la selle comporte un canal de soulagement de la pression qui r\u00e9duit l&#039;engourdissement et am\u00e9liore la circulation sanguine, vous permettant de profiter de chaque kilom\u00e8tre sans inconfort.<\/p>\n<h4>Polyvalence et adaptabilit\u00e9<\/h4>\n<p>Peu importe que vous soyez un coureur de montagne, de route ou de gravel, le Vanko s&#039;adapte \u00e0 toutes les disciplines. Ses rails en titane ajoutent non seulement r\u00e9sistance et durabilit\u00e9, mais aident \u00e9galement \u00e0 maintenir le poids de la selle au minimum, ce qui est crucial pour ceux qui cherchent \u00e0 optimiser chaque gramme de leur \u00e9quipement.<\/p>\n<h4>Innovation et durabilit\u00e9<\/h4>\n<p>Essax a mis un accent particulier sur la durabilit\u00e9 du Vanko. Chaque selle est soumise \u00e0 des tests de qualit\u00e9 rigoureux pour garantir qu&#039;elle r\u00e9pond aux normes les plus \u00e9lev\u00e9es de l&#039;industrie. Qu&#039;il s&#039;agisse de pluie, de soleil br\u00fblant ou des conditions les plus extr\u00eames, le Vanko est con\u00e7u pour r\u00e9sister \u00e0 tout ce que la route vous r\u00e9serve.<\/p>\n<p>Rien ne pourra vous r\u00e9sister ! Avec la selle Vanko, vous serez \u00e9quip\u00e9 du meilleur de la technologie et du design pour que chaque aventure sur deux roues soit une exp\u00e9rience incomparable. Faites confiance \u00e0 la robustesse et au confort du Vanko et faites passer vos performances au niveau sup\u00e9rieur.<\/p>","protected":false},"excerpt":{"rendered":"<p>El nuevo sill\u00edn Vanko nunca te har\u00e1 sentir inc\u00f3modo. Capaz de aguantar cualquier golpe y los terrenos m\u00e1s complicados, no habr\u00e1 nada que pueda contigo. Basado en su hermano m\u00e1s fino, Tudons, el nuevo Vanko tiene una capa m\u00e1s gruesa de espuma que ofrece miles de horas de confort. Sabemos que la espuma no lo [&hellip;]<\/p>","protected":false},"featured_media":102085,"comment_status":"open","ping_status":"closed","template":"","meta":{"inline_featured_image":false},"product_brand":[],"product_cat":[154,157,605],"product_tag":[288,192,287,191,203,341],"class_list":{"0":"post-102029","1":"product","2":"type-product","3":"status-publish","4":"has-post-thumbnail","6":"product_cat-mtb-gravel","7":"product_cat-urban","8":"product_cat-mtb-gravel-vanko","9":"product_tag-emtb","10":"product_tag-gravel","11":"product_tag-montana","12":"product_tag-mtb","13":"product_tag-urban","14":"product_tag-vanko","16":"first","17":"instock","18":"taxable","19":"shipping-taxable","20":"purchasable","21":"product-type-simple"},"exclude_global_add_ons":[],"addons":[],"_links":{"self":[{"href":"https:\/\/essax.es\/fr\/wp-json\/wp\/v2\/product\/102029"}],"collection":[{"href":"https:\/\/essax.es\/fr\/wp-json\/wp\/v2\/product"}],"about":[{"href":"https:\/\/essax.es\/fr\/wp-json\/wp\/v2\/types\/product"}],"replies":[{"embeddable":true,"href":"https:\/\/essax.es\/fr\/wp-json\/wp\/v2\/comments?post=102029"}],"wp:featuredmedia":[{"embeddable":true,"href":"https:\/\/essax.es\/fr\/wp-json\/wp\/v2\/media\/102085"}],"wp:attachment":[{"href":"https:\/\/essax.es\/fr\/wp-json\/wp\/v2\/media?parent=102029"}],"wp:term":[{"taxonomy":"product_brand","embeddable":true,"href":"https:\/\/essax.es\/fr\/wp-json\/wp\/v2\/product_brand?post=102029"},{"taxonomy":"product_cat","embeddable":true,"href":"https:\/\/essax.es\/fr\/wp-json\/wp\/v2\/product_cat?post=102029"},{"taxonomy":"product_tag","embeddable":true,"href":"https:\/\/essax.es\/fr\/wp-json\/wp\/v2\/product_tag?post=102029"}],"curies":[{"name":"wp","href":"https:\/\/api.w.org\/{rel}","templated":true}]}}