{"id":99407,"date":"2020-07-15T07:13:30","date_gmt":"2020-07-15T07:13:30","guid":{"rendered":"https:\/\/essax.es\/?post_type=product&#038;p=99407"},"modified":"2026-03-24T10:39:39","modified_gmt":"2026-03-24T10:39:39","slug":"adrenaline-r-carbono","status":"publish","type":"product","link":"https:\/\/essax.es\/fr\/product\/adrenaline-r-carbono","title":{"rendered":"Selle de v\u00e9lo \u2013 Carbone \u2013 135 gr. \u2013 Mod.Adr\u00e9naline R"},"content":{"rendered":"<p>Nous sommes sans aucun doute confront\u00e9s au produit phare de la marque, le mod\u00e8le le plus vendu de notre catalogue au cours de nos 13 ann\u00e9es d&#039;existence, et de loin.<\/p>\n<p>Son grand nombre de combinaisons en termes de couleurs, branches et largeurs, en plus d&#039;une am\u00e9lioration formelle continue ann\u00e9e apr\u00e8s ann\u00e9e, ont fait de l&#039;Adrenaline R la selle pr\u00e9f\u00e9r\u00e9e de la 99% des cyclistes et des \u00e9quipes sponsoris\u00e9s tout au long de cette p\u00e9riode ; il doit y avoir une raison\u2026<\/p>\n<p>Equip\u00e9 d&#039;un canal central pour lib\u00e9rer une partie de la pression qu&#039;exerce notre poids sur la zone p\u00e9rin\u00e9ale, il est propos\u00e9 en diff\u00e9rentes versions et gammes. De la tige chrom\u00e9e, avec un prix inf\u00e9rieur et un fantastique 180 gr. de poids, \u00e0 l&#039;impressionnante version en fibre de carbone et ses spectaculaires 135 gr.<\/p>","protected":false},"excerpt":{"rendered":"<p>Nous sommes sans aucun doute confront\u00e9s au produit phare de la marque, le mod\u00e8le le plus vendu de notre catalogue au cours de nos 13 ann\u00e9es d&#039;existence, et de loin. Son grand nombre de combinaisons en termes de couleurs, branches et largeurs, en plus d&#039;une am\u00e9lioration formelle continue ann\u00e9e apr\u00e8s ann\u00e9e, ont fait de l&#039;Adrenaline [\u2026]<\/p>","protected":false},"featured_media":99404,"comment_status":"open","ping_status":"closed","template":"","meta":{"inline_featured_image":false},"product_brand":[],"product_cat":[158],"product_tag":[149,150,152,151],"class_list":{"0":"post-99407","1":"product","2":"type-product","3":"status-publish","4":"has-post-thumbnail","6":"product_cat-outlet","7":"product_tag-adrenaline","8":"product_tag-adrenaline-r","9":"product_tag-road-saddle","10":"product_tag-sillin-carretera","11":"pa_ancho-130-mm","12":"pa_ancho-142-mm","13":"pa_color-blanco-negro","14":"pa_color-negro-negro","15":"pa_color-negro-blanco","16":"pa_color-negro-rojo","17":"pa_rail-carbono","19":"first","20":"instock","21":"taxable","22":"shipping-taxable","23":"purchasable","24":"product-type-variable"},"exclude_global_add_ons":[],"addons":[],"_links":{"self":[{"href":"https:\/\/essax.es\/fr\/wp-json\/wp\/v2\/product\/99407"}],"collection":[{"href":"https:\/\/essax.es\/fr\/wp-json\/wp\/v2\/product"}],"about":[{"href":"https:\/\/essax.es\/fr\/wp-json\/wp\/v2\/types\/product"}],"replies":[{"embeddable":true,"href":"https:\/\/essax.es\/fr\/wp-json\/wp\/v2\/comments?post=99407"}],"wp:featuredmedia":[{"embeddable":true,"href":"https:\/\/essax.es\/fr\/wp-json\/wp\/v2\/media\/99404"}],"wp:attachment":[{"href":"https:\/\/essax.es\/fr\/wp-json\/wp\/v2\/media?parent=99407"}],"wp:term":[{"taxonomy":"product_brand","embeddable":true,"href":"https:\/\/essax.es\/fr\/wp-json\/wp\/v2\/product_brand?post=99407"},{"taxonomy":"product_cat","embeddable":true,"href":"https:\/\/essax.es\/fr\/wp-json\/wp\/v2\/product_cat?post=99407"},{"taxonomy":"product_tag","embeddable":true,"href":"https:\/\/essax.es\/fr\/wp-json\/wp\/v2\/product_tag?post=99407"}],"curies":[{"name":"wp","href":"https:\/\/api.w.org\/{rel}","templated":true}]}}