{"id":99505,"date":"2020-07-22T10:10:43","date_gmt":"2020-07-22T10:10:43","guid":{"rendered":"https:\/\/essax.es\/?post_type=product&#038;p=99505"},"modified":"2025-09-07T06:31:43","modified_gmt":"2025-09-07T06:31:43","slug":"singel-cromo","status":"publish","type":"product","link":"https:\/\/essax.es\/fr\/product\/singel-cromo","title":{"rendered":"Selle de v\u00e9lo de route \u2013 Chrome \u2013 220 gr. \u2013 Mod."},"content":{"rendered":"<p><a href=\"https:\/\/essax.es\/wp-content\/uploads\/2020\/07\/essax-singel-5-sillin-saddle.jpg\"><img fetchpriority=\"high\" decoding=\"async\" class=\"alignright size-medium wp-image-99579\" src=\"https:\/\/essax.es\/wp-content\/uploads\/2020\/07\/essax-singel-5-sillin-saddle-300x253.jpg\" alt=\"essax-singel-sillin-bike-saddle-ciclismo-cycling-rio-miera\" width=\"300\" height=\"253\" srcset=\"https:\/\/essax.es\/wp-content\/uploads\/2020\/07\/essax-singel-5-sillin-saddle-300x253.jpg 300w, https:\/\/essax.es\/wp-content\/uploads\/2020\/07\/essax-singel-5-sillin-saddle-14x12.jpg 14w, https:\/\/essax.es\/wp-content\/uploads\/2020\/07\/essax-singel-5-sillin-saddle-768x648.jpg 768w, https:\/\/essax.es\/wp-content\/uploads\/2020\/07\/essax-singel-5-sillin-saddle-769x649.jpg 769w, https:\/\/essax.es\/wp-content\/uploads\/2020\/07\/essax-singel-5-sillin-saddle-84x71.jpg 84w, https:\/\/essax.es\/wp-content\/uploads\/2020\/07\/essax-singel-5-sillin-saddle-200x169.jpg 200w, https:\/\/essax.es\/wp-content\/uploads\/2020\/07\/essax-singel-5-sillin-saddle-450x380.jpg 450w, https:\/\/essax.es\/wp-content\/uploads\/2020\/07\/essax-singel-5-sillin-saddle.jpg 800w\" sizes=\"(max-width: 300px) 100vw, 300px\" \/><\/a>C&#039;\u00e9tait en 2017, et \u00e0 cette \u00e9poque nous avions le privil\u00e8ge d&#039;\u00eatre collaboratrices de l&#039;une des meilleures \u00e9quipes f\u00e9minines du pays, l&#039;\u00e9quipe Lointek. \u00c0 cette \u00e9poque, nous avions \u00e9galement sur la table un projet de selle sp\u00e9cifique pour les femmes, nous n&#039;avons donc pas vraiment pens\u00e9 \u00e0 demander de l&#039;aide aux filles de l&#039;\u00e9quipe pour le d\u00e9velopper. Et du r\u00e9sultat de cette collaboration est n\u00e9 le mod\u00e8le Singel.<\/p>\n<p>Ignorant les faux mythes sur la plus grande largeur des ischions chez les femmes, nous avons d\u00e9cid\u00e9 de cr\u00e9er un mod\u00e8le d&#039;une largeur standard de 142 mm. Oui, nous avons pris en compte d&#039;autres aspects de leur physionomie, qui a toujours eu tendance \u00e0 provoquer des affections g\u00e9nitales avec les selles classiques. Pour cette raison, au Singel, nous avons soigneusement \u00e9tudi\u00e9 les mesures du canal central, con\u00e7u pour rel\u00e2cher partiellement la pression dans cette zone.<\/p>","protected":false},"excerpt":{"rendered":"<p>Con\u00e7u en collaboration avec les cyclistes de l&#039;\u00e9quipe professionnelle f\u00e9minine Sopela Team, qui ont apport\u00e9 leur exp\u00e9rience et leurs conseils au cours du processus de d\u00e9veloppement, le Singel est un mod\u00e8le dot\u00e9 d&#039;un canal anti-prostatique longitudinal, pour rel\u00e2cher partiellement la pression exerc\u00e9e dans cette zone. nous nous asseyons.<\/p>\n<p><span style=\"font-size: 14pt;\"><strong>Poids : 220 gr.<\/strong><\/span><br \/>\nRail\u00a0: chrom\u00e9<\/p>","protected":false},"featured_media":99515,"comment_status":"open","ping_status":"closed","template":"","meta":{"inline_featured_image":false},"product_brand":[],"product_cat":[155,153],"product_tag":[175,176,174],"class_list":{"0":"post-99505","1":"product","2":"type-product","3":"status-publish","4":"has-post-thumbnail","6":"product_cat-biomecanica","7":"product_cat-sillines-carretera","8":"product_tag-carretera","9":"product_tag-femenino","10":"product_tag-singel","11":"pa_ancho-140-mm","12":"pa_color-negro-blanco","13":"pa_rail-cromo","15":"first","16":"instock","17":"taxable","18":"shipping-taxable","19":"purchasable","20":"product-type-variable"},"exclude_global_add_ons":[],"addons":[],"_links":{"self":[{"href":"https:\/\/essax.es\/fr\/wp-json\/wp\/v2\/product\/99505"}],"collection":[{"href":"https:\/\/essax.es\/fr\/wp-json\/wp\/v2\/product"}],"about":[{"href":"https:\/\/essax.es\/fr\/wp-json\/wp\/v2\/types\/product"}],"replies":[{"embeddable":true,"href":"https:\/\/essax.es\/fr\/wp-json\/wp\/v2\/comments?post=99505"}],"wp:featuredmedia":[{"embeddable":true,"href":"https:\/\/essax.es\/fr\/wp-json\/wp\/v2\/media\/99515"}],"wp:attachment":[{"href":"https:\/\/essax.es\/fr\/wp-json\/wp\/v2\/media?parent=99505"}],"wp:term":[{"taxonomy":"product_brand","embeddable":true,"href":"https:\/\/essax.es\/fr\/wp-json\/wp\/v2\/product_brand?post=99505"},{"taxonomy":"product_cat","embeddable":true,"href":"https:\/\/essax.es\/fr\/wp-json\/wp\/v2\/product_cat?post=99505"},{"taxonomy":"product_tag","embeddable":true,"href":"https:\/\/essax.es\/fr\/wp-json\/wp\/v2\/product_tag?post=99505"}],"curies":[{"name":"wp","href":"https:\/\/api.w.org\/{rel}","templated":true}]}}