{"id":99518,"date":"2020-07-22T10:26:23","date_gmt":"2020-07-22T10:26:23","guid":{"rendered":"https:\/\/essax.es\/?post_type=product&#038;p=99518"},"modified":"2024-07-19T19:45:48","modified_gmt":"2024-07-19T19:45:48","slug":"cati-carbono","status":"publish","type":"product","link":"https:\/\/essax.es\/fr\/product\/cati-carbono","title":{"rendered":"Selle de v\u00e9lo de route \u2013 Carbone \u2013 80 gr \u2013 Mod."},"content":{"rendered":"<p>Pour les experts du cyclisme, entendre parler de Xorret de Cat\u00ed, c&#039;est entendre parler d&#039;un port mythique d&#039;Alicante, de ses rampes pouvant atteindre 22% de d\u00e9nivel\u00e9, des grandes \u00e9tapes de la Vuelta a Espa\u00f1a, des victoires de personnes comme AlaPhilippe, Moncouti\u00e9 ou Chava. Mais pour ceux d\u2019entre nous qui vivent \u00e0 proximit\u00e9, c\u2019est encore plus que cela ; C&#039;est notre sommet par excellence, le sommet id\u00e9alis\u00e9, et celui dont nous nous vantons le plus lorsque nous sortons.<\/p>\n<p>Avec cette association de symboles et de sentiments, nous avons souhait\u00e9 d\u00e9finir notre mod\u00e8le haut de gamme. Seulement 80 gr. de nerf pur, fabriqu\u00e9 100% en fibre de carbone \u00e0 la main en Espagne. Une selle d&#039;une extr\u00eame rigidit\u00e9 con\u00e7ue pour ceux qui ne veulent pas perdre un seul des watts qu&#039;ils exercent sur les p\u00e9dales. Cat\u00ed, le mythe.<\/p>\n<h4>Innovation et l\u00e9g\u00e8ret\u00e9<\/h4>\n<p>La selle de route mod\u00e8le Cat\u00ed est un v\u00e9ritable chef-d&#039;\u0153uvre d&#039;ing\u00e9nierie et de design, s&#039;imposant comme la selle de v\u00e9lo la plus l\u00e9g\u00e8re au monde avec seulement 80 grammes. Fabriqu\u00e9e \u00e0 la main en Espagne, cette selle allie savoir-faire artisanal et technologie de pointe pour offrir aux cyclistes performants un produit sans \u00e9gal sur le march\u00e9.<\/p>\n<h4>Mat\u00e9riaux de haute qualit\u00e9<\/h4>\n<p>Le secret de l&#039;incroyable l\u00e9g\u00e8ret\u00e9 du mod\u00e8le Cat\u00ed r\u00e9side dans sa construction enti\u00e8rement en carbone. Connu pour son rapport r\u00e9sistance\/poids exceptionnel, ce mat\u00e9riau permet aux cyclistes de vivre une exp\u00e9rience de conduite sans pr\u00e9c\u00e9dent. Chaque d\u00e9tail de la selle a \u00e9t\u00e9 soigneusement con\u00e7u et fabriqu\u00e9 pour garantir une durabilit\u00e9 maximale sans ajouter de poids inutile.<\/p>\n<h4>Conception a\u00e9rodynamique<\/h4>\n<p>Le Cat\u00ed est non seulement l\u00e9ger, mais aussi a\u00e9rodynamique. Sa forme a \u00e9t\u00e9 optimis\u00e9e pour minimiser la r\u00e9sistance au vent, permettant ainsi aux cyclistes de maintenir des vitesses plus \u00e9lev\u00e9es avec moins d&#039;effort. La structure de la selle de v\u00e9lo la plus l\u00e9g\u00e8re est con\u00e7ue pour fournir un soutien ad\u00e9quat tout en facilitant une circulation d&#039;air efficace, am\u00e9liorant ainsi les performances globales du cycliste.<\/p>\n<h4>Confort \u00e0 chaque kilom\u00e8tre<\/h4>\n<p>Malgr\u00e9 l&#039;accent mis sur la l\u00e9g\u00e8ret\u00e9 et la performance, la selle Cat\u00ed ne sacrifie pas le confort. Sa conception ergonomique est con\u00e7ue pour s&#039;adapter parfaitement \u00e0 l&#039;anatomie du cycliste, r\u00e9partissant uniform\u00e9ment la pression et r\u00e9duisant les points douloureux. La flexibilit\u00e9 du carbone permet un degr\u00e9 d&#039;amorti qui am\u00e9liore le confort, notamment sur les itin\u00e9raires longs et exigeants.<\/p>\n<h4>Artisanat espagnol<\/h4>\n<p>Chaque selle Cat\u00ed est fabriqu\u00e9e \u00e0 la main en Espagne, garantissant un niveau de qualit\u00e9 et d&#039;attention aux d\u00e9tails qui ne peut \u00eatre atteint que gr\u00e2ce au savoir-faire artisanal. Les artisans utilisent des techniques traditionnelles combin\u00e9es aux technologies modernes pour cr\u00e9er un produit qui se d\u00e9marque non seulement par ses performances, mais \u00e9galement par sa finition impeccable. Ce d\u00e9vouement \u00e0 l&#039;excellence se refl\u00e8te dans chaque selle, faisant de la Cat\u00ed un choix d&#039;\u00e9lite pour les cyclistes les plus exigeants.<\/p>\n<h4>Tests et certifications<\/h4>\n<p>Avant d&#039;arriver sur le march\u00e9, chaque selle Cat\u00ed est soumise \u00e0 des tests de qualit\u00e9 rigoureux pour garantir qu&#039;elle r\u00e9pond aux normes les plus \u00e9lev\u00e9es de l&#039;industrie. Des tests d&#039;endurance aux \u00e9valuations de confort, chaque aspect de la selle est soigneusement examin\u00e9 pour garantir qu&#039;elle offre des performances optimales dans toutes les conditions.<\/p>\n<h4>Engagement envers l&#039;innovation<\/h4>\n<p>Chez Essax, nous nous engageons envers l\u2019innovation et l\u2019am\u00e9lioration continue. Le mod\u00e8le Cat\u00ed t\u00e9moigne de notre engagement \u00e0 d\u00e9velopper des produits qui repoussent les limites de ce qui est possible dans le cyclisme. Avec la selle de v\u00e9lo la plus l\u00e9g\u00e8re, nous avons r\u00e9ussi \u00e0 cr\u00e9er un outil qui non seulement r\u00e9duit le poids du v\u00e9lo, mais am\u00e9liore \u00e9galement l&#039;exp\u00e9rience du cycliste, lui permettant d&#039;atteindre de nouveaux objectifs et de d\u00e9passer ses propres limites.<\/p>\n<h4>conclusion<\/h4>\n<p>La selle de v\u00e9lo de route la plus l\u00e9g\u00e8re, le mod\u00e8le Cat\u00ed, repr\u00e9sente le meilleur de l&#039;ing\u00e9nierie, du design et de l&#039;artisanat espagnols. Avec son poids ultra l\u00e9ger de 80 grammes, ses mat\u00e9riaux de haute qualit\u00e9 et son design ergonomique, c&#039;est le choix id\u00e9al pour les cyclistes cherchant \u00e0 maximiser leurs performances sans compromettre le confort. D\u00e9couvrez la diff\u00e9rence qu&#039;une selle exceptionnellement l\u00e9g\u00e8re fabriqu\u00e9e avec la plus grande pr\u00e9cision peut faire par rapport aux mod\u00e8les similaires de Selle Italia ou Prologo avec des prix nettement plus \u00e9lev\u00e9s.<\/p>\n<p>Faites passer votre cyclisme au niveau sup\u00e9rieur avec la selle la plus l\u00e9g\u00e8re au monde, le mod\u00e8le Cat\u00ed d&#039;Essax.<\/p>","protected":false},"excerpt":{"rendered":"<p>Para los entendidos en ciclismo, o\u00edr hablar del Xorret de Cat\u00ed es hacerlo de un puerto m\u00edtico alicantino, de sus rampas de hasta el 22% de desnivel, de grandes etapas de la Vuelta a Espa\u00f1a, de victorias de gente como AlaPhilippe,\u00a0 Moncouti\u00e9 o el Chava. Pero para los que vivimos cerca es todav\u00eda m\u00e1s que [&hellip;]<\/p>","protected":false},"featured_media":99521,"comment_status":"open","ping_status":"closed","template":"","meta":{"inline_featured_image":false},"product_brand":[],"product_cat":[153],"product_tag":[180,182,179,177,181,178],"class_list":{"0":"post-99518","1":"product","2":"type-product","3":"status-publish","4":"has-post-thumbnail","6":"product_cat-sillines-carretera","7":"product_tag-carbon","8":"product_tag-carbon-fiber","9":"product_tag-carbono","10":"product_tag-cati","11":"product_tag-fibra-de-carbono","12":"product_tag-xorret-de-cati","13":"pa_ancho-128-mm","14":"pa_color-negro-blanco","15":"pa_rail-carbono","17":"first","18":"instock","19":"taxable","20":"shipping-taxable","21":"purchasable","22":"product-type-variable"},"exclude_global_add_ons":[],"addons":[],"_links":{"self":[{"href":"https:\/\/essax.es\/fr\/wp-json\/wp\/v2\/product\/99518"}],"collection":[{"href":"https:\/\/essax.es\/fr\/wp-json\/wp\/v2\/product"}],"about":[{"href":"https:\/\/essax.es\/fr\/wp-json\/wp\/v2\/types\/product"}],"replies":[{"embeddable":true,"href":"https:\/\/essax.es\/fr\/wp-json\/wp\/v2\/comments?post=99518"}],"wp:featuredmedia":[{"embeddable":true,"href":"https:\/\/essax.es\/fr\/wp-json\/wp\/v2\/media\/99521"}],"wp:attachment":[{"href":"https:\/\/essax.es\/fr\/wp-json\/wp\/v2\/media?parent=99518"}],"wp:term":[{"taxonomy":"product_brand","embeddable":true,"href":"https:\/\/essax.es\/fr\/wp-json\/wp\/v2\/product_brand?post=99518"},{"taxonomy":"product_cat","embeddable":true,"href":"https:\/\/essax.es\/fr\/wp-json\/wp\/v2\/product_cat?post=99518"},{"taxonomy":"product_tag","embeddable":true,"href":"https:\/\/essax.es\/fr\/wp-json\/wp\/v2\/product_tag?post=99518"}],"curies":[{"name":"wp","href":"https:\/\/api.w.org\/{rel}","templated":true}]}}