{"id":99559,"date":"2021-10-15T05:27:34","date_gmt":"2021-10-15T05:27:34","guid":{"rendered":"https:\/\/essax.es\/?post_type=product&#038;p=99559"},"modified":"2024-10-14T07:50:02","modified_gmt":"2024-10-14T07:50:02","slug":"adrenaline-tech-cromo","status":"publish","type":"product","link":"https:\/\/essax.es\/fr\/product\/adrenaline-tech-cromo","title":{"rendered":"Selle de v\u00e9lo de route \u2013 Chrome \u2013 190 gr \u2013 Mod."},"content":{"rendered":"<p>Toutes les \u00e9volutions, am\u00e9liorations, tests et retours de professionnels que nous avons re\u00e7us au fil des ann\u00e9es avec notre selle phare Adrenaline R ont \u00e9t\u00e9 utilis\u00e9s jusqu&#039;\u00e0 la derni\u00e8re goutte pour d\u00e9velopper l&#039;Adrenaline Tech ; le mod\u00e8le s\u0153ur avec les m\u00eames caract\u00e9ristiques, mat\u00e9riaux, canal central... mais avec un rembourrage suppl\u00e9mentaire.<\/p>\n<p>Il s&#039;agit toujours d&#039;une selle de route tr\u00e8s technique et avanc\u00e9e, que de nombreux cyclistes utilisent dans les grandes comp\u00e9titions, et qui est sp\u00e9cialement con\u00e7ue pour ceux qui p\u00e9nalisent un peu de l\u00e9g\u00e8ret\u00e9 en \u00e9change de s&#039;asseoir sur une surface l\u00e9g\u00e8rement plus molle. Malgr\u00e9 tout, sa version en titane avec seulement 165 gr. Il r\u00e9siste \u00e0 de nombreux autres mod\u00e8les de course. Donc, en tant que petit fr\u00e8re, rien.<\/p>","protected":false},"excerpt":{"rendered":"<p>Todas las evoluciones, mejoras, tests y feedback de los profesionales que hemos recibido a lo largo de estos a\u00f1os con nuestro sill\u00edn insignia Adrenaline R, han sido aprovechados hasta la \u00faltima gota para desarrollar el Adrenaline Tech; el modelo hermano con las mismas caracter\u00edsticas, materiales, canal central&#8230;pero con un plus de acolchado. Sigue trat\u00e1ndose de [&hellip;]<\/p>","protected":false},"featured_media":99556,"comment_status":"open","ping_status":"closed","template":"","meta":{"inline_featured_image":false},"product_brand":[],"product_cat":[158],"product_tag":[149,187,175,184],"class_list":{"0":"post-99559","1":"product","2":"type-product","3":"status-publish","4":"has-post-thumbnail","6":"product_cat-outlet","7":"product_tag-adrenaline","8":"product_tag-adrenaline-tech","9":"product_tag-carretera","10":"product_tag-road","11":"pa_ancho-132-mm","12":"pa_ancho-142-mm","13":"pa_color-blanco-negro","14":"pa_color-negro-negro","15":"pa_rail-cromo","17":"first","18":"instock","19":"sale","20":"taxable","21":"shipping-taxable","22":"purchasable","23":"product-type-variable"},"exclude_global_add_ons":[],"addons":[],"_links":{"self":[{"href":"https:\/\/essax.es\/fr\/wp-json\/wp\/v2\/product\/99559"}],"collection":[{"href":"https:\/\/essax.es\/fr\/wp-json\/wp\/v2\/product"}],"about":[{"href":"https:\/\/essax.es\/fr\/wp-json\/wp\/v2\/types\/product"}],"replies":[{"embeddable":true,"href":"https:\/\/essax.es\/fr\/wp-json\/wp\/v2\/comments?post=99559"}],"wp:featuredmedia":[{"embeddable":true,"href":"https:\/\/essax.es\/fr\/wp-json\/wp\/v2\/media\/99556"}],"wp:attachment":[{"href":"https:\/\/essax.es\/fr\/wp-json\/wp\/v2\/media?parent=99559"}],"wp:term":[{"taxonomy":"product_brand","embeddable":true,"href":"https:\/\/essax.es\/fr\/wp-json\/wp\/v2\/product_brand?post=99559"},{"taxonomy":"product_cat","embeddable":true,"href":"https:\/\/essax.es\/fr\/wp-json\/wp\/v2\/product_cat?post=99559"},{"taxonomy":"product_tag","embeddable":true,"href":"https:\/\/essax.es\/fr\/wp-json\/wp\/v2\/product_tag?post=99559"}],"curies":[{"name":"wp","href":"https:\/\/api.w.org\/{rel}","templated":true}]}}