{"id":99564,"date":"2020-07-23T05:39:49","date_gmt":"2020-07-23T05:39:49","guid":{"rendered":"https:\/\/essax.es\/?post_type=product&#038;p=99564"},"modified":"2026-03-26T03:52:49","modified_gmt":"2026-03-26T03:52:49","slug":"aitana-carbono","status":"publish","type":"product","link":"https:\/\/essax.es\/fr\/product\/aitana-carbono","title":{"rendered":"Selle de v\u00e9lo \u2013 Carbone \u2013 125 gr. \u2013 Mod.Aitana"},"content":{"rendered":"<p><a href=\"https:\/\/essax.es\/wp-content\/uploads\/2020\/07\/essax-aitana-3-sillin-saddle.jpg\"><img fetchpriority=\"high\" decoding=\"async\" class=\"alignright size-medium wp-image-99570\" src=\"https:\/\/essax.es\/wp-content\/uploads\/2020\/07\/essax-aitana-3-sillin-saddle-300x253.jpg\" alt=\"essax-adrenaline-tech-sillin-bike-saddle-ciclismo-cycling\" width=\"300\" height=\"253\" srcset=\"https:\/\/essax.es\/wp-content\/uploads\/2020\/07\/essax-aitana-3-sillin-saddle-300x253.jpg 300w, https:\/\/essax.es\/wp-content\/uploads\/2020\/07\/essax-aitana-3-sillin-saddle-14x12.jpg 14w, https:\/\/essax.es\/wp-content\/uploads\/2020\/07\/essax-aitana-3-sillin-saddle-768x648.jpg 768w, https:\/\/essax.es\/wp-content\/uploads\/2020\/07\/essax-aitana-3-sillin-saddle-769x649.jpg 769w, https:\/\/essax.es\/wp-content\/uploads\/2020\/07\/essax-aitana-3-sillin-saddle-84x71.jpg 84w, https:\/\/essax.es\/wp-content\/uploads\/2020\/07\/essax-aitana-3-sillin-saddle-200x169.jpg 200w, https:\/\/essax.es\/wp-content\/uploads\/2020\/07\/essax-aitana-3-sillin-saddle-450x380.jpg 450w, https:\/\/essax.es\/wp-content\/uploads\/2020\/07\/essax-aitana-3-sillin-saddle.jpg 800w\" sizes=\"(max-width: 300px) 100vw, 300px\" \/><\/a>Tout pr\u00e8s des 1 557 m\u00e8tres qui couronnent majestueusement le toit de la province d&#039;Alicante, se trouve le port d&#039;Aitana, consid\u00e9r\u00e9 par l&#039;organisation du Tour d&#039;Espagne comme une cat\u00e9gorie sp\u00e9ciale. Et pour \u00eatre \u00e0 la hauteur de son nom, nous avons souhait\u00e9 cr\u00e9er une selle au m\u00eame niveau.<\/p>\n<p>La puret\u00e9 et l&#039;expression minimale prennent la forme d&#039;une selle tr\u00e8s sp\u00e9ciale, con\u00e7ue d\u00e8s le d\u00e9part sans mousse, compos\u00e9e uniquement de tiges, de ch\u00e2ssis et de doublure. Simplicit\u00e9 et \u00e9l\u00e9gance sont d&#039;autres synonymes d&#039;un mod\u00e8le ultra l\u00e9ger, qui a grandement surpris de nombreux cyclistes professionnels et biom\u00e9caniciens renomm\u00e9s pour son excellente adaptabilit\u00e9 \u00e0 notre physionomie.<\/p>","protected":false},"excerpt":{"rendered":"<p>Con\u00e7ue pour les grimpeurs les plus s\u00e9rieux, cette selle ultra-l\u00e9g\u00e8re \u00e9limine le rembourrage pour \u00e9liminer jusqu&#039;au dernier gramme de poids tout en conservant une ergonomie confortable pour passer des heures \u00e0 gravir les cols les plus difficiles.<\/p>\n<p><span style=\"font-size: 14pt;\"><strong>Poids : 125 gr.<\/strong><\/span><br \/>\nRail\u00a0: Carbone<\/p>","protected":false},"featured_media":99571,"comment_status":"open","ping_status":"closed","template":"","meta":{"inline_featured_image":false},"product_brand":[],"product_cat":[158],"product_tag":[188,175,184],"class_list":{"0":"post-99564","1":"product","2":"type-product","3":"status-publish","4":"has-post-thumbnail","6":"product_cat-outlet","7":"product_tag-aitana","8":"product_tag-carretera","9":"product_tag-road","10":"pa_ancho-130-mm","11":"pa_ancho-142-mm","12":"pa_color-negro-negro","13":"pa_rail-carbono","15":"first","16":"instock","17":"taxable","18":"shipping-taxable","19":"purchasable","20":"product-type-variable"},"exclude_global_add_ons":[],"addons":[],"_links":{"self":[{"href":"https:\/\/essax.es\/fr\/wp-json\/wp\/v2\/product\/99564"}],"collection":[{"href":"https:\/\/essax.es\/fr\/wp-json\/wp\/v2\/product"}],"about":[{"href":"https:\/\/essax.es\/fr\/wp-json\/wp\/v2\/types\/product"}],"replies":[{"embeddable":true,"href":"https:\/\/essax.es\/fr\/wp-json\/wp\/v2\/comments?post=99564"}],"wp:featuredmedia":[{"embeddable":true,"href":"https:\/\/essax.es\/fr\/wp-json\/wp\/v2\/media\/99571"}],"wp:attachment":[{"href":"https:\/\/essax.es\/fr\/wp-json\/wp\/v2\/media?parent=99564"}],"wp:term":[{"taxonomy":"product_brand","embeddable":true,"href":"https:\/\/essax.es\/fr\/wp-json\/wp\/v2\/product_brand?post=99564"},{"taxonomy":"product_cat","embeddable":true,"href":"https:\/\/essax.es\/fr\/wp-json\/wp\/v2\/product_cat?post=99564"},{"taxonomy":"product_tag","embeddable":true,"href":"https:\/\/essax.es\/fr\/wp-json\/wp\/v2\/product_tag?post=99564"}],"curies":[{"name":"wp","href":"https:\/\/api.w.org\/{rel}","templated":true}]}}