{"id":99607,"date":"2020-07-23T08:02:17","date_gmt":"2020-07-23T08:02:17","guid":{"rendered":"https:\/\/essax.es\/?post_type=product&#038;p=99607"},"modified":"2026-03-24T10:39:40","modified_gmt":"2026-03-24T10:39:40","slug":"adrenaline-xc-cromo","status":"publish","type":"product","link":"https:\/\/essax.es\/fr\/product\/adrenaline-xc-cromo","title":{"rendered":"Selle de v\u00e9lo \u2013 Chrome \u2013 180 gr. \u2013 Mod.Adr\u00e9naline XC"},"content":{"rendered":"<p>Le produit phare de la marque, mod\u00e8le le plus vendu de notre catalogue au cours de nos 13 ann\u00e9es d&#039;existence, ne pouvait manquer d&#039;avoir sa version pour vtt et gravel.<\/p>\n<p>Au grand nombre de combinaisons en termes de couleurs, de branches et de largeurs, en plus d&#039;une am\u00e9lioration formelle continue ann\u00e9e apr\u00e8s ann\u00e9e comme la version route, il faut ajouter les renforts lat\u00e9raux en Kevlar, pour le prot\u00e9ger des chutes in\u00e9vitables dans ces disciplines et. offrir une dur\u00e9e de vie utile plus longue.<\/p>\n<p>Equip\u00e9 d&#039;un canal central pour lib\u00e9rer une partie de la pression qu&#039;exerce notre poids sur la zone p\u00e9rin\u00e9ale, il est propos\u00e9 en diff\u00e9rentes versions et gammes. De la tige chrom\u00e9e, avec un prix inf\u00e9rieur et un fantastique 180 gr. de poids, \u00e0 l&#039;impressionnante version en fibre de carbone et ses spectaculaires 135 gr.<\/p>","protected":false},"excerpt":{"rendered":"<p>El buque insignia de la marca, el modelo m\u00e1s vendido de nuestro cat\u00e1logo en nuestros 13 a\u00f1os de vida, no pod\u00eda dejar de tener su versi\u00f3n para mtb y gravel. A la gran cantidad de combinaciones en cuanto a colores, varillas y anchos, adem\u00e1s de una continua mejora formal a\u00f1o tras a\u00f1o al igual que [&hellip;]<\/p>","protected":false},"featured_media":99592,"comment_status":"open","ping_status":"closed","template":"","meta":{"inline_featured_image":false},"product_brand":[],"product_cat":[158],"product_tag":[149,189,193,192,191,190],"class_list":{"0":"post-99607","1":"product","2":"type-product","3":"status-publish","4":"has-post-thumbnail","6":"product_cat-outlet","7":"product_tag-adrenaline","8":"product_tag-adrenaline-xc","9":"product_tag-ciclocross","10":"product_tag-gravel","11":"product_tag-mtb","12":"product_tag-xc","13":"pa_ancho-130-mm","14":"pa_ancho-142-mm","15":"pa_color-negro-negro","16":"pa_color-negro-blanco","17":"pa_color-negro-rojo","18":"pa_rail-cromo","20":"first","21":"instock","22":"sale","23":"taxable","24":"shipping-taxable","25":"purchasable","26":"product-type-variable"},"exclude_global_add_ons":[],"addons":[],"_links":{"self":[{"href":"https:\/\/essax.es\/fr\/wp-json\/wp\/v2\/product\/99607"}],"collection":[{"href":"https:\/\/essax.es\/fr\/wp-json\/wp\/v2\/product"}],"about":[{"href":"https:\/\/essax.es\/fr\/wp-json\/wp\/v2\/types\/product"}],"replies":[{"embeddable":true,"href":"https:\/\/essax.es\/fr\/wp-json\/wp\/v2\/comments?post=99607"}],"wp:featuredmedia":[{"embeddable":true,"href":"https:\/\/essax.es\/fr\/wp-json\/wp\/v2\/media\/99592"}],"wp:attachment":[{"href":"https:\/\/essax.es\/fr\/wp-json\/wp\/v2\/media?parent=99607"}],"wp:term":[{"taxonomy":"product_brand","embeddable":true,"href":"https:\/\/essax.es\/fr\/wp-json\/wp\/v2\/product_brand?post=99607"},{"taxonomy":"product_cat","embeddable":true,"href":"https:\/\/essax.es\/fr\/wp-json\/wp\/v2\/product_cat?post=99607"},{"taxonomy":"product_tag","embeddable":true,"href":"https:\/\/essax.es\/fr\/wp-json\/wp\/v2\/product_tag?post=99607"}],"curies":[{"name":"wp","href":"https:\/\/api.w.org\/{rel}","templated":true}]}}