{"id":99667,"date":"2020-07-23T09:16:01","date_gmt":"2020-07-23T09:16:01","guid":{"rendered":"https:\/\/essax.es\/?post_type=product&#038;p=99667"},"modified":"2024-10-14T07:50:07","modified_gmt":"2024-10-14T07:50:07","slug":"oahu-2","status":"publish","type":"product","link":"https:\/\/essax.es\/fr\/product\/oahu-2","title":{"rendered":"Selle Oahu \u2013 Chrome \u2013 195 gr."},"content":{"rendered":"<p><a href=\"https:\/\/essax.es\/wp-content\/uploads\/2020\/07\/essax-oahu-3-sillin-saddle.jpg\"><img fetchpriority=\"high\" decoding=\"async\" class=\"alignright size-medium wp-image-99656\" src=\"https:\/\/essax.es\/wp-content\/uploads\/2020\/07\/essax-oahu-3-sillin-saddle-300x253.jpg\" alt=\"essax-oahu-sillin-bike-saddle-triathlon-triatlon-ironman\" width=\"300\" height=\"253\" srcset=\"https:\/\/essax.es\/wp-content\/uploads\/2020\/07\/essax-oahu-3-sillin-saddle-300x253.jpg 300w, https:\/\/essax.es\/wp-content\/uploads\/2020\/07\/essax-oahu-3-sillin-saddle-14x12.jpg 14w, https:\/\/essax.es\/wp-content\/uploads\/2020\/07\/essax-oahu-3-sillin-saddle-768x648.jpg 768w, https:\/\/essax.es\/wp-content\/uploads\/2020\/07\/essax-oahu-3-sillin-saddle-769x649.jpg 769w, https:\/\/essax.es\/wp-content\/uploads\/2020\/07\/essax-oahu-3-sillin-saddle-84x71.jpg 84w, https:\/\/essax.es\/wp-content\/uploads\/2020\/07\/essax-oahu-3-sillin-saddle-200x169.jpg 200w, https:\/\/essax.es\/wp-content\/uploads\/2020\/07\/essax-oahu-3-sillin-saddle-450x380.jpg 450w, https:\/\/essax.es\/wp-content\/uploads\/2020\/07\/essax-oahu-3-sillin-saddle.jpg 800w\" sizes=\"(max-width: 300px) 100vw, 300px\" \/><\/a>Au pied de volcans endormis, sur des routes interminables entour\u00e9es de champs de lave p\u00e9trifi\u00e9e, et sous un soleil et une humidit\u00e9 de justice, la l\u00e9gende de l&#039;Ironman est n\u00e9e en 1978. Sans le vouloir, un nouveau sport venait d&#039;\u00eatre invent\u00e9 ; le triathlon.<\/p>\n<p>Oahu, l&#039;\u00eele hawa\u00efenne o\u00f9 s&#039;est d\u00e9roul\u00e9 le premier secteur cycliste de l&#039;histoire, donne son nom \u00e0 notre nouvelle selle pour cette modalit\u00e9.<\/p>\n<p>Il poss\u00e8de une pointe plus large, pour une plus grande surface d&#039;appui en position Aero, ainsi qu&#039;un espace anti-prostatique dans la pointe pour rel\u00e2cher la pression dans la zone p\u00e9rin\u00e9ale.<\/p>\n<p>Test\u00e9 par\u00a0<a href=\"http:\/\/www.aero-coach.co.uk\/\" target=\"_blank\" rel=\"noopener\">A\u00e9rocoach<\/a>, d\u00e9velopp\u00e9 par\u00a0<a href=\"http:\/\/custom4.us\/\" target=\"_blank\" rel=\"noopener\">Custom4.us<\/a> et fabriqu\u00e9 par Essax.<\/p>\n<ul class=\"list-style list-style-7 list-style7-1\">\n<li>C&#039;est l&#039;une des selles qui offre une plus grande stabilit\u00e9 au bassin gr\u00e2ce \u00e0 sa conception pr\u00e9c\u00e9dente, r\u00e9duisant consid\u00e9rablement le CDA du cavalier.<\/li>\n<li>Sa forme ergonomique innovante ralentit la rotation de l&#039;ischion sans exercer de pression excessive sur le p\u00e9rin\u00e9e.<\/li>\n<li>La pointe plus large avec canal anti-prostatique permet une position classique optimale sans couplage, ce qui am\u00e9liore les performances sur les pentes.<\/li>\n<\/ul>","protected":false},"excerpt":{"rendered":"<p>Fabriqu\u00e9 pour le triathlon et le contre-la-montre, son ergonomie avec un nez extr\u00eamement large permet au cycliste de maintenir confortablement une bonne position a\u00e9rodynamique pendant des heures, en maximisant les watts. \u00ab Plus de watts, moins de vent \u00bb<\/p>\n<p><span style=\"font-size: 14pt;\"><strong>Poids : 195 gr.<\/strong><\/span><br \/>\nRail\u00a0: chrom\u00e9<\/p>","protected":false},"featured_media":99664,"comment_status":"open","ping_status":"closed","template":"","meta":{"inline_featured_image":false},"product_brand":[],"product_cat":[156],"product_tag":[198,201,200,199],"class_list":{"0":"post-99667","1":"product","2":"type-product","3":"status-publish","4":"has-post-thumbnail","6":"product_cat-triatlon-contrarreloj","7":"product_tag-oahu","8":"product_tag-tri","9":"product_tag-triathlon","10":"product_tag-triatlon","11":"pa_ancho-140-mm","12":"pa_color-blanco-negro","13":"pa_color-negro-negro","14":"pa_color-negro-blanco","15":"pa_rail-cromo","17":"first","18":"instock","19":"taxable","20":"shipping-taxable","21":"purchasable","22":"product-type-variable"},"exclude_global_add_ons":[],"addons":[],"_links":{"self":[{"href":"https:\/\/essax.es\/fr\/wp-json\/wp\/v2\/product\/99667"}],"collection":[{"href":"https:\/\/essax.es\/fr\/wp-json\/wp\/v2\/product"}],"about":[{"href":"https:\/\/essax.es\/fr\/wp-json\/wp\/v2\/types\/product"}],"replies":[{"embeddable":true,"href":"https:\/\/essax.es\/fr\/wp-json\/wp\/v2\/comments?post=99667"}],"wp:featuredmedia":[{"embeddable":true,"href":"https:\/\/essax.es\/fr\/wp-json\/wp\/v2\/media\/99664"}],"wp:attachment":[{"href":"https:\/\/essax.es\/fr\/wp-json\/wp\/v2\/media?parent=99667"}],"wp:term":[{"taxonomy":"product_brand","embeddable":true,"href":"https:\/\/essax.es\/fr\/wp-json\/wp\/v2\/product_brand?post=99667"},{"taxonomy":"product_cat","embeddable":true,"href":"https:\/\/essax.es\/fr\/wp-json\/wp\/v2\/product_cat?post=99667"},{"taxonomy":"product_tag","embeddable":true,"href":"https:\/\/essax.es\/fr\/wp-json\/wp\/v2\/product_tag?post=99667"}],"curies":[{"name":"wp","href":"https:\/\/api.w.org\/{rel}","templated":true}]}}