{"id":99694,"date":"2020-07-23T14:39:36","date_gmt":"2020-07-23T14:39:36","guid":{"rendered":"https:\/\/essax.es\/?post_type=product&#038;p=99694"},"modified":"2025-10-24T09:22:27","modified_gmt":"2025-10-24T09:22:27","slug":"sac","status":"publish","type":"product","link":"https:\/\/essax.es\/fr\/product\/sac","title":{"rendered":"Sac de selle \u2013 Acier \u2013 290 gr."},"content":{"rendered":"<p>Lorsque la possibilit\u00e9 de d\u00e9velopper ce mod\u00e8le a \u00e9t\u00e9 mise sur la table, nous \u00e9tions clairs d\u00e8s le d\u00e9but qu&#039;il ne s&#039;agirait pas d&#039;une selle ordinaire, comme \u00e7a.<\/p>\n<p>Sac est une ode \u00e0 l\u2019artisanat pur et un hommage au design post-industriel. L&#039;utilisation d&#039;un tissu de sac non trait\u00e9, l&#039;inclusion de rivets et la gravure au feu du logo avec une typographie rappelant les sacs de caf\u00e9 classiques, en font une pi\u00e8ce unique avec son propre caract\u00e8re. Un composant pour ceux qui ne laissent aucun d\u00e9tail au hasard.<\/p>","protected":false},"excerpt":{"rendered":"<p>Cuando se puso encima de la mesa la posibilidad de desarrollar este modelo, desde el principio tuvimos claro que no iba a ser un sill\u00edn al uso, sin m\u00e1s. Sac es una oda a la artesan\u00eda pura y un homenaje al dise\u00f1o postindustrial. La utilizaci\u00f3n de un tejido de saco sin tratar, la inclusi\u00f3n de [&hellip;]<\/p>","protected":false},"featured_media":99697,"comment_status":"open","ping_status":"closed","template":"","meta":{"inline_featured_image":false},"product_brand":[],"product_cat":[157],"product_tag":[204,205,211,212,203],"class_list":{"0":"post-99694","1":"product","2":"type-product","3":"status-publish","4":"has-post-thumbnail","6":"product_cat-urban","7":"product_tag-city","8":"product_tag-ciudad","9":"product_tag-sac","10":"product_tag-saco","11":"product_tag-urban","12":"pa_ancho-132-mm","13":"pa_rail-acero","15":"first","16":"instock","17":"taxable","18":"shipping-taxable","19":"purchasable","20":"product-type-variable"},"exclude_global_add_ons":[],"addons":[],"_links":{"self":[{"href":"https:\/\/essax.es\/fr\/wp-json\/wp\/v2\/product\/99694"}],"collection":[{"href":"https:\/\/essax.es\/fr\/wp-json\/wp\/v2\/product"}],"about":[{"href":"https:\/\/essax.es\/fr\/wp-json\/wp\/v2\/types\/product"}],"replies":[{"embeddable":true,"href":"https:\/\/essax.es\/fr\/wp-json\/wp\/v2\/comments?post=99694"}],"wp:featuredmedia":[{"embeddable":true,"href":"https:\/\/essax.es\/fr\/wp-json\/wp\/v2\/media\/99697"}],"wp:attachment":[{"href":"https:\/\/essax.es\/fr\/wp-json\/wp\/v2\/media?parent=99694"}],"wp:term":[{"taxonomy":"product_brand","embeddable":true,"href":"https:\/\/essax.es\/fr\/wp-json\/wp\/v2\/product_brand?post=99694"},{"taxonomy":"product_cat","embeddable":true,"href":"https:\/\/essax.es\/fr\/wp-json\/wp\/v2\/product_cat?post=99694"},{"taxonomy":"product_tag","embeddable":true,"href":"https:\/\/essax.es\/fr\/wp-json\/wp\/v2\/product_tag?post=99694"}],"curies":[{"name":"wp","href":"https:\/\/api.w.org\/{rel}","templated":true}]}}