{"id":99864,"date":"2020-08-03T06:41:56","date_gmt":"2020-08-03T06:41:56","guid":{"rendered":"https:\/\/essax.es\/?post_type=product&#038;p=99864"},"modified":"2024-08-26T08:33:31","modified_gmt":"2024-08-26T08:33:31","slug":"singel-cromo-2","status":"publish","type":"product","link":"https:\/\/essax.es\/fr\/product\/singel-cromo-2","title":{"rendered":"Selle de v\u00e9lo de route \u2013 Chrome \u2013 220 gr. \u2013 Mod."},"content":{"rendered":"<p>C&#039;\u00e9tait en 2017, et \u00e0 cette \u00e9poque nous avions le privil\u00e8ge d&#039;\u00eatre collaboratrices de l&#039;une des meilleures \u00e9quipes f\u00e9minines du pays, l&#039;\u00e9quipe Lointek. \u00c0 cette \u00e9poque, nous avions \u00e9galement sur la table un projet de selle sp\u00e9cifique pour les femmes, nous n&#039;avons donc pas vraiment pens\u00e9 \u00e0 demander de l&#039;aide aux filles de l&#039;\u00e9quipe pour le d\u00e9velopper. Et du r\u00e9sultat de cette collaboration est n\u00e9 le mod\u00e8le Singel.<\/p>\n<p>Ignorant les faux mythes sur la plus grande largeur des ischions chez les femmes, nous avons d\u00e9cid\u00e9 de cr\u00e9er un mod\u00e8le d&#039;une largeur standard de 142 mm. Oui, nous avons pris en compte d&#039;autres aspects de leur physionomie, qui a toujours eu tendance \u00e0 provoquer des affections g\u00e9nitales avec les selles classiques. Pour cette raison, au Singel, nous avons soigneusement \u00e9tudi\u00e9 les mesures du canal central, con\u00e7u pour rel\u00e2cher partiellement la pression dans cette zone.<\/p>\n<h4>Qualit\u00e9 et \u00e9conomie en parfaite harmonie<\/h4>\n<p>Nous vous pr\u00e9sentons la Selle de V\u00e9lo de Route \u2013 Chrome \u2013 220 gr. \u2013 Mod. Singel, la selle chrom\u00e9e la plus \u00e9conomique du march\u00e9. Fabriqu\u00e9 \u00e0 la main en Espagne, ce mod\u00e8le allie savoir-faire de haute qualit\u00e9 et design minutieux pour offrir une exp\u00e9rience cycliste in\u00e9gal\u00e9e \u00e0 un prix abordable.<\/p>\n<h4>Performances comparables aux marques haut de gamme<\/h4>\n<p>La selle Singel se distingue par ses performances \u00e9quivalentes \u00e0 celles de mod\u00e8les de marques reconnues telles que Selle Italia ou Prologo, mais \u00e0 une fraction du prix. Cela est d\u00fb \u00e0 notre engagement envers l&#039;excellence et l&#039;innovation, nous permettant d&#039;offrir un produit qui non seulement rivalise, mais d\u00e9passe les attentes en termes de confort, de durabilit\u00e9 et de performance.<\/p>\n<h4>Fait main<\/h4>\n<p>Chaque selle Singel est fabriqu\u00e9e \u00e0 la main par des artisans experts dans nos installations en Espagne. Ce processus manuel garantit un niveau de d\u00e9tail et de soin qui ne peut \u00eatre atteint avec une production de masse. Le r\u00e9sultat est une selle non seulement fonctionnelle, mais aussi une \u0153uvre d&#039;art en termes de design et de qualit\u00e9.<\/p>\n<h4>Mat\u00e9riaux de haute qualit\u00e9<\/h4>\n<p>Nous utilisons du chrome \u00e0 haute r\u00e9sistance pour les rails de selle, offrant un excellent rapport poids\/durabilit\u00e9. Avec seulement 220 grammes, le Singel est l\u00e9ger, ce qui le rend id\u00e9al pour les cyclistes sur route cherchant \u00e0 optimiser leurs performances sans sacrifier le confort ou la solidit\u00e9.<\/p>\n<h4>Confort et Ergonomie<\/h4>\n<p>Le design du Singel a \u00e9t\u00e9 soigneusement d\u00e9velopp\u00e9 pour offrir un maximum de confort pendant les longues journ\u00e9es de p\u00e9dalage. La mousse haute densit\u00e9 s&#039;adapte parfaitement \u00e0 l&#039;anatomie du cycliste, r\u00e9partissant uniform\u00e9ment la pression et r\u00e9duisant les points douloureux. De plus, la housse en microfibre antid\u00e9rapante garantit que vous maintenez une position stable \u00e0 tout moment.<\/p>\n<h4>Innovation et technologie<\/h4>\n<p>La selle Singel offre non seulement un excellent rapport qualit\u00e9-prix, mais int\u00e8gre \u00e9galement les derni\u00e8res innovations en mati\u00e8re de conception ergonomique et de technologie des mat\u00e9riaux. La structure interne et les rails chrom\u00e9s sont con\u00e7us pour r\u00e9sister aux conditions les plus exigeantes, garantissant que la selle conserve sa forme et sa fonctionnalit\u00e9 dans le temps.<\/p>\n<h4>Durabilit\u00e9 et responsabilit\u00e9<\/h4>\n<p>En choisissant la selle Singel, vous investissez non seulement dans un produit de haute qualit\u00e9, mais aussi dans une option plus durable. Notre fabrication locale en Espagne r\u00e9duit l&#039;empreinte carbone associ\u00e9e au transport et soutient l&#039;\u00e9conomie locale.<\/p>\n<h3>conclusion<\/h3>\n<p>La Selle de V\u00e9lo de Route \u2013 Chrome \u2013 220 gr. \u2013 Mod. Singel est l&#039;option parfaite pour les cyclistes \u00e0 la recherche d&#039;un produit de haute qualit\u00e9 sans le co\u00fbt \u00e9lev\u00e9 associ\u00e9 aux marques haut de gamme. Avec une fabrication artisanale, des mat\u00e9riaux haut de gamme et une conception ergonomique avanc\u00e9e, le Singel est pr\u00eat \u00e0 faire passer votre exp\u00e9rience cycliste au niveau sup\u00e9rieur. D\u00e9couvrez l&#039;\u00e9quilibre parfait entre \u00e9conomie et performance avec la selle Singel !<\/p>","protected":false},"excerpt":{"rendered":"<p>Corr\u00eda el a\u00f1o 2017, y ten\u00edamos en ese momento el privilegio de ser colaboradores de uno de los mejores equipos femeninos del pa\u00eds, el Lointek Team. Por esos d\u00edas tambi\u00e9n ten\u00edamos encima de la mesa un proyecto de sill\u00edn espec\u00edfico para mujeres, as\u00ed que no nos lo pensamos mucho a la hora de pedirle ayuda [&hellip;]<\/p>","protected":false},"featured_media":99866,"comment_status":"open","ping_status":"closed","template":"","meta":{"inline_featured_image":false},"product_brand":[],"product_cat":[158],"product_tag":[175,176,174],"class_list":{"0":"post-99864","1":"product","2":"type-product","3":"status-publish","4":"has-post-thumbnail","6":"product_cat-outlet","7":"product_tag-carretera","8":"product_tag-femenino","9":"product_tag-singel","10":"pa_ancho-140-mm","11":"pa_color-blanco-negro","12":"pa_color-negro-blanco","13":"pa_color-negro-rojo","14":"pa_color-rosa","15":"pa_rail-cromo","17":"first","18":"instock","19":"sale","20":"taxable","21":"shipping-taxable","22":"purchasable","23":"product-type-variable"},"exclude_global_add_ons":[],"addons":[],"_links":{"self":[{"href":"https:\/\/essax.es\/fr\/wp-json\/wp\/v2\/product\/99864"}],"collection":[{"href":"https:\/\/essax.es\/fr\/wp-json\/wp\/v2\/product"}],"about":[{"href":"https:\/\/essax.es\/fr\/wp-json\/wp\/v2\/types\/product"}],"replies":[{"embeddable":true,"href":"https:\/\/essax.es\/fr\/wp-json\/wp\/v2\/comments?post=99864"}],"wp:featuredmedia":[{"embeddable":true,"href":"https:\/\/essax.es\/fr\/wp-json\/wp\/v2\/media\/99866"}],"wp:attachment":[{"href":"https:\/\/essax.es\/fr\/wp-json\/wp\/v2\/media?parent=99864"}],"wp:term":[{"taxonomy":"product_brand","embeddable":true,"href":"https:\/\/essax.es\/fr\/wp-json\/wp\/v2\/product_brand?post=99864"},{"taxonomy":"product_cat","embeddable":true,"href":"https:\/\/essax.es\/fr\/wp-json\/wp\/v2\/product_cat?post=99864"},{"taxonomy":"product_tag","embeddable":true,"href":"https:\/\/essax.es\/fr\/wp-json\/wp\/v2\/product_tag?post=99864"}],"curies":[{"name":"wp","href":"https:\/\/api.w.org\/{rel}","templated":true}]}}