{"id":99877,"date":"2020-08-03T06:58:03","date_gmt":"2020-08-03T06:58:03","guid":{"rendered":"https:\/\/essax.es\/?post_type=product&#038;p=99877"},"modified":"2024-07-22T08:51:29","modified_gmt":"2024-07-22T08:51:29","slug":"mx-r-acero-2","status":"publish","type":"product","link":"https:\/\/essax.es\/fr\/product\/mx-r-acero-2","title":{"rendered":"Selle de v\u00e9lo \u2013 Acier \u2013 270 gr. \u2013Mod.MXR"},"content":{"rendered":"<p>Absolument tous ceux d&#039;entre nous qui pratiquent le cyclisme \u00e9taient \u00e0 un moment donn\u00e9 nouveaux dans ce domaine, et nous commencerions s\u00fbrement par des v\u00e9los et des composants moins chers, mais qui nous rendaient tout aussi heureux et avec lesquels nous aimions le plus p\u00e9daler, ce qui est en fin de compte .de quoi s&#039;agit-il.<\/p>\n<p>Sous le nom de MX, nous appelons nos mod\u00e8les de base, con\u00e7us sp\u00e9cialement pour ceux qui d\u00e9butent dans ce merveilleux sport, pour qui un poids plus important n&#039;est pas un inconv\u00e9nient, ou simplement pour que leurs poches ne souffrent pas excessivement.<\/p>\n<p>Mais attention, ne vous y trompez pas si vous pensez que la qualit\u00e9 va en souffrir. Les MX, comme les autres mod\u00e8les haut de gamme, sont fabriqu\u00e9es \u00e0 la main en Espagne, un par un, elles b\u00e9n\u00e9ficient des m\u00eames am\u00e9liorations et avanc\u00e9es, et disposent de composants et de mat\u00e9riaux tr\u00e8s similaires. Ils vous surprendront !<\/p>","protected":false},"excerpt":{"rendered":"<p>Absolutamente todos los que practicamos ciclismo fuimos en alg\u00fan momento novatos en esto, y seguramente nos iniciar\u00edamos con bicicletas y componentes m\u00e1s econ\u00f3micos, pero que nos hicieron igual de felices y con los que disfrutamos al m\u00e1ximo dando pedales, que es al fin y al cabo de lo que se trata. Bajo el nombre de [&hellip;]<\/p>","protected":false},"featured_media":99879,"comment_status":"open","ping_status":"closed","template":"","meta":{"inline_featured_image":false},"product_brand":[],"product_cat":[158],"product_tag":[175,196,197,184],"class_list":{"0":"post-99877","1":"product","2":"type-product","3":"status-publish","4":"has-post-thumbnail","6":"product_cat-outlet","7":"product_tag-carretera","8":"product_tag-mx","9":"product_tag-mx-r","10":"product_tag-road","11":"pa_ancho-132-mm","12":"pa_color-blanco-negro","13":"pa_rail-acero","15":"first","16":"instock","17":"sale","18":"taxable","19":"shipping-taxable","20":"purchasable","21":"product-type-variable"},"exclude_global_add_ons":[],"addons":[],"_links":{"self":[{"href":"https:\/\/essax.es\/fr\/wp-json\/wp\/v2\/product\/99877"}],"collection":[{"href":"https:\/\/essax.es\/fr\/wp-json\/wp\/v2\/product"}],"about":[{"href":"https:\/\/essax.es\/fr\/wp-json\/wp\/v2\/types\/product"}],"replies":[{"embeddable":true,"href":"https:\/\/essax.es\/fr\/wp-json\/wp\/v2\/comments?post=99877"}],"wp:featuredmedia":[{"embeddable":true,"href":"https:\/\/essax.es\/fr\/wp-json\/wp\/v2\/media\/99879"}],"wp:attachment":[{"href":"https:\/\/essax.es\/fr\/wp-json\/wp\/v2\/media?parent=99877"}],"wp:term":[{"taxonomy":"product_brand","embeddable":true,"href":"https:\/\/essax.es\/fr\/wp-json\/wp\/v2\/product_brand?post=99877"},{"taxonomy":"product_cat","embeddable":true,"href":"https:\/\/essax.es\/fr\/wp-json\/wp\/v2\/product_cat?post=99877"},{"taxonomy":"product_tag","embeddable":true,"href":"https:\/\/essax.es\/fr\/wp-json\/wp\/v2\/product_tag?post=99877"}],"curies":[{"name":"wp","href":"https:\/\/api.w.org\/{rel}","templated":true}]}}