{"id":100794,"date":"2020-09-03T10:12:03","date_gmt":"2020-09-03T10:12:03","guid":{"rendered":"https:\/\/essax.es\/?page_id=100794"},"modified":"2024-01-24T10:51:27","modified_gmt":"2024-01-24T10:51:27","slug":"guia-para-elegir-sillin","status":"publish","type":"page","link":"https:\/\/essax.es\/it\/guia-para-elegir-sillin","title":{"rendered":"Guida alla scelta della sella"},"content":{"rendered":"<p>Scegliere la taglia corretta quando acquistiamo una bicicletta \u00e8 qualcosa che abbiamo completamente interiorizzato, conoscendo l&#039;importanza che ci\u00f2 comporta successivamente durante l&#039;utilizzo. Ma non si pu\u00f2 dire lo stesso della sella, un componente che molti considerano secondario, e di cui molti addirittura non sanno che pu\u00f2 essere acquistato in diverse larghezze.<\/p>\n<p>Anche se non ne siamo del tutto consapevoli, quando pedaliamo sosteniamo il 60% con il nostro peso sulla sella, il che, sommato al suo utilizzo continuo per ore, rende assolutamente indispensabile selezionare attentamente quello pi\u00f9 adatto a noi.<\/p>\n<p><strong>Non illudiamoci; NON esiste una sella ideale adatta a tutti. Questa \u00e8 una leggenda metropolitana.<\/strong> Lo stesso modello pu\u00f2 essere il preferito per alcuni, e un vero e proprio strumento di tortura per altri, per il semplice motivo che non tutti i corpi sono uguali. \u00c8 qui che la nostra fisionomia, il nostro uso e la nostra postura durante la pedalata ci daranno informazioni sufficienti per fare la nostra scelta.<\/p>\n<p><span style=\"font-size: 18pt;\"><strong>La larghezza delle selle<\/strong><\/span><\/p>\n<p>L&#039;utilizzo di una sella troppo stretta pu\u00f2 provocare un&#039;eccessiva pressione nella zona perineale, con conseguente interruzione del flusso sanguigno. Ma uno troppo largo causer\u00e0 attriti che renderanno la nostra pedalata molto pi\u00f9 scomoda e inefficiente. Soluzione? Determina la nostra larghezza ideale.<\/p>\n<p>Il motivo principale della nostra scelta sar\u00e0 segnato dalla larghezza delle nostre ossa ischiatiche, anche se non dobbiamo tralasciare altri fattori come il tipo di utilizzo che diamo alla sella (strada, mtb, triathlon...), e la postura che adottiamo. di solito adottiamo quando andiamo in bicicletta.<\/p>\n<p><span style=\"font-size: 18pt;\"><strong>Cosa sono gli ischi?<\/strong><\/span><\/p>\n<p><a href=\"https:\/\/essax.es\/wp-content\/uploads\/2020\/10\/isquiones-sillines-essax-01.jpg\"><img fetchpriority=\"high\" decoding=\"async\" class=\"aligncenter wp-image-100836 size-full\" src=\"https:\/\/essax.es\/wp-content\/uploads\/2020\/10\/isquiones-sillines-essax-01.jpg\" alt=\"\" width=\"596\" height=\"674\" srcset=\"https:\/\/essax.es\/wp-content\/uploads\/2020\/10\/isquiones-sillines-essax-01.jpg 596w, https:\/\/essax.es\/wp-content\/uploads\/2020\/10\/isquiones-sillines-essax-01-11x12.jpg 11w, https:\/\/essax.es\/wp-content\/uploads\/2020\/10\/isquiones-sillines-essax-01-265x300.jpg 265w, https:\/\/essax.es\/wp-content\/uploads\/2020\/10\/isquiones-sillines-essax-01-84x95.jpg 84w, https:\/\/essax.es\/wp-content\/uploads\/2020\/10\/isquiones-sillines-essax-01-200x226.jpg 200w, https:\/\/essax.es\/wp-content\/uploads\/2020\/10\/isquiones-sillines-essax-01-450x509.jpg 450w\" sizes=\"(max-width: 596px) 100vw, 596px\" \/><\/a>Gli ischi si trovano nella parte inferiore dell&#039;anca e hanno il compito di sostenere il nostro corpo quando siamo seduti, oltre ad essere uniti all&#039;ileo e al pube per creare l&#039;insieme dell&#039;anca.<\/p>\n<p>Quest&#039;ultimo \u00e8 molto soggetto a danni e infortuni, per questo \u00e8 fondamentale garantire che l&#039;appoggio dell&#039;ischio sia perfetto, soprattutto in quei ciclisti che svolgono allenamenti di molti chilometri.<\/p>\n<p><span style=\"font-size: 18pt;\"><strong>Come vengono misurate le ossa del sedere?<\/strong><\/span><\/p>\n<p>Sebbene un tecnico biomeccanico sia la soluzione migliore per sapere qual \u00e8 la larghezza delle tue ossa ischiatiche, ti insegneremo un metodo casalingo, ma abbastanza preciso, che possiamo eseguire a casa con materiali che tutti possiamo avere a portata di mano.<\/p>\n<p><a href=\"https:\/\/essax.es\/wp-content\/uploads\/2020\/10\/herramientas-medicion-isquiones-essax.jpg\"><img decoding=\"async\" class=\"size-full wp-image-100839 aligncenter\" src=\"https:\/\/essax.es\/wp-content\/uploads\/2020\/10\/herramientas-medicion-isquiones-essax.jpg\" alt=\"\" width=\"789\" height=\"149\" srcset=\"https:\/\/essax.es\/wp-content\/uploads\/2020\/10\/herramientas-medicion-isquiones-essax.jpg 789w, https:\/\/essax.es\/wp-content\/uploads\/2020\/10\/herramientas-medicion-isquiones-essax-18x3.jpg 18w, https:\/\/essax.es\/wp-content\/uploads\/2020\/10\/herramientas-medicion-isquiones-essax-300x57.jpg 300w, https:\/\/essax.es\/wp-content\/uploads\/2020\/10\/herramientas-medicion-isquiones-essax-768x145.jpg 768w, https:\/\/essax.es\/wp-content\/uploads\/2020\/10\/herramientas-medicion-isquiones-essax-769x145.jpg 769w, https:\/\/essax.es\/wp-content\/uploads\/2020\/10\/herramientas-medicion-isquiones-essax-84x16.jpg 84w, https:\/\/essax.es\/wp-content\/uploads\/2020\/10\/herramientas-medicion-isquiones-essax-200x38.jpg 200w, https:\/\/essax.es\/wp-content\/uploads\/2020\/10\/herramientas-medicion-isquiones-essax-450x85.jpg 450w\" sizes=\"(max-width: 789px) 100vw, 789px\" \/><\/a>Abbiamo bisogno di quanto segue:<\/p>\n<p>\u00b7 Un pezzo di cartone ondulato (quello con lo strato centrale ondulato)<\/p>\n<p>\u00b7 Gesso bianco<\/p>\n<p>\u00b7 Penna o matita<\/p>\n<p>\u00b7        Una regola<\/p>\n<p>Con tutto ci\u00f2, procediamo come segue:<\/p>\n<p><strong>1.<\/strong>\u00a0\u00a0\u00a0\u00a0\u00a0\u00a0 Idealmente, dovremmo fare il test indossando delle calze da ciclista, che sono un materiale molto sottile, e senza dubbio aiuteranno i segni sulle nostre ossa ischiatiche a riflettersi meglio sul cartone.<\/p>\n<p><strong>2.<\/strong>\u00a0\u00a0\u00a0\u00a0\u00a0\u00a0 Posizioniamo il pezzo di cartone su una sedia o uno sgabello, tenendo conto che si tratta di una superficie completamente piana e dura.<br \/>\n<strong><br \/>\n3.<\/strong>\u00a0\u00a0\u00a0\u00a0\u00a0\u00a0 Siediti sul pezzo di cartone, mantieni la schiena dritta e solleva le dita dei piedi. Mantieni questa postura per almeno un paio di minuti.<\/p>\n<p><strong><a href=\"https:\/\/essax.es\/wp-content\/uploads\/2020\/10\/prueba-isquiones-essax.jpg\"><img decoding=\"async\" class=\"aligncenter wp-image-100841 size-medium\" src=\"https:\/\/essax.es\/wp-content\/uploads\/2020\/10\/prueba-isquiones-essax-137x300.jpg\" alt=\"\" width=\"137\" height=\"300\" srcset=\"https:\/\/essax.es\/wp-content\/uploads\/2020\/10\/prueba-isquiones-essax-137x300.jpg 137w, https:\/\/essax.es\/wp-content\/uploads\/2020\/10\/prueba-isquiones-essax-5x12.jpg 5w, https:\/\/essax.es\/wp-content\/uploads\/2020\/10\/prueba-isquiones-essax-84x183.jpg 84w, https:\/\/essax.es\/wp-content\/uploads\/2020\/10\/prueba-isquiones-essax-200x437.jpg 200w, https:\/\/essax.es\/wp-content\/uploads\/2020\/10\/prueba-isquiones-essax.jpg 266w\" sizes=\"(max-width: 137px) 100vw, 137px\" \/><\/a><\/strong><\/p>\n<p><strong>4.<\/strong>\u00a0\u00a0\u00a0\u00a0\u00a0\u00a0 Colora il cartoncino con il gesso bianco. Con questo percepirai gi\u00e0 i due segni che saranno stati lasciati quando si sostenevano le ossa del sedere.<\/p>\n<p><strong><a href=\"https:\/\/essax.es\/wp-content\/uploads\/2020\/10\/prueba-isquiones-essax-2.jpg\"><img loading=\"lazy\" decoding=\"async\" class=\"aligncenter wp-image-100843 size-medium\" src=\"https:\/\/essax.es\/wp-content\/uploads\/2020\/10\/prueba-isquiones-essax-2-300x271.jpg\" alt=\"\" width=\"300\" height=\"271\" srcset=\"https:\/\/essax.es\/wp-content\/uploads\/2020\/10\/prueba-isquiones-essax-2-300x271.jpg 300w, https:\/\/essax.es\/wp-content\/uploads\/2020\/10\/prueba-isquiones-essax-2-13x12.jpg 13w, https:\/\/essax.es\/wp-content\/uploads\/2020\/10\/prueba-isquiones-essax-2-84x76.jpg 84w, https:\/\/essax.es\/wp-content\/uploads\/2020\/10\/prueba-isquiones-essax-2-200x181.jpg 200w, https:\/\/essax.es\/wp-content\/uploads\/2020\/10\/prueba-isquiones-essax-2-450x407.jpg 450w, https:\/\/essax.es\/wp-content\/uploads\/2020\/10\/prueba-isquiones-essax-2.jpg 490w\" sizes=\"(max-width: 300px) 100vw, 300px\" \/><\/a><\/strong><\/p>\n<p>5. Disegna un punto nella zona centrale di ciascuno dei due segni. Infine, misura la distanza tra i due punti. Una volta ottenuto il risultato, vai alla tabella sottostante per scoprire qual \u00e8 la larghezza della tua sella ideale.<\/p>\n<p><a href=\"https:\/\/essax.es\/wp-content\/uploads\/2020\/10\/guia-tallas-sillines-essax-04.jpg\"><img loading=\"lazy\" decoding=\"async\" class=\"aligncenter size-full wp-image-100844\" src=\"https:\/\/essax.es\/wp-content\/uploads\/2020\/10\/guia-tallas-sillines-essax-04.jpg\" alt=\"\" width=\"843\" height=\"596\" srcset=\"https:\/\/essax.es\/wp-content\/uploads\/2020\/10\/guia-tallas-sillines-essax-04.jpg 843w, https:\/\/essax.es\/wp-content\/uploads\/2020\/10\/guia-tallas-sillines-essax-04-18x12.jpg 18w, https:\/\/essax.es\/wp-content\/uploads\/2020\/10\/guia-tallas-sillines-essax-04-300x212.jpg 300w, https:\/\/essax.es\/wp-content\/uploads\/2020\/10\/guia-tallas-sillines-essax-04-768x543.jpg 768w, https:\/\/essax.es\/wp-content\/uploads\/2020\/10\/guia-tallas-sillines-essax-04-769x544.jpg 769w, https:\/\/essax.es\/wp-content\/uploads\/2020\/10\/guia-tallas-sillines-essax-04-84x59.jpg 84w, https:\/\/essax.es\/wp-content\/uploads\/2020\/10\/guia-tallas-sillines-essax-04-200x141.jpg 200w, https:\/\/essax.es\/wp-content\/uploads\/2020\/10\/guia-tallas-sillines-essax-04-450x318.jpg 450w\" sizes=\"(max-width: 843px) 100vw, 843px\" \/><\/a><\/p>","protected":false},"excerpt":{"rendered":"<p>Elegir la talla correcta cuando compramos una bicicleta es algo que tenemos totalmente interiorizado, sabedores de la importancia que ello conlleva posteriormente durante su uso. Pero no podemos decir lo mismo sobre el sill\u00edn, un componente que muchos consideran secundario, y del que incluso muchos desconocen que se puede comprar con diferentes anchos. Aunque no [&hellip;]<\/p>","protected":false},"author":1,"featured_media":0,"parent":0,"menu_order":0,"comment_status":"closed","ping_status":"closed","template":"","meta":{"inline_featured_image":false,"footnotes":""},"class_list":["post-100794","page","type-page","status-publish","hentry"],"_links":{"self":[{"href":"https:\/\/essax.es\/it\/wp-json\/wp\/v2\/pages\/100794"}],"collection":[{"href":"https:\/\/essax.es\/it\/wp-json\/wp\/v2\/pages"}],"about":[{"href":"https:\/\/essax.es\/it\/wp-json\/wp\/v2\/types\/page"}],"author":[{"embeddable":true,"href":"https:\/\/essax.es\/it\/wp-json\/wp\/v2\/users\/1"}],"replies":[{"embeddable":true,"href":"https:\/\/essax.es\/it\/wp-json\/wp\/v2\/comments?post=100794"}],"version-history":[{"count":16,"href":"https:\/\/essax.es\/it\/wp-json\/wp\/v2\/pages\/100794\/revisions"}],"predecessor-version":[{"id":100858,"href":"https:\/\/essax.es\/it\/wp-json\/wp\/v2\/pages\/100794\/revisions\/100858"}],"wp:attachment":[{"href":"https:\/\/essax.es\/it\/wp-json\/wp\/v2\/media?parent=100794"}],"curies":[{"name":"wp","href":"https:\/\/api.w.org\/{rel}","templated":true}]}}