{"id":103480,"date":"2024-01-20T12:46:30","date_gmt":"2024-01-20T12:46:30","guid":{"rendered":"https:\/\/essax.es\/?page_id=103480"},"modified":"2025-04-14T13:12:57","modified_gmt":"2025-04-14T13:12:57","slug":"politica-de-privacidad","status":"publish","type":"page","link":"https:\/\/essax.es\/it\/politica-de-privacidad","title":{"rendered":"politica sulla riservatezza"},"content":{"rendered":"<p style=\"padding-left: 40px;\"><strong>1. Chi \u00e8 responsabile della protezione dei tuoi dati personali<\/strong><\/p>\n<p>ZYKLOO BUSINESS S.L. es la responsable de este sitio web y de todas las aplicaciones (m\u00f3viles) que se refieren a esta Pol\u00edtica de Privacidad. ZYKLOO BUSINESS S.L. se compromete a asumir toda la responsabilidad de la protecci\u00f3n y la seguridad de sus datos personales.<\/p>\n<p><strong>2. Quali dati personali vengono raccolti<\/strong><\/p>\n<p>Tutte le nostre attivit\u00e0 si basano su rigorosi principi etici e ci impegniamo a proteggere la privacy di tutti i visitatori del nostro sito Web e delle nostre applicazioni (mobili). Per questo motivo, il modo in cui raccogliamo e archiviamo le informazioni dipende da come vengono utilizzati il nostro sito Web e i servizi correlati.<\/p>\n<p style=\"padding-left: 40px;\"><strong>2.1 Dati raccolti attraverso la tua interazione con noi<\/strong><\/p>\n<p style=\"padding-left: 40px;\">Sui nostri siti web e sulle nostre applicazioni (mobili) vengono utilizzate varie tecnologie per migliorarli, renderli pi\u00f9 facili da usare, pi\u00f9 efficienti e sicuri. Queste tecnologie possono comportare la raccolta automatica di dati, sia da parte nostra che da parte di terzi per nostro conto. Esempi di questo tipo di tecnologie sono i cookie, i flash cookie e l&#039;analisi web.<\/p>\n<p style=\"padding-left: 80px;\">2.1.1 Dati di navigazione (click-stream)<\/p>\n<p style=\"padding-left: 80px;\">Una visita a uno dei nostri siti Web comporta l&#039;invio di dati dal tuo browser al nostro server. Questi dati ci consentono di ottimizzare i nostri servizi e migliorare la tua esperienza sui nostri siti Web e applicazioni. I dati vengono raccolti e archiviati automaticamente da noi o da terzi per nostro conto. Tali dati possono includere, in particolare, quanto segue:<\/p>\n<p style=\"padding-left: 80px;\">_ l&#039;indirizzo IP del visitatore<\/p>\n<p style=\"padding-left: 80px;\">_ la data e l&#039;ora della visita<\/p>\n<p style=\"padding-left: 80px;\">_ l&#039;URL di riferimento (il sito da cui proviene il visitatore)<\/p>\n<p style=\"padding-left: 80px;\">_ le pagine visitate sul nostro sito web<\/p>\n<p style=\"padding-left: 80px;\">_ informazioni sul browser utilizzato (tipo e versione del browser, sistema operativo, ecc.).<\/p>\n<p style=\"padding-left: 80px;\">2.1.2 Cosa dovresti sapere sui cookie<\/p>\n<p style=\"padding-left: 80px;\">Innanzitutto\u2026 cosa sono i cookie?<\/p>\n<p style=\"padding-left: 80px;\">I cookie sono piccoli file di testo che vengono memorizzati sul tuo computer o dispositivo mobile. Ai fini di questa sezione, utilizzeremo &quot;cookie&quot; come concetto generico per tecniche quali cookie, cookie Flash, web beacon e JavaScript. I cookie non occupano molto spazio e vengono automaticamente cancellati quando scadono. Alcuni cookie scadono al termine della sessione Internet, mentre altri vengono salvati per un tempo limitato.<\/p>\n<p style=\"padding-left: 80px;\">In secondo luogo\u2026 perch\u00e9 utilizziamo i cookie?<\/p>\n<p style=\"padding-left: 80px;\">ZYKLOO BUSINESS S.L. utiliza cookies para asegurarse de que su visita a nuestro sitio web sea lo m\u00e1s agradable posible. Existen distintos tipos de cookies con usos diferentes. Algunas simplemente le permiten navegar por el sitio web y ver ciertas funciones. Algunas nos dan una idea sobre su experiencia de navegaci\u00f3n, por ejemplo cuando tiene problemas para encontrar lo que est\u00e1 buscando, para que podamos mejorar y hacer que su pr\u00f3xima visita sea lo m\u00e1s agradable posible.<\/p>\n<p style=\"padding-left: 80px;\">Successivamente\u2026 quali sono i diversi tipi di cookie che utilizziamo?<\/p>\n<p style=\"padding-left: 80px;\">Las cookies m\u00e1s importantes son las cookies necesarias. \u00c9stas son esenciales y le ayudan a navegar en el sitio web y a utilizar las funciones b\u00e1sicas. Luego est\u00e1n las cookies funcionales que le permiten guardar su cesta de compra, crear una lista de deseos y guardar sus datos de env\u00edo para un proceso de compra m\u00e1s r\u00e1pido. Utilizamos las cookies de rendimiento para mejorar nuestro sitio web. Tambi\u00e9n nos gusta mostrarle ofertas relevantes. Para gestionar esto, recopilamos datos de navegaci\u00f3n. Las cookies de interacci\u00f3n le permiten interactuar con medios sociales o enviar comentarios. Cookies dirigidas. Estas cookies recogen sus preferencias para mostrarle anuncios relevantes fuera de los sitios de ZYKLOO BUSINESS S.L.. A continuaci\u00f3n, encontrar\u00e1 un resumen m\u00e1s detallado de los tipos de cookies que utilizamos:<\/p>\n<p style=\"padding-left: 80px;\">COOKIE NECESSARI: Sono essenziali e ti aiutano a navigare, spostarti nel sito web e visualizzare alcune funzionalit\u00e0, ovvero questi cookie garantiscono che il tuo carrello venga salvato durante tutte le fasi del processo di acquisto.<\/p>\n<p style=\"padding-left: 80px;\">COOKIE FUNZIONALI: servono per permetterci di offrirti un&#039;esperienza cliente ancora pi\u00f9 soddisfacente. Questi cookie aiutano a salvare e ricordarti il tuo carrello e ti consentono di creare una lista dei desideri.<\/p>\n<p style=\"padding-left: 80px;\">COOKIE DI PERFORMANCE: ci aiutano a comprendere il comportamento d&#039;acquisto dei nostri visitatori. Ci\u00f2 ci consente di continuare a migliorare il nostro sito Web per rendere lo shopping pi\u00f9 semplice e piacevole per te.<\/p>\n<p style=\"padding-left: 80px;\">COOKIE DI INTERAZIONE: servono per esprimere la tua opinione. Ci piace sapere cosa pensi dei nostri prodotti, del nostro sito web e di noi in generale. Questi cookie ti permetteranno di esprimere se ti piacciono o di consigliarci sui social media e di chattare con i nostri operatori di servizi. Ma potrai anche consigliare altri nostri (potenziali) clienti valutando e valutando i nostri prodotti.<\/p>\n<p style=\"padding-left: 80px;\">TARGET COOKIE: ricorderanno le tue preferenze di prodotto e di acquisto. Riteniamo che la pertinenza sia essenziale nella pubblicit\u00e0. Questi cookie ci consentono di condividere le tue preferenze con i nostri inserzionisti. Quindi, quando navighi ad esempio su Google, l&#039;annuncio che vedi pu\u00f2 adattarsi meglio alle tue preferenze.<\/p>\n<p style=\"padding-left: 80px;\">Infine... cosa succede se non ti piacciono i biscotti?<\/p>\n<p style=\"padding-left: 80px;\">Puoi modificare le impostazioni del tuo browser per eliminare o impedire la memorizzazione dei cookie sul tuo computer o dispositivo mobile senza il tuo esplicito consenso. La sezione &quot;aiuto&quot; del tuo browser dovrebbe fornirti informazioni su come gestire le impostazioni dei cookie. Scopri come funziona per il tuo browser qui:<\/p>\n<p style=\"padding-left: 80px;\">Internet Explorer: http:\/\/support.microsoft.com\/gp\/cookies\/en<\/p>\n<p style=\"padding-left: 80px;\">Mozilla Firefox: http:\/\/support.mozilla.com\/en-US\/kb\/Cookies<\/p>\n<p style=\"padding-left: 80px;\">GoogleChrome: http:\/\/www.google.com\/support\/chrome\/bin\/answer.py?hl=it&amp;answer=95647<\/p>\n<p style=\"padding-left: 80px;\">Safari: http:\/\/support.apple.com\/kb\/PH5042<\/p>\n<p style=\"padding-left: 80px;\">Opera: http:\/\/www.opera.com\/browser\/tutorials\/security\/privacy\/<\/p>\n<p style=\"padding-left: 80px;\">Adobe (plug-in per cookie flash): http:\/\/www.adobe.com\/security\/flashplayer\/articles\/lso\/<\/p>\n<p style=\"padding-left: 40px;\"><strong>2.2 Dati da Lei forniti<\/strong><\/p>\n<p style=\"padding-left: 40px;\">Oltre ai dati raccolti automaticamente, trattiamo anche i dati che ci fornite. Ci\u00f2 include, ma non \u00e8 limitato a:<\/p>\n<p style=\"padding-left: 40px;\">_ Le tue informazioni di contatto, inclusi nome e cognome, indirizzo (di fatturazione o di consegna), data di nascita e indirizzo e-mail e, facoltativamente, il tuo numero di telefono. Abbiamo bisogno del tuo indirizzo email e (facoltativo) del tuo numero di telefono per poterti contattare se abbiamo domande o informazioni sul tuo ordine;<\/p>\n<p style=\"padding-left: 40px;\">_ Altre informazioni necessarie per elaborare il tuo ordine, come informazioni sui prodotti che hai ordinato, l&#039;indirizzo di fatturazione e consegna e i dettagli bancari o della carta di credito;<\/p>\n<p style=\"padding-left: 40px;\">_ Se hai creato un profilo online, le preferenze e gli interessi memorizzati in questo profilo (vedi sotto per ulteriori informazioni sui profili);<\/p>\n<p style=\"padding-left: 40px;\">_ Se hai contattato il servizio clienti, i dettagli e la cronologia di tale contatto.<\/p>\n<p style=\"padding-left: 40px;\">Tutti questi dati sono caratterizzati perch\u00e9 sei tu a fornire le informazioni. Utilizziamo queste informazioni per gli scopi descritti nella presente informativa sulla privacy. Potrai in qualsiasi momento correggere i tuoi dati personali e opporti al loro ulteriore trattamento (vedi sezione 5).<\/p>\n<p><strong>3. Come vengono utilizzati i dati raccolti<\/strong><\/p>\n<p>Utilizzeremo i tuoi dati personali per scopi relativi al tuo ordine; ad esempio, per informarti dello stato del tuo ordine o della consegna, fornire un servizio di supporto tecnico o fornire servizi di garanzia. Potremmo utilizzare i tuoi dati per valutare la tua solvibilit\u00e0, per la quale potremmo utilizzare terze parti.<\/p>\n<p>Se ci hai fornito i tuoi dati personali in relazione a una promozione, evento, applicazione (mobile), ecc., potremmo inviarti e-mail e altri messaggi relativi al servizio che hai richiesto.<\/p>\n<p>Se contatti il servizio clienti, utilizzeremo i tuoi dati personali (inclusa la cronologia dei contatti) in modo che il servizio clienti possa elaborare la tua richiesta e fornirti il miglior servizio possibile.<\/p>\n<p>Se ci hai fornito i tuoi dati personali durante la vendita di un prodotto o servizio, ti informeremo su prodotti o servizi simili. Potremmo anche contattarti per chiedere il tuo feedback dopo la vendita di un prodotto o servizio. Se un processo di vendita viene interrotto, ti invieremo un&#039;e-mail di promemoria. \u00c8 possibile annullare l&#039;iscrizione immediatamente e gratuitamente a qualsiasi di queste notifiche facendo clic su un collegamento nell&#039;e-mail o in un altro messaggio pertinente (vedere la sezione 5 di seguito).<\/p>\n<p>Con su consentimiento expreso podemos ponernos en contacto con usted a trav\u00e9s de los datos de contacto suministrados por usted (incluidos por correo ordinario, correo electr\u00f3nico, SMS, tel\u00e9fono o por cualquier otro medio electr\u00f3nico) con fines de marketing, publicidad y estudios de opini\u00f3n de ZYKLOO BUSINESS S.L.. Esto incluye, por ejemplo, informaci\u00f3n relacionada con productos de ZYKLOO BUSINESS S.L., actividades de comercio electr\u00f3nico, ofertas especiales, promociones, as\u00ed como informaci\u00f3n sobre aperturas de tiendas locales, actividades de tiendas locales de ZYKLOO BUSINESS S.L. o eventos deportivos. Para poder contactarle en relaci\u00f3n con informaci\u00f3n que sea de especial inter\u00e9s para usted, analizaremos y usaremos de forma combinada su interacci\u00f3n en general con ZYKLOO BUSINESS S.L. (como, por ejemplo, su comportamiento de compra en tiendas virtuales, en tiendas f\u00edsicas ZYKLOO BUSINESS S.L., su uso de programas de fidelizaci\u00f3n, sus calificaciones y evaluaciones de productos, su historial de contactos con nuestro departamento de atenci\u00f3n al cliente, sus resultados de apertura y clics en el bolet\u00edn de noticias, su comportamiento de navegaci\u00f3n (seguimiento web), los tipos de boletines de noticias a los que usted est\u00e1 suscrito, su participaci\u00f3n en promociones o eventos, sus interacciones con mi coach y su uso de aplicaciones (m\u00f3viles)). Nosotros podremos proporcionar sus datos de contacto a ZYKLOO BUSINESS S.L. con fines de marketing, publicidad y estudios de opini\u00f3n. En el apartado 5 encontrar\u00e1 informaci\u00f3n sobre sus derechos, por ejemplo c\u00f3mo puede retirar su consentimiento o corregir sus datos personales.<\/p>\n<p><strong>4. Divulgazione delle informazioni<\/strong><\/p>\n<p>Uno de nuestros principios fundamentales es que trataremos sus datos con cuidado y confidencialidad. Nosotros no venderemos sus datos a terceros. Si lo exige la ley, sus datos ser\u00e1n revelados a terceros. Siempre y cuando lo permita la legislaci\u00f3n aplicable, podremos transferir sus datos a otras empresas del grupo ZYKLOO BUSINESS S.L.<\/p>\n<p>Nosotros podremos utilizar proveedores de servicios y procesadores de datos que trabajen en nombre de ZYKLOO BUSINESS S.L. Los servicios pueden incluir servicios de alojamiento de sistemas y de mantenimiento, servicios de an\u00e1lisis, servicios de mensajer\u00eda por email, servicios de entrega, gesti\u00f3n de transacciones de pago, controles de solvencia y de direcci\u00f3n, etc. Se concede a estos terceros el acceso a dichos datos personales que precisan para poder prestar el servicio correspondiente. Los proveedores de servicios y los procesadores de datos est\u00e1n obligados contractualmente a tratar la informaci\u00f3n con la m\u00e1s estricta confidencialidad. Adem\u00e1s, se les proh\u00edbe contractualmente usar los datos en cualquier forma distinta de la exigida. Se han emprendido los pasos necesarios para garantizar que nuestros proveedores de servicios y los procesadores que trabajan en nombre de ZYKLOO BUSINESS S.L. protegen la confidencialidad de sus datos.<\/p>\n<p>Potrebbero esserci momenti in cui divulghiamo dati non personali ai nostri partner in modo anonimo. Questi dati non personali includono, ad esempio, informazioni sul numero di visitatori di un sito web o di un&#039;applicazione (mobile) durante un determinato periodo di tempo. Generalmente queste informazioni vengono divulgate solo in forma aggregata.<\/p>\n<p><strong>5. I tuoi diritti<\/strong><\/p>\n<p>Se ci fornisci dati personali attraverso i nostri siti web o altri canali, ci\u00f2 avviene in modo del tutto volontario. Se scegli di non fornire le informazioni richieste, non potrai accedere ad alcuni vantaggi per i clienti. In alcuni casi, solo le persone che ci hanno fornito i dati personali necessari potranno ordinare prodotti, utilizzare determinati servizi e comunque usufruire delle attivit\u00e0 e delle offerte disponibili sul nostro sito web e sulla nostra applicazione (mobile). Poich\u00e9 la trasparenza e la correttezza sono particolarmente importanti per noi, offriamo diverse opzioni a seconda delle circostanze specifiche, per aiutarti a mantenere il controllo sui tuoi dati. Queste opzioni possono includere la visualizzazione e la modifica dei tuoi dati online. Possono anche includere l&#039;annullamento dell&#039;iscrizione a determinati servizi o la cancellazione degli account utente o la ricezione di informazioni sui dati salvati.<\/p>\n<p style=\"padding-left: 40px;\"><strong>5.1 Diritti di opposizione e disdetta<\/strong><\/p>\n<p style=\"padding-left: 40px;\">Los emails que ZYKLOO BUSINESS S.L. le env\u00eda que, por ejemplo, contienen un bolet\u00edn de noticias o contenidos de marketing, incluyen la opci\u00f3n de darse de baja para la recepci\u00f3n de tales emails siguiendo las instrucciones pertinentes en el correspondiente email. Si no quiere seguir recibiendo nuestros emails, puede hacer clic en dicho hiperv\u00ednculo de baja y dejaremos de enviarle emails en lo sucesivo.<\/p>\n<p style=\"padding-left: 40px;\">Se non desideri che le informazioni sul tuo comportamento sul nostro sito web o sulla nostra applicazione (mobile) vengano raccolte e valutate, puoi disattivare la raccolta dei dati per l&#039;analisi web, come descritto nella sezione 9 di seguito.<\/p>\n<p style=\"padding-left: 40px;\">Si no desea recibir informaci\u00f3n promocional y ofertas en general, incluidas las que se comunican por correo ordinario, por email, por SMS, por tel\u00e9fono o por cualquier otro medio electr\u00f3nico, o si desea retirar su consentimiento, puede tambi\u00e9n escribir en todo momento a ZYKLOO BUSINESS S.L. \u2013 C\/Lope de Vega, 48, Nave C, 03630 Sax (Alicante), con la referencia: data protection, o enviar un email a enlace a nuestro de Servicio de Atenci\u00f3n al Cliente: info@essax.es . En caso de que tengamos dudas sobre su identidad, podemos pedirle que se identifique (por ejemplo, enviando una copia de su pasaporte). A diferencia de otros gastos habituales de comunicaci\u00f3n, esto es gratuito.<\/p>\n<p style=\"padding-left: 40px;\">Per altri tipi di messaggi che potresti ricevere, come annunci di manutenzione o notifiche amministrative, puoi scegliere di non ricevere questi messaggi solo se elimini il tuo account, poich\u00e9 tali messaggi sono una parte obbligatoria degli account utente e del corrispondente utilizzo dei nostri siti Web e (applicazioni mobili. Puoi anche eliminare il tuo account inviando un&#039;e-mail al collegamento al nostro Servizio Clienti: info@essax.es.<\/p>\n<p style=\"padding-left: 40px;\"><strong>5.2 Diritto di accesso<\/strong><\/p>\n<p style=\"padding-left: 40px;\">Hai il diritto di essere informato in ogni momento sui tuoi dati personali archiviati, sulla loro origine, sui destinatari e sullo scopo per il quale tali dati vengono archiviati. \u00c8 possibile ottenere informazioni sui dati personali detenuti utilizzando i dettagli di contatto nella sezione Informazioni di contatto di seguito.<\/p>\n<p style=\"padding-left: 40px;\"><strong>5.3 Diritto di rettifica e cancellazione<\/strong><\/p>\n<p style=\"padding-left: 40px;\">Hai il diritto di richiedere la correzione, l&#039;integrazione, la cancellazione o il blocco dei dati personali memorizzati su di te. Ti informeremo entro dieci giorni dal ricevimento della tua richiesta se la accoglieremo e, in tal caso, in che misura. Se per qualsiasi motivo non possiamo accogliere la tua richiesta, ti comunicheremo i motivi.<\/p>\n<p><strong>6. Sicurezza delle informazioni e integrit\u00e0 dei dati<\/strong><\/p>\n<p>Adottiamo misure tecniche e organizzative adeguate per proteggere i dati personali contro la distruzione accidentale o illecita o contro la perdita, l&#039;alterazione, l&#039;uso, la divulgazione o l&#039;accesso non autorizzati, in particolare quando il trattamento comporta la trasmissione dei dati su reti, o qualsiasi altra forma di trattamento illecito e improprio. utilizzo.<\/p>\n<p><strong>7. Tutela dei dati personali dei minori<\/strong><\/p>\n<p>La protecci\u00f3n de los datos personales de los menores es extremadamente importante. ZYKLOO BUSINESS S.L. considera que tiene la responsabilidad de proteger la privacidad de los menores y, consecuentemente, no tiene intenci\u00f3n de recopilar datos de menores de 18 a\u00f1os. Animamos a los padres y otros cuidadores a que naveguen por Internet junto con sus hijos y disfruten de Internet de manera responsable.<\/p>\n<p>Se un minore di 18 anni tenta di registrarsi ed effettuare un acquisto, verr\u00e0 richiesto il consenso dei genitori\/tutori per confermare tale azione. I dati forniti e raccolti sul minore nel corso della sua visita (ad esempio, tramite i cookie) potranno essere utilizzati come sopra descritto.<\/p>\n<p>Per questo motivo chiediamo ai genitori e ad altri tutori di monitorare e supervisionare l&#039;uso di Internet da parte dei bambini al fine di proteggerli.<\/p>\n<p><strong>8. Reti sociali<\/strong><\/p>\n<p>Il nostro sito web e le applicazioni (mobili) forniscono connettori sociali a vari social network. Quando scegli di interagire con un social network, la tua attivit\u00e0 sul nostro sito web o attraverso le nostre applicazioni (mobili) sar\u00e0 resa disponibile anche ai social network come Facebook e Twitter.<\/p>\n<p>Se hai effettuato l&#039;accesso a uno di questi social network durante la tua visita a uno dei nostri siti Web o applicazioni (mobili), il social network potrebbe aggiungere tali informazioni al tuo profilo. Se interagisci con uno dei connettori social, tali informazioni verranno trasferite al social network. Se non desideri che questo trasferimento di dati abbia luogo, esci dalla tua sessione sul social network prima di accedere ai nostri siti web o alle nostre applicazioni (mobili).<\/p>\n<p>Non \u00e8 in nostro potere influenzare questa raccolta e trasferimento di dati attraverso i connettori sociali. Ti invitiamo a leggere le informative sulla privacy di questi social network per informazioni dettagliate sulla raccolta e il trasferimento dei dati personali, sui tuoi diritti e su come ottenere impostazioni di privacy soddisfacenti.<\/p>\n<p>Facebook: http:\/\/www.facebook.com\/about\/privacy\/<\/p>\n<p>Twitter: http:\/\/twitter.com\/privacy<\/p>\n<p>Google+: http:\/\/www.google.com\/intl\/it\/policies\/privacy\/<\/p>\n<p><strong>9. Servizi di geolocalizzazione<\/strong><\/p>\n<p>Offriamo servizi di localizzazione in alcune delle nostre applicazioni (mobili), come Google Maps e Bing Maps. Se utilizzi queste applicazioni (mobili), queste potrebbero ricevere informazioni sulla tua posizione effettiva (come segnali GPS inviati da un dispositivo mobile) o informazioni che possono essere utilizzate per approssimare la tua posizione. In genere, puoi attivare o disattivare i servizi di localizzazione nelle impostazioni del tuo dispositivo o del browser.<\/p>\n<p>Utilizamos el servicio de Google Maps o el servicio de Bing Maps para ayudarle a encontrar la tienda ZYKLOO BUSINESS S.L. m\u00e1s cercana. Para facilitar este proceso, cargamos una imagen de Google Maps o Bing Maps, y guardamos los datos de la ruta y la imagen del mapa en nuestro servidor.<\/p>\n<p>Per ulteriori informazioni su Google Maps e sulla sua Privacy Policy, consulta la sua privacy policy.<\/p>\n<p>Google: http:\/\/www.google.com\/intl\/en\/policies\/privacy\/<\/p>\n<p>Per ulteriori informazioni su Bing Maps e la sua Informativa sulla privacy, consultare la sua Informativa sulla privacy.<\/p>\n<p>Mappe Bing: http:\/\/privacy.microsoft.com\/en-us\/maps.mspx<\/p>\n<p><strong>10. Tecnologie di retargeting<\/strong><\/p>\n<p>Il nostro sito web e la nostra applicazione (mobile) utilizzano la tecnologia di retargeting su Internet. Questo ci permette di mostrare ai nostri visitatori, che erano gi\u00e0 interessati al nostro negozio e ai nostri prodotti, la nostra pubblicit\u00e0 sui siti web dei nostri partner. Riteniamo che per i nostri clienti sia pi\u00f9 interessante la visualizzazione di pubblicit\u00e0 personalizzata, basata sugli interessi dell&#039;utente, rispetto alla pubblicit\u00e0 che non ha un legame personale.<\/p>\n<p>Inoltre, collaboriamo con altre societ\u00e0 che utilizzano tecnologie di tracciamento per pubblicare annunci pubblicitari per nostro conto su Internet. Queste societ\u00e0 possono raccogliere informazioni sulle tue visite al nostro sito Web o alle nostre applicazioni (mobili) e sulla tua interazione con le nostre comunicazioni, inclusa la pubblicit\u00e0.<\/p>\n<p>Le tecnologie di retargeting analizzano i tuoi cookie e mostrano pubblicit\u00e0 in base al tuo comportamento di navigazione. Per ulteriori informazioni sui cookie, consultare la sezione 2 della presente informativa sulla privacy.<\/p>\n<p>Non memorizziamo i tuoi dati personali utilizzando questa tecnologia e l&#039;uso della nostra tecnologia di retargeting \u00e8 conforme ai requisiti applicabili in materia di protezione dei dati.<\/p>\n<p><strong>11. Informazioni di contatto<\/strong><\/p>\n<p>Se hai domande sul trattamento dei tuoi dati personali o sulla nostra politica sulla privacy, puoi contattarci. I nostri dati di contatto sono:<\/p>\n<p>ZYKLOO BUSINESS S.L.<\/p>\n<p>C\/ Lope de Vega 48, Nave C<br \/>\n03630 Sax (Alicante)<\/p>\n<p>Puoi inviare un&#039;e-mail al nostro Servizio Clienti: info@essax.es<\/p>","protected":false},"excerpt":{"rendered":"<p>1. Qui\u00e9n es responsable de la protecci\u00f3n de sus datos personales ZYKLOO BUSINESS S.L. es la responsable de este sitio web y de todas las aplicaciones (m\u00f3viles) que se refieren a esta Pol\u00edtica de Privacidad. ZYKLOO BUSINESS S.L. se compromete a asumir toda la responsabilidad de la protecci\u00f3n y la seguridad de sus datos personales. [&hellip;]<\/p>","protected":false},"author":1,"featured_media":0,"parent":0,"menu_order":0,"comment_status":"closed","ping_status":"closed","template":"","meta":{"inline_featured_image":false,"footnotes":""},"class_list":["post-103480","page","type-page","status-publish","hentry"],"_links":{"self":[{"href":"https:\/\/essax.es\/it\/wp-json\/wp\/v2\/pages\/103480"}],"collection":[{"href":"https:\/\/essax.es\/it\/wp-json\/wp\/v2\/pages"}],"about":[{"href":"https:\/\/essax.es\/it\/wp-json\/wp\/v2\/types\/page"}],"author":[{"embeddable":true,"href":"https:\/\/essax.es\/it\/wp-json\/wp\/v2\/users\/1"}],"replies":[{"embeddable":true,"href":"https:\/\/essax.es\/it\/wp-json\/wp\/v2\/comments?post=103480"}],"version-history":[{"count":4,"href":"https:\/\/essax.es\/it\/wp-json\/wp\/v2\/pages\/103480\/revisions"}],"predecessor-version":[{"id":104421,"href":"https:\/\/essax.es\/it\/wp-json\/wp\/v2\/pages\/103480\/revisions\/104421"}],"wp:attachment":[{"href":"https:\/\/essax.es\/it\/wp-json\/wp\/v2\/media?parent=103480"}],"curies":[{"name":"wp","href":"https:\/\/api.w.org\/{rel}","templated":true}]}}