{"id":103490,"date":"2024-01-20T12:54:27","date_gmt":"2024-01-20T12:54:27","guid":{"rendered":"https:\/\/essax.es\/?page_id=103490"},"modified":"2025-04-14T13:05:10","modified_gmt":"2025-04-14T13:05:10","slug":"aviso-legal","status":"publish","type":"page","link":"https:\/\/essax.es\/it\/aviso-legal","title":{"rendered":"Avviso legale"},"content":{"rendered":"<p>El presente aviso legal regula el uso del servicio prestado por ZYKLOO BUSINESS S.L. bajo su marca comercial Essax, en esta p\u00e1gina web, www.essax.es, con usted, el usuario que accede a \u00e9l.<\/p>\n<p><strong>PROPRIET\u00c0 DEL SITO WEB<\/strong><br \/>\nZYKLOO BUSINESS S.L., en cumplimiento de la ley 34\/2002, de 11 de julio, de Servicios de la Sociedad de la Informaci\u00f3n y Comercio Electr\u00f3nico (LSSI), le informa de los siguientes datos de titularidad del sitio web:<\/p>\n<p>Denominaci\u00f3n social: ZYKLOO BUSINESS S.L<br \/>\nCIF: B75437707<br \/>\nDomicilio social: Calle Lope de Vega, 48, Nave C, 03630 Sax (Alicante)<br \/>\nNumero di telefono di contatto: 966 967 620<br \/>\nE-mail: info@essax.es<br \/>\nSito web: www.essax.es<\/p>\n<p><strong>OGGETTO<\/strong><br \/>\nZYKLOO BUSINESS S.L., informa que la p\u00e1gina web www.essax.es tiene como objeto informar al p\u00fablico general de los productos y servicios que realiza, utilizando esta p\u00e1gina para poder recibir solicitudes de compra de dichos productos.<\/p>\n<p><strong>LINK A PAGINE ESTERNE<\/strong><br \/>\nSul sito web Essax potrebbero essere presenti collegamenti a pagine di terzi. Essax non ha alcun controllo su queste pagine di terzi, quindi non \u00e8 responsabile del contenuto, dei servizi o dei collegamenti da esse offerti. L&#039;utente sar\u00e0 responsabile a proprio rischio per le connessioni che effettua a siti Web di terzi dalla pagina Essax.<\/p>\n<p><strong>LOPD \u2013 INFORMATIVA SULLA PRIVACY DEI DATI PERSONALI<\/strong><br \/>\nEn cumplimiento de lo establecido en la Ley Org\u00e1nica 15\/1999, de 13 de diciembre, de Protecci\u00f3n de Datos de Car\u00e1cter Personal, ZYKLOO BUSINESS S.L. informa a sus clientes de que cuantos datos personales le faciliten ser\u00e1n incluidos en un fichero automatizado de datos de car\u00e1cter personal, creado y mantenido bajo la responsabilidad de ZYKLOO BUSINESS S.L..<\/p>\n<p>Lo scopo di questo file \u00e8 facilitare l&#039;elaborazione degli ordini e inviare offerte commerciali, se l&#039;utente lo indica durante il processo di registrazione o di acquisto di prodotti, in futuro su prodotti e servizi che potrebbero interessare ai nostri clienti.<\/p>\n<p>ZYKLOO BUSINESS S.L. garantiza la seguridad y confidencialidad de los datos facilitados. De este modo, se compromete al cumplimiento de su obligaci\u00f3n de secreto de los datos de car\u00e1cter personal y de su deber de guardarlos y adoptar todas las medidas necesarias para evitar su alteraci\u00f3n, p\u00e9rdida, tratamiento o uso no autorizado. Por lo tanto, toda la informaci\u00f3n sobre nuestros clientes no ser\u00e1 utilizada con prop\u00f3sitos comerciales ni ser\u00e1 cedida a terceros.<\/p>\n<p>I clienti Essax potranno in qualsiasi momento esercitare i propri diritti di accesso, rettifica, cancellazione e opposizione, comunicandolo via e-mail info@essax.es<\/p>\n<p><strong>PROPRIET\u00c0 INTELLETTUALE<\/strong><br \/>\nTodos los derechos de propiedad intelectual de los dise\u00f1os gr\u00e1ficos, textos, im\u00e1genes, aplicaciones software y dem\u00e1s contenidos de esta p\u00e1gina web son titularidad exclusiva de ZYKLOO BUSINESS S.L. o dispone de acuerdos con terceros mediante los cuales dispone de derechos su uso. Por lo tanto queda prohibida la reproducci\u00f3n, distribuci\u00f3n, transformaci\u00f3n y comunicaci\u00f3n p\u00fablica total o parcial de la p\u00e1gina web y de sus contenidos en otras p\u00e1ginas web, redes telem\u00e1ticas, medios o soportes anal\u00f3gicos, digitales o de cualquier otro tipo sin la autorizaci\u00f3n previa y por escrito de ZYKLOO BUSINESS S.L. y en su caso de terceros colaboradores.<\/p>\n<p>Tutti i nomi commerciali o marchi di qualsiasi tipo pubblicati su questo sito sono di propriet\u00e0 dei rispettivi proprietari e sono protetti dalla legge.<\/p>\n<p><strong>MODIFICHE<\/strong><br \/>\nZYKLOO BUSINESS S.L. se reserva el derecho a actualizar, a\u00f1adir, modificar o suprimir cualquier contenido, informaci\u00f3n y servicio en la p\u00e1gina web como considere oportuno en cualquier momento sin previo aviso as\u00ed como a modificar los t\u00e9rminos y modificaciones de uso de la p\u00e1gina web.<\/p>\n<p><strong>TERMINI DI UTILIZZO<\/strong><br \/>\nAll&#039;utente \u00e8 espressamente vietato utilizzare questo sito Web e i servizi offerti contrariamente alla buona fede e, in particolare, in modo non esaustivo.<\/p>\n<p>L&#039;uso contrario alle leggi spagnole, ai regolamenti dell&#039;Unione Europea o che viola i diritti di terzi o qualsiasi azione contraria alla privacy delle persone.<\/p>\n<p>La pubblicazione su altri siti web, reti telematiche, media analogici o digitali di informazioni riferite a questo sito web con contenuti violenti, osceni, ingiuriosi, illegali, razzisti, xenofobi o diffamatori.<\/p>\n<p>L&#039;uso di messaggi o comunicazioni in qualsiasi formato o mezzo per conto di Essax.<\/p>\n<p>Spamming o invio di e-mail di massa indesiderate contro i server in cui si trova il sito Web o indirizzi e-mail Essax.<\/p>\n<p>Ti asterrai dall&#039;utilizzare i servizi del sito web per scopi o effetti illegali, o che in qualsiasi modo possano danneggiare, disabilitare, sovraccaricare o impedire il normale utilizzo dei servizi offerti su questo sito web.<\/p>\n<p><strong>RESPONSABILIT\u00c0<\/strong><br \/>\nZYKLOO BUSINESS S.L. no se responsabiliza del mal funcionamiento de las l\u00edneas telef\u00f3nicas por las que se realizan las conexiones a internet.<\/p>\n<p>ZYKLOO BUSINESS S.L. no puede garantizar que la disponibilidad del servicio y de la p\u00e1gina web ser\u00e1 continua e ininterrumpida debido a problemas de la red de internet o en los servidores en los que se aloja la p\u00e1gina web.<\/p>\n<p>ZYKLOO BUSINESS S.L. no garantiza la inexistencia de errores en el acceso al sitio web, su contenidos, ni que \u00e9ste se encuentre actualizado aunque desarrollar\u00e1 sus mejores esfuerzos para evitarlos, subsanarlos o actualizarlos. Las fotos y especificaciones incluidas en este cat\u00e1logo online est\u00e1n sujetas a modificaciones sin previo aviso.<\/p>\n<p>ZYKLOO BUSINESS S.L. no se hace responsable de los posibles errores de seguridad que se puedan producir ni de los posibles da\u00f1os que puedan causarse en los sistemas inform\u00e1ticos del usuario, los ficheros almacenados en el mismo, como consecuencia de la presencia de virus en el ordenador del usuario utilizado para el uso de los servicios ofrecidos en esta p\u00e1gina web, de un mal funcionamiento del navegador o del uso de versiones no actualizadas de los mismos.<\/p>","protected":false},"excerpt":{"rendered":"<p>El presente aviso legal regula el uso del servicio prestado por ZYKLOO BUSINESS S.L. bajo su marca comercial Essax, en esta p\u00e1gina web, www.essax.es, con usted, el usuario que accede a \u00e9l. TITULARIDAD DEL SITIO WEB ZYKLOO BUSINESS S.L., en cumplimiento de la ley 34\/2002, de 11 de julio, de Servicios de la Sociedad de [&hellip;]<\/p>","protected":false},"author":1,"featured_media":0,"parent":0,"menu_order":0,"comment_status":"closed","ping_status":"closed","template":"","meta":{"inline_featured_image":false,"footnotes":""},"class_list":["post-103490","page","type-page","status-publish","hentry"],"_links":{"self":[{"href":"https:\/\/essax.es\/it\/wp-json\/wp\/v2\/pages\/103490"}],"collection":[{"href":"https:\/\/essax.es\/it\/wp-json\/wp\/v2\/pages"}],"about":[{"href":"https:\/\/essax.es\/it\/wp-json\/wp\/v2\/types\/page"}],"author":[{"embeddable":true,"href":"https:\/\/essax.es\/it\/wp-json\/wp\/v2\/users\/1"}],"replies":[{"embeddable":true,"href":"https:\/\/essax.es\/it\/wp-json\/wp\/v2\/comments?post=103490"}],"version-history":[{"count":3,"href":"https:\/\/essax.es\/it\/wp-json\/wp\/v2\/pages\/103490\/revisions"}],"predecessor-version":[{"id":104416,"href":"https:\/\/essax.es\/it\/wp-json\/wp\/v2\/pages\/103490\/revisions\/104416"}],"wp:attachment":[{"href":"https:\/\/essax.es\/it\/wp-json\/wp\/v2\/media?parent=103490"}],"curies":[{"name":"wp","href":"https:\/\/api.w.org\/{rel}","templated":true}]}}