{"id":100022,"date":"2020-08-10T07:42:33","date_gmt":"2020-08-10T07:42:33","guid":{"rendered":"https:\/\/essax.es\/?post_type=product&#038;p=100022"},"modified":"2024-07-22T08:47:44","modified_gmt":"2024-07-22T08:47:44","slug":"advance2-acero","status":"publish","type":"product","link":"https:\/\/essax.es\/it\/product\/advance2-acero","title":{"rendered":"Sella Bicicletta \u2013 Acciaio \u2013 270 gr. \u2013Mod.Avanzato2"},"content":{"rendered":"<p>Poich\u00e9 non tutto nella vita \u00e8 velocit\u00e0, allenamento, watt e competizione, l&#039;Advance 2 \u00e8 stato sviluppato appositamente per coloro per i quali il ciclismo \u00e8 un piacere sporadico, piacevole e ricreativo.<\/p>\n<p>Valida per strada, montagna o camminata, \u00e8 senza dubbio la sella pi\u00f9 versatile del nostro catalogo. La sua superficie di appoggio pi\u00f9 ampia, l&#039;imbottitura extra, l&#039;asta in acciaio e il prezzo ridotto delizieranno chi cerca un modello durevole per continuare a godersi l&#039;atto di pedalare per il gusto di pedalare, senza alcuno scopo.<\/p>","protected":false},"excerpt":{"rendered":"<p>Porque no todo en la vida es velocidad, entrenamiento, vatios y competici\u00f3n, el Advance 2 ha sido desarrollado pensando especialmente en aquellos para los que el ciclismo es un placer espor\u00e1dico, pausado y recreativo. V\u00e1lido tanto para carretera, monta\u00f1a o paseo, es sin ninguna duda el sill\u00edn m\u00e1s polivalente de nuestro cat\u00e1logo. Su mayor superficie [&hellip;]<\/p>","protected":false},"featured_media":100024,"comment_status":"open","ping_status":"closed","template":"","meta":{"inline_featured_image":false},"product_brand":[],"product_cat":[158],"product_tag":[207,229,208,175,191,210,203],"class_list":{"0":"post-100022","1":"product","2":"type-product","3":"status-publish","4":"has-post-thumbnail","6":"product_cat-outlet","7":"product_tag-advance","8":"product_tag-advance-2","9":"product_tag-advance3","10":"product_tag-carretera","11":"product_tag-mtb","12":"product_tag-polivalente","13":"product_tag-urban","14":"pa_ancho-135-mm","15":"pa_color-blanco-negro","16":"pa_color-negro-blanco","17":"pa_rail-acero","19":"first","20":"instock","21":"sale","22":"taxable","23":"shipping-taxable","24":"purchasable","25":"product-type-variable"},"exclude_global_add_ons":[],"addons":[],"_links":{"self":[{"href":"https:\/\/essax.es\/it\/wp-json\/wp\/v2\/product\/100022"}],"collection":[{"href":"https:\/\/essax.es\/it\/wp-json\/wp\/v2\/product"}],"about":[{"href":"https:\/\/essax.es\/it\/wp-json\/wp\/v2\/types\/product"}],"replies":[{"embeddable":true,"href":"https:\/\/essax.es\/it\/wp-json\/wp\/v2\/comments?post=100022"}],"wp:featuredmedia":[{"embeddable":true,"href":"https:\/\/essax.es\/it\/wp-json\/wp\/v2\/media\/100024"}],"wp:attachment":[{"href":"https:\/\/essax.es\/it\/wp-json\/wp\/v2\/media?parent=100022"}],"wp:term":[{"taxonomy":"product_brand","embeddable":true,"href":"https:\/\/essax.es\/it\/wp-json\/wp\/v2\/product_brand?post=100022"},{"taxonomy":"product_cat","embeddable":true,"href":"https:\/\/essax.es\/it\/wp-json\/wp\/v2\/product_cat?post=100022"},{"taxonomy":"product_tag","embeddable":true,"href":"https:\/\/essax.es\/it\/wp-json\/wp\/v2\/product_tag?post=100022"}],"curies":[{"name":"wp","href":"https:\/\/api.w.org\/{rel}","templated":true}]}}