{"id":100057,"date":"2020-08-10T08:41:32","date_gmt":"2020-08-10T08:41:32","guid":{"rendered":"https:\/\/essax.es\/?post_type=product&#038;p=100057"},"modified":"2025-02-02T09:42:39","modified_gmt":"2025-02-02T09:42:39","slug":"extreme-cromo-nobuck","status":"publish","type":"product","link":"https:\/\/essax.es\/it\/product\/extreme-cromo-nobuck","title":{"rendered":"Sella per bicicletta \u2013 Cromata \u2013 Nabuk \u2013 190 gr. \u2013 Mod. Estremo"},"content":{"rendered":"<p>Extreme \u00e8 quello che cerchi per mtb o gravel se quello che desideri \u00e8 un modello ad ammortizzazione media, ma con tutte le evoluzioni, migliorie, test e feedback dei professionisti ereditati dal modello superiore Adrenaline XC.<\/p>\n<p>Ma non lasciatevi confondere da tutto questo, perch\u00e9 \u00e8 pur sempre una sella molto tecnica ed evoluta, che molti ciclisti utilizzano nelle grandi competizioni, e che \u00e8 pensata soprattutto per chi penalizza un po&#039; la leggerezza in cambio di sedersi su una superficie leggermente pi\u00f9 leggera . soffice<\/p>","protected":false},"excerpt":{"rendered":"<p>Extreme es lo que est\u00e1s buscando para mtb o gravel si lo que quieres es un modelo de acolchado medio, pero con todas las evoluciones, mejoras, tests y feedback de los profesionales heredados del modelo superior Adrenaline XC. Pero que todo esto no te confunda, porque sigue trat\u00e1ndose de un sill\u00edn muy t\u00e9cnico y avanzado, [&hellip;]<\/p>","protected":false},"featured_media":100067,"comment_status":"open","ping_status":"closed","template":"","meta":{"inline_featured_image":false},"product_brand":[],"product_cat":[158],"product_tag":[195,194,192,191],"class_list":{"0":"post-100057","1":"product","2":"type-product","3":"status-publish","4":"has-post-thumbnail","6":"product_cat-outlet","7":"product_tag-btt","8":"product_tag-extreme","9":"product_tag-gravel","10":"product_tag-mtb","11":"pa_ancho-132-mm","12":"pa_ancho-142-mm","13":"pa_color-amarillo","14":"pa_rail-cromo","16":"first","17":"outofstock","18":"sale","19":"taxable","20":"shipping-taxable","21":"purchasable","22":"product-type-variable"},"exclude_global_add_ons":[],"addons":[],"_links":{"self":[{"href":"https:\/\/essax.es\/it\/wp-json\/wp\/v2\/product\/100057"}],"collection":[{"href":"https:\/\/essax.es\/it\/wp-json\/wp\/v2\/product"}],"about":[{"href":"https:\/\/essax.es\/it\/wp-json\/wp\/v2\/types\/product"}],"replies":[{"embeddable":true,"href":"https:\/\/essax.es\/it\/wp-json\/wp\/v2\/comments?post=100057"}],"wp:featuredmedia":[{"embeddable":true,"href":"https:\/\/essax.es\/it\/wp-json\/wp\/v2\/media\/100067"}],"wp:attachment":[{"href":"https:\/\/essax.es\/it\/wp-json\/wp\/v2\/media?parent=100057"}],"wp:term":[{"taxonomy":"product_brand","embeddable":true,"href":"https:\/\/essax.es\/it\/wp-json\/wp\/v2\/product_brand?post=100057"},{"taxonomy":"product_cat","embeddable":true,"href":"https:\/\/essax.es\/it\/wp-json\/wp\/v2\/product_cat?post=100057"},{"taxonomy":"product_tag","embeddable":true,"href":"https:\/\/essax.es\/it\/wp-json\/wp\/v2\/product_tag?post=100057"}],"curies":[{"name":"wp","href":"https:\/\/api.w.org\/{rel}","templated":true}]}}