{"id":101637,"date":"2022-01-27T08:06:10","date_gmt":"2022-01-27T08:06:10","guid":{"rendered":"https:\/\/essax.es\/?post_type=product&#038;p=101637"},"modified":"2024-06-11T05:58:35","modified_gmt":"2024-06-11T05:58:35","slug":"maigmo-evo-acero","status":"publish","type":"product","link":"https:\/\/essax.es\/it\/product\/maigmo-evo-acero","title":{"rendered":"Sella bicicletta MTB \u2013 Acciaio \u2013 284 gr \u2013 Mod. Maigm\u00f3 EVO"},"content":{"rendered":"<p><a href=\"https:\/\/essax.es\/wp-content\/uploads\/2022\/01\/essax-maigmo-evo-sillin-saddle-4.jpg\"><img fetchpriority=\"high\" decoding=\"async\" class=\"alignright size-medium wp-image-101643\" src=\"https:\/\/essax.es\/wp-content\/uploads\/2022\/01\/essax-maigmo-evo-sillin-saddle-4-300x253.jpg\" alt=\"essax maigmo evo sillin saddle 4\" width=\"300\" height=\"253\" srcset=\"https:\/\/essax.es\/wp-content\/uploads\/2022\/01\/essax-maigmo-evo-sillin-saddle-4-300x253.jpg 300w, https:\/\/essax.es\/wp-content\/uploads\/2022\/01\/essax-maigmo-evo-sillin-saddle-4-14x12.jpg 14w, https:\/\/essax.es\/wp-content\/uploads\/2022\/01\/essax-maigmo-evo-sillin-saddle-4-768x648.jpg 768w, https:\/\/essax.es\/wp-content\/uploads\/2022\/01\/essax-maigmo-evo-sillin-saddle-4-769x649.jpg 769w, https:\/\/essax.es\/wp-content\/uploads\/2022\/01\/essax-maigmo-evo-sillin-saddle-4-84x71.jpg 84w, https:\/\/essax.es\/wp-content\/uploads\/2022\/01\/essax-maigmo-evo-sillin-saddle-4-200x169.jpg 200w, https:\/\/essax.es\/wp-content\/uploads\/2022\/01\/essax-maigmo-evo-sillin-saddle-4-450x380.jpg 450w, https:\/\/essax.es\/wp-content\/uploads\/2022\/01\/essax-maigmo-evo-sillin-saddle-4.jpg 800w\" sizes=\"(max-width: 300px) 100vw, 300px\" \/><\/a>Ogni giorno che andiamo nei nostri uffici, abbiamo la fortuna di vedere attraverso le finestre viste impressionanti del Parco Naturale del Massiccio di Maigm\u00f3, un colosso onnipresente di gran parte della provincia di Alicante, sulle cui piste e sentieri godiamo ogni giorno della nostra passione . in MTB in una posizione assolutamente privilegiata.<\/p>\n<p>\u00c8 proprio qui che negli ultimi mesi abbiamo testato e sviluppato il nostro nuovo modello Maigm\u00f3 EVO. Una sella appositamente progettata per la pratica dell&#039;eMTB, disciplina ciclistica che ha visto negli ultimi anni una vera e propria esplosione di praticanti, attratti da quell&#039;aiuto in pi\u00f9 che il motore elettrico d\u00e0 loro per godersi i pedali molto pi\u00f9 a lungo.<\/p>\n<p>Questo maggior tempo trascorso sulla bici ha incoraggiato gli utenti ad osare affrontando rampe sempre pi\u00f9 ripide ed impegnative; fattori che hanno determinato che abbiamo creato un design con una parte pi\u00f9 alta, con una rampa di appoggio che aiuta a risparmiare forza e impedisce lo scivolamento all&#039;indietro su questo tipo di terreno.<\/p>","protected":false},"excerpt":{"rendered":"<p>Cada d\u00eda que acudimos a nuestras oficinas, tenemos la suerte de presenciar por los ventanales unas impresionantes vistas del Parque Natural del Macizo del Maigm\u00f3, un coloso omnipresente desde gran parte de la provincia de Alicante, en cuyas pistas y senderos disfrutamos cada d\u00eda de nuestra pasi\u00f3n por el MTB en un paraje totalmente privilegiado. [&hellip;]<\/p>","protected":false},"featured_media":101639,"comment_status":"open","ping_status":"closed","template":"","meta":{"inline_featured_image":false},"product_brand":[],"product_cat":[158],"product_tag":[288,285,286,287,191],"class_list":{"0":"post-101637","1":"product","2":"type-product","3":"status-publish","4":"has-post-thumbnail","6":"product_cat-outlet","7":"product_tag-emtb","8":"product_tag-maigmo","9":"product_tag-maigmo-evo","10":"product_tag-montana","11":"product_tag-mtb","12":"pa_ancho-135-mm","13":"pa_color-negro-negro","14":"pa_rail-acero","16":"first","17":"instock","18":"sale","19":"taxable","20":"shipping-taxable","21":"purchasable","22":"product-type-simple"},"exclude_global_add_ons":[],"addons":[],"_links":{"self":[{"href":"https:\/\/essax.es\/it\/wp-json\/wp\/v2\/product\/101637"}],"collection":[{"href":"https:\/\/essax.es\/it\/wp-json\/wp\/v2\/product"}],"about":[{"href":"https:\/\/essax.es\/it\/wp-json\/wp\/v2\/types\/product"}],"replies":[{"embeddable":true,"href":"https:\/\/essax.es\/it\/wp-json\/wp\/v2\/comments?post=101637"}],"wp:featuredmedia":[{"embeddable":true,"href":"https:\/\/essax.es\/it\/wp-json\/wp\/v2\/media\/101639"}],"wp:attachment":[{"href":"https:\/\/essax.es\/it\/wp-json\/wp\/v2\/media?parent=101637"}],"wp:term":[{"taxonomy":"product_brand","embeddable":true,"href":"https:\/\/essax.es\/it\/wp-json\/wp\/v2\/product_brand?post=101637"},{"taxonomy":"product_cat","embeddable":true,"href":"https:\/\/essax.es\/it\/wp-json\/wp\/v2\/product_cat?post=101637"},{"taxonomy":"product_tag","embeddable":true,"href":"https:\/\/essax.es\/it\/wp-json\/wp\/v2\/product_tag?post=101637"}],"curies":[{"name":"wp","href":"https:\/\/api.w.org\/{rel}","templated":true}]}}