{"id":101985,"date":"2022-09-07T07:33:16","date_gmt":"2022-09-07T07:33:16","guid":{"rendered":"https:\/\/essax.es\/?post_type=product&#038;p=101985"},"modified":"2025-09-01T01:05:45","modified_gmt":"2025-09-01T01:05:45","slug":"era-cromo","status":"publish","type":"product","link":"https:\/\/essax.es\/it\/product\/era-cromo","title":{"rendered":"Sill\u00edn Biclicleta MTB &#8211; Cromo &#8211; 215 gr &#8211; Mod. Era"},"content":{"rendered":"<p><a href=\"https:\/\/essax.es\/wp-content\/uploads\/2022\/09\/JSG7354-scaled.jpg\"><img fetchpriority=\"high\" decoding=\"async\" class=\"alignright size-medium wp-image-101986\" src=\"https:\/\/essax.es\/wp-content\/uploads\/2022\/09\/JSG7354-300x200.jpg\" alt=\"\" width=\"300\" height=\"200\" \/><\/a>Una nuova era di comfort e prestazioni. Grazie alla nostra nuova sella Era, andrai veloce in salita come in discesa. Con il suo nuovo design ergonomico e la sua parte posteriore creata per offrire maggiore presa e stabilit\u00e0, avrai il controllo della bicicletta in ogni situazione.<\/p>\n<p>La nuova sella Era \u00e8 stata progettata per migliorare le tue uscite EMTB e MTB, oltre ad essere perfetta per il Gravel grazie al suo elevato livello di comfort. Infine, la versione da 155 mm offre grande comfort per i tuoi percorsi urbani.<\/p>","protected":false},"excerpt":{"rendered":"<p>Una nueva era de confort y rendimiento. Gracias a nuestro nuevo sill\u00edn Era, ir\u00e1s tan r\u00e1pido en las subidas como en las bajadas. Con su nuevo dise\u00f1o ergon\u00f3mico y su parte trasera creada para ofrecer un mayor agarre y estabilidad, tendr\u00e1s el control de la bicicleta en cualquier situaci\u00f3n. El nuevo sill\u00edn Era ha sido [&hellip;]<\/p>","protected":false},"featured_media":101979,"comment_status":"open","ping_status":"closed","template":"","meta":{"inline_featured_image":false},"product_brand":[],"product_cat":[153,608,609,154],"product_tag":[288,328,287,191],"class_list":{"0":"post-101985","1":"product","2":"type-product","3":"status-publish","4":"has-post-thumbnail","6":"product_cat-sillines-carretera","7":"product_cat-sillin-carretera-era","8":"product_cat-sillin-mtb-era","9":"product_cat-mtb-gravel","10":"product_tag-emtb","11":"product_tag-era","12":"product_tag-montana","13":"product_tag-mtb","14":"pa_ancho-145-mm","15":"pa_ancho-155-mm","16":"pa_color-negro-negro","17":"pa_rail-cromo","19":"first","20":"instock","21":"taxable","22":"shipping-taxable","23":"purchasable","24":"product-type-variable"},"exclude_global_add_ons":[],"addons":[],"_links":{"self":[{"href":"https:\/\/essax.es\/it\/wp-json\/wp\/v2\/product\/101985"}],"collection":[{"href":"https:\/\/essax.es\/it\/wp-json\/wp\/v2\/product"}],"about":[{"href":"https:\/\/essax.es\/it\/wp-json\/wp\/v2\/types\/product"}],"replies":[{"embeddable":true,"href":"https:\/\/essax.es\/it\/wp-json\/wp\/v2\/comments?post=101985"}],"wp:featuredmedia":[{"embeddable":true,"href":"https:\/\/essax.es\/it\/wp-json\/wp\/v2\/media\/101979"}],"wp:attachment":[{"href":"https:\/\/essax.es\/it\/wp-json\/wp\/v2\/media?parent=101985"}],"wp:term":[{"taxonomy":"product_brand","embeddable":true,"href":"https:\/\/essax.es\/it\/wp-json\/wp\/v2\/product_brand?post=101985"},{"taxonomy":"product_cat","embeddable":true,"href":"https:\/\/essax.es\/it\/wp-json\/wp\/v2\/product_cat?post=101985"},{"taxonomy":"product_tag","embeddable":true,"href":"https:\/\/essax.es\/it\/wp-json\/wp\/v2\/product_tag?post=101985"}],"curies":[{"name":"wp","href":"https:\/\/api.w.org\/{rel}","templated":true}]}}