{"id":102005,"date":"2022-09-12T06:56:15","date_gmt":"2022-09-12T06:56:15","guid":{"rendered":"https:\/\/essax.es\/?post_type=product&#038;p=102005"},"modified":"2026-04-14T12:05:00","modified_gmt":"2026-04-14T12:05:00","slug":"aitana-cromo","status":"publish","type":"product","link":"https:\/\/essax.es\/it\/product\/aitana-cromo","title":{"rendered":"Sella Bici da Corsa \u2013 Cromata \u2013 170 gr \u2013 Mod. Aitana"},"content":{"rendered":"<p><a href=\"https:\/\/essax.es\/wp-content\/uploads\/2021\/11\/equipo-essax.jpg\"><img fetchpriority=\"high\" decoding=\"async\" class=\"alignright size-medium wp-image-101582\" src=\"https:\/\/essax.es\/wp-content\/uploads\/2021\/11\/equipo-essax-235x300.jpg\" alt=\"\" width=\"235\" height=\"300\" srcset=\"https:\/\/essax.es\/wp-content\/uploads\/2021\/11\/equipo-essax-235x300.jpg 235w, https:\/\/essax.es\/wp-content\/uploads\/2021\/11\/equipo-essax-9x12.jpg 9w, https:\/\/essax.es\/wp-content\/uploads\/2021\/11\/equipo-essax-768x979.jpg 768w, https:\/\/essax.es\/wp-content\/uploads\/2021\/11\/equipo-essax-769x980.jpg 769w, https:\/\/essax.es\/wp-content\/uploads\/2021\/11\/equipo-essax-84x107.jpg 84w, https:\/\/essax.es\/wp-content\/uploads\/2021\/11\/equipo-essax-200x255.jpg 200w, https:\/\/essax.es\/wp-content\/uploads\/2021\/11\/equipo-essax-450x574.jpg 450w, https:\/\/essax.es\/wp-content\/uploads\/2021\/11\/equipo-essax-600x765.jpg 600w, https:\/\/essax.es\/wp-content\/uploads\/2021\/11\/equipo-essax-620x790.jpg 620w, https:\/\/essax.es\/wp-content\/uploads\/2021\/11\/equipo-essax.jpg 800w\" sizes=\"(max-width: 235px) 100vw, 235px\" \/><\/a><\/p>\n<p>Vi presentiamo la nostra nuova sella Aitana: la massima espressione di velocit\u00e0 e prestazioni irraggiungibili.<\/p>\n<p>Grazie alla sua nuova costruzione in carbonio e ai materiali ultraleggeri, noterai a malapena che \u00e8 sulla tua bici. Questa sella \u00e8 progettata per chi cerca il perfetto equilibrio tra leggerezza e resistenza, permettendoti di raggiungere il tuo massimo potenziale ad ogni pedalata. La riduzione del peso non ne compromette la durata, garantendo che la sella Aitana ti accompagni in tutte le tue sfide ciclistiche.<\/p>\n<p>Ma per ottenere queste elevate prestazioni non abbiamo dimenticato il comfort e l&#039;ergonomia. La nuova sella Aitana mantiene le caratteristiche ergonomiche dei suoi predecessori, permettendoti di percorrere lunghe distanze in bicicletta senza problemi o fastidi. Il suo design include un canale centrale che favorisce il flusso di ossigeno, riducendo al minimo la pressione e prevenendo l&#039;intorpidimento, cos\u00ec puoi esibirti al meglio pi\u00f9 a lungo. Inoltre, il suo profilo attentamente progettato e i materiali avanzati forniscono un&#039;eccellente distribuzione del peso e ammortizzazione, riducendo l&#039;affaticamento e aumentando il comfort su qualsiasi terreno.<\/p>\n<p>La sella Aitana non ti offre solo velocit\u00e0 e prestazioni, ma anche un&#039;esperienza ciclistica senza pari. La combinazione di tecnologia all&#039;avanguardia e attenzione ai dettagli rende questa sella un&#039;opzione imbattibile per i ciclisti pi\u00f9 esigenti.<\/p>\n<p>I rivali non ti vedranno passare. Con la sella Aitana sarai sempre un passo avanti, godendoti ogni chilometro con la certezza di avere il meglio sotto di te. Trasforma ogni uscita in un&#039;opportunit\u00e0 per superare i propri limiti e scoprire nuove frontiere con la sella Aitana di Essax.<\/p>","protected":false},"excerpt":{"rendered":"<p>Presentamos nuestro nuevo sill\u00edn Aitana: la m\u00e1xima expresi\u00f3n de velocidad y rendimiento inalcanzable. Gracias a su nueva construcci\u00f3n en carbono y materiales ultraligeros, apenas notar\u00e1s que est\u00e1 en tu bicicleta. Este sill\u00edn est\u00e1 dise\u00f1ado para aquellos que buscan el equilibrio perfecto entre ligereza y resistencia, permiti\u00e9ndote alcanzar tu m\u00e1ximo potencial en cada pedalada. La reducci\u00f3n [&hellip;]<\/p>","protected":false},"featured_media":102082,"comment_status":"open","ping_status":"closed","template":"","meta":{"inline_featured_image":false},"product_brand":[],"product_cat":[600,153,245],"product_tag":[188,179,175,330,284,331,184],"class_list":{"0":"post-102005","1":"product","2":"type-product","3":"status-publish","4":"has-post-thumbnail","6":"product_cat-sillin-carretera-aitana","7":"product_cat-sillines-carretera","8":"product_cat-essax-destacados","9":"product_tag-aitana","10":"product_tag-carbono","11":"product_tag-carretera","12":"product_tag-chrome","13":"product_tag-cromo","14":"product_tag-light","15":"product_tag-road","16":"pa_ancho-140-mm","17":"pa_color-negro-negro","18":"pa_rail-cromo","20":"first","21":"instock","22":"taxable","23":"shipping-taxable","24":"purchasable","25":"product-type-simple"},"exclude_global_add_ons":[],"addons":[],"_links":{"self":[{"href":"https:\/\/essax.es\/it\/wp-json\/wp\/v2\/product\/102005"}],"collection":[{"href":"https:\/\/essax.es\/it\/wp-json\/wp\/v2\/product"}],"about":[{"href":"https:\/\/essax.es\/it\/wp-json\/wp\/v2\/types\/product"}],"replies":[{"embeddable":true,"href":"https:\/\/essax.es\/it\/wp-json\/wp\/v2\/comments?post=102005"}],"wp:featuredmedia":[{"embeddable":true,"href":"https:\/\/essax.es\/it\/wp-json\/wp\/v2\/media\/102082"}],"wp:attachment":[{"href":"https:\/\/essax.es\/it\/wp-json\/wp\/v2\/media?parent=102005"}],"wp:term":[{"taxonomy":"product_brand","embeddable":true,"href":"https:\/\/essax.es\/it\/wp-json\/wp\/v2\/product_brand?post=102005"},{"taxonomy":"product_cat","embeddable":true,"href":"https:\/\/essax.es\/it\/wp-json\/wp\/v2\/product_cat?post=102005"},{"taxonomy":"product_tag","embeddable":true,"href":"https:\/\/essax.es\/it\/wp-json\/wp\/v2\/product_tag?post=102005"}],"curies":[{"name":"wp","href":"https:\/\/api.w.org\/{rel}","templated":true}]}}