{"id":102014,"date":"2022-09-12T08:57:01","date_gmt":"2022-09-12T08:57:01","guid":{"rendered":"https:\/\/essax.es\/?post_type=product&#038;p=102014"},"modified":"2026-03-24T10:39:40","modified_gmt":"2026-03-24T10:39:40","slug":"iris-acero","status":"publish","type":"product","link":"https:\/\/essax.es\/it\/product\/iris-acero","title":{"rendered":"Sill\u00edn Bicicleta Carretera \/ MTB &#8211; Acero &#8211; 280gr &#8211; Mod. Iris"},"content":{"rendered":"<p><a href=\"https:\/\/essax.es\/wp-content\/uploads\/2021\/11\/x-sauce.jpg\"><img fetchpriority=\"high\" decoding=\"async\" class=\"alignright size-medium wp-image-101586\" src=\"https:\/\/essax.es\/wp-content\/uploads\/2021\/11\/x-sauce-235x300.jpg\" alt=\"\" width=\"235\" height=\"300\" srcset=\"https:\/\/essax.es\/wp-content\/uploads\/2021\/11\/x-sauce-235x300.jpg 235w, https:\/\/essax.es\/wp-content\/uploads\/2021\/11\/x-sauce-9x12.jpg 9w, https:\/\/essax.es\/wp-content\/uploads\/2021\/11\/x-sauce-768x979.jpg 768w, https:\/\/essax.es\/wp-content\/uploads\/2021\/11\/x-sauce-769x980.jpg 769w, https:\/\/essax.es\/wp-content\/uploads\/2021\/11\/x-sauce-84x107.jpg 84w, https:\/\/essax.es\/wp-content\/uploads\/2021\/11\/x-sauce-200x255.jpg 200w, https:\/\/essax.es\/wp-content\/uploads\/2021\/11\/x-sauce-450x574.jpg 450w, https:\/\/essax.es\/wp-content\/uploads\/2021\/11\/x-sauce-600x765.jpg 600w, https:\/\/essax.es\/wp-content\/uploads\/2021\/11\/x-sauce-620x790.jpg 620w, https:\/\/essax.es\/wp-content\/uploads\/2021\/11\/x-sauce.jpg 800w\" sizes=\"(max-width: 235px) 100vw, 235px\" \/><\/a><\/p>\n<p>Massimo comfort. La nuova sella Iris si basa sulla stessa struttura della sorella Aitana, ma con la regolazione del comfort portata ai massimi livelli. Progettata meticolosamente per offrire un&#039;esperienza ciclistica superiore, Iris \u00e8 il risultato di un processo di sviluppo incentrato sull&#039;utente e di un&#039;analisi dettagliata delle esigenze dei nostri ciclisti.<\/p>\n<p>L&#039;idea dell&#039;Iris \u00e8 nata dopo aver ascoltato l&#039;enorme feedback dei nostri clienti e atleti, che cercano una sella comoda per lunghe giornate in bicicletta, sia durante le gite con amici e familiari che durante i viaggi solitari. Senza rinunciare alle caratteristiche ergonomiche avanzate che caratterizzano la versione stradale, l&#039;Iris incorpora miglioramenti significativi per massimizzare il comfort senza compromettere le prestazioni.<\/p>\n<p>Con risultati incredibili sia nei bambini che negli adulti, la sella Iris si adatta perfettamente a tutte le et\u00e0 e livelli di esperienza. Il suo design versatile ed ergonomico lo rende la scelta ideale per qualsiasi tipo di ciclista, offrendo un comfort eccezionale ad ogni pedalata.<\/p>\n<p>Ideale sia per la montagna che per la strada, la Iris \u00e8 la sella pi\u00f9 ergonomica e versatile della nostra gamma. La sua struttura robusta e leggera, abbinata a materiali di alta qualit\u00e0, garantisce durata e resistenza, mentre il suo design accuratamente realizzato assicura una distribuzione uniforme del peso, riducendo i punti di pressione ed evitando disagi durante le lunghe pedalate.<\/p>\n<p>L&#039;Iris non rappresenta solo un miglioramento del comfort, ma anche delle prestazioni. La sua forma innovativa e l&#039;imbottitura ottimizzata consentono una maggiore libert\u00e0 di movimento e una migliore postura, risultando in un&#039;esperienza ciclistica pi\u00f9 efficiente e piacevole. Che tu stia affrontando terreni accidentati in montagna o percorrendo lunghe distanze su strada, Iris ti offre il supporto di cui hai bisogno per superare qualsiasi sfida.<\/p>\n<p>La nuova sella Iris di Essax \u00e8, senza dubbio, un investimento in qualit\u00e0 e comfort. Con lui non puoi sbagliare. \u00c8 l&#039;opzione perfetta per chi cerca il meglio in termini di ergonomia, versatilit\u00e0 e prestazioni nelle proprie avventure ciclistiche.<\/p>","protected":false},"excerpt":{"rendered":"<p>Massimo comfort. La nuova sella Iris si basa sulla stessa struttura della sorella Aitana, ma con la regolazione del comfort portata ai massimi livelli. Progettato meticolosamente per offrire un&#039;esperienza ciclistica superiore, l&#039;Iris \u00e8 il risultato di un processo di sviluppo incentrato sull&#039;utente e di un&#039;analisi dettagliata di [\u2026]<\/p>","protected":false},"featured_media":102097,"comment_status":"open","ping_status":"closed","template":"","meta":{"inline_featured_image":false},"product_brand":[],"product_cat":[153,604,602,154],"product_tag":[340,175,337,339,338,287,184,336],"class_list":{"0":"post-102014","1":"product","2":"type-product","3":"status-publish","4":"has-post-thumbnail","6":"product_cat-sillines-carretera","7":"product_cat-mtb-gravel-iris","8":"product_cat-sillin-carretera-iris","9":"product_cat-mtb-gravel","10":"product_tag-acero","11":"product_tag-carretera","12":"product_tag-confort","13":"product_tag-fec","14":"product_tag-iris","15":"product_tag-montana","16":"product_tag-road","17":"product_tag-tmb","19":"first","20":"instock","21":"taxable","22":"shipping-taxable","23":"purchasable","24":"product-type-simple"},"exclude_global_add_ons":[],"addons":[],"_links":{"self":[{"href":"https:\/\/essax.es\/it\/wp-json\/wp\/v2\/product\/102014"}],"collection":[{"href":"https:\/\/essax.es\/it\/wp-json\/wp\/v2\/product"}],"about":[{"href":"https:\/\/essax.es\/it\/wp-json\/wp\/v2\/types\/product"}],"replies":[{"embeddable":true,"href":"https:\/\/essax.es\/it\/wp-json\/wp\/v2\/comments?post=102014"}],"wp:featuredmedia":[{"embeddable":true,"href":"https:\/\/essax.es\/it\/wp-json\/wp\/v2\/media\/102097"}],"wp:attachment":[{"href":"https:\/\/essax.es\/it\/wp-json\/wp\/v2\/media?parent=102014"}],"wp:term":[{"taxonomy":"product_brand","embeddable":true,"href":"https:\/\/essax.es\/it\/wp-json\/wp\/v2\/product_brand?post=102014"},{"taxonomy":"product_cat","embeddable":true,"href":"https:\/\/essax.es\/it\/wp-json\/wp\/v2\/product_cat?post=102014"},{"taxonomy":"product_tag","embeddable":true,"href":"https:\/\/essax.es\/it\/wp-json\/wp\/v2\/product_tag?post=102014"}],"curies":[{"name":"wp","href":"https:\/\/api.w.org\/{rel}","templated":true}]}}