{"id":102028,"date":"2022-09-12T09:51:30","date_gmt":"2022-09-12T09:51:30","guid":{"rendered":"https:\/\/essax.es\/?post_type=product&#038;p=102028"},"modified":"2025-10-24T09:22:31","modified_gmt":"2025-10-24T09:22:31","slug":"tudons-carbono-3","status":"publish","type":"product","link":"https:\/\/essax.es\/it\/product\/tudons-carbono-3","title":{"rendered":"Sella Bicicletta Strada\/MTB \u2013 Carbonio \u2013 155gr \u2013 Mod. Tudons"},"content":{"rendered":"<p><a href=\"https:\/\/essax.es\/wp-content\/uploads\/2022\/09\/JSG7385-scaled.jpg\"><img fetchpriority=\"high\" decoding=\"async\" class=\"alignright wp-image-102022\" src=\"https:\/\/essax.es\/wp-content\/uploads\/2022\/09\/JSG7385-300x200.jpg\" alt=\"\" width=\"500\" height=\"333\" \/><\/a><\/p>\n<p>Robusto e versatile. Questi erano gli standard che abbiamo utilizzato per sviluppare la nuova sella Tudons.<\/p>\n<p>La nuova sella Tudons \u00e8 cos\u00ec versatile che l&#039;abbiamo testata su diversi tipi di biciclette: EMTB, Gravel, Trekking e Strada, ottenendo risultati incredibili in ciascuna di esse. Qualunque sia il terreno o la modalit\u00e0, il Tudons ha dimostrato di essere un compagno affidabile, adattandosi perfettamente alle varie esigenze e stili di guida.<\/p>\n<p>Basandosi sulle basi ergonomiche dei suoi fratelli, abbiamo inserito una parte centrale coperta che offre tutti i vantaggi ergonomici essenziali. Questa aggiunta non solo ottimizza il comfort riducendo i punti di pressione, ma contribuisce anche a una migliore ventilazione e circolazione dell&#039;aria, fondamentali per le lunghe giornate di guida.<\/p>\n<p>Inoltre, abbiamo migliorato la resistenza e la durata dell&#039;assemblaggio della sella, utilizzando materiali di alta qualit\u00e0 e tecniche di produzione avanzate. Il risultato \u00e8 una sella che non solo offre prestazioni superiori in termini di comfort ed ergonomia, ma resiste anche alle condizioni pi\u00f9 impegnative e all&#039;uso intensivo senza comprometterne l&#039;integrit\u00e0.<\/p>\n<p>Le Tudon possono diventare l&#039;unica sella di cui hai bisogno, indipendentemente dalla modalit\u00e0 che pratichi. Il suo design robusto e l&#039;eccezionale adattabilit\u00e0 ti assicurano di essere sempre pronto ad affrontare qualsiasi sfida, sia in un&#039;avventura fuoristrada, in un percorso a lunga distanza o in una piacevole passeggiata in citt\u00e0. Con la sella Tudons comfort, resistenza e versatilit\u00e0 sono garantiti ad ogni pedalata.<\/p>","protected":false},"excerpt":{"rendered":"<p>Robusto y vers\u00e1til. Esas fueron las normas que utilizamos para desarrollar el nuevo sill\u00edn Tudons. El nuevo sill\u00edn Tudons es tan vers\u00e1til que lo hemos probado en diferentes tipos de bicicletas: EMTB&#8217;s, Gravel, Trekking y Carretera, obteniendo resultados incre\u00edbles en cada una de ellas. No importa el terreno o la modalidad, el Tudons ha demostrado [&hellip;]<\/p>","protected":false},"featured_media":102091,"comment_status":"open","ping_status":"closed","template":"","meta":{"inline_featured_image":false},"product_brand":[],"product_cat":[153,154,601,603],"product_tag":[],"class_list":{"0":"post-102028","1":"product","2":"type-product","3":"status-publish","4":"has-post-thumbnail","6":"product_cat-sillines-carretera","7":"product_cat-mtb-gravel","8":"product_cat-sillin-carretera-tudons","9":"product_cat-mtb-gravel-tudons","10":"pa_ancho-140-mm","11":"pa_color-negro-negro","12":"pa_rail-carbono","14":"first","15":"instock","16":"taxable","17":"shipping-taxable","18":"purchasable","19":"product-type-simple"},"exclude_global_add_ons":[],"addons":[],"_links":{"self":[{"href":"https:\/\/essax.es\/it\/wp-json\/wp\/v2\/product\/102028"}],"collection":[{"href":"https:\/\/essax.es\/it\/wp-json\/wp\/v2\/product"}],"about":[{"href":"https:\/\/essax.es\/it\/wp-json\/wp\/v2\/types\/product"}],"replies":[{"embeddable":true,"href":"https:\/\/essax.es\/it\/wp-json\/wp\/v2\/comments?post=102028"}],"wp:featuredmedia":[{"embeddable":true,"href":"https:\/\/essax.es\/it\/wp-json\/wp\/v2\/media\/102091"}],"wp:attachment":[{"href":"https:\/\/essax.es\/it\/wp-json\/wp\/v2\/media?parent=102028"}],"wp:term":[{"taxonomy":"product_brand","embeddable":true,"href":"https:\/\/essax.es\/it\/wp-json\/wp\/v2\/product_brand?post=102028"},{"taxonomy":"product_cat","embeddable":true,"href":"https:\/\/essax.es\/it\/wp-json\/wp\/v2\/product_cat?post=102028"},{"taxonomy":"product_tag","embeddable":true,"href":"https:\/\/essax.es\/it\/wp-json\/wp\/v2\/product_tag?post=102028"}],"curies":[{"name":"wp","href":"https:\/\/api.w.org\/{rel}","templated":true}]}}