{"id":103939,"date":"2024-10-17T11:47:41","date_gmt":"2024-10-17T11:47:41","guid":{"rendered":"https:\/\/essax.es\/?post_type=product&#038;p=103939"},"modified":"2024-12-10T08:56:41","modified_gmt":"2024-12-10T08:56:41","slug":"sillin-bicicleta-mtb-chromo-215gr-mod-era-terra","status":"publish","type":"product","link":"https:\/\/essax.es\/it\/product\/sillin-bicicleta-mtb-chromo-215gr-mod-era-terra","title":{"rendered":"Sill\u00edn Bicicleta MTB \u2013 Chromo &#8211; 215gr \u2013 Mod. Era Terra"},"content":{"rendered":"<p><strong>ERA TERRA<\/strong> es nuestra versi\u00f3n de sill\u00edn sostenible. Su chasis de Poliamida Vegetal reforzado con fibra de carbono, su espuma fabricada de Biopolioles provenientes de la soja, y su microfibra ecol\u00f3<a href=\"https:\/\/essax.es\/wp-content\/uploads\/2022\/09\/JSG7354-scaled.jpg\"><img fetchpriority=\"high\" decoding=\"async\" class=\"size-medium wp-image-101986 alignright\" src=\"https:\/\/essax.es\/wp-content\/uploads\/2022\/09\/JSG7354-300x200.jpg\" alt=\"\" width=\"300\" height=\"200\" \/><\/a>gica, lo convierten en un sill\u00edn altamente respetuosos con el medio ambiente, el cual nos lleva a una nueva ERA de sillines sostenibles, a\u00a0\u00a0una nueva ERA de confort y rendimiento. Gracias a nuestro nuevo sill\u00edn Era, ir\u00e1s tan r\u00e1pido en las subidas como en las bajadas. Con su nuevo dise\u00f1o ergon\u00f3mico y su parte trasera creada para ofrecer un mayor agarre y estabilidad, tendr\u00e1s el control de la bicicleta en cualquier situaci\u00f3n.<\/p>\n<p>La nuova sella Era \u00e8 stata progettata per migliorare le tue uscite EMTB e MTB, oltre ad essere perfetta per il Gravel grazie al suo elevato livello di comfort. Infine, la versione da 155 mm offre grande comfort per i tuoi percorsi urbani.<\/p>\n<p>&nbsp;<\/p>","protected":false},"excerpt":{"rendered":"<p>ERA TERRA es nuestra versi\u00f3n de sill\u00edn sostenible. Su chasis de Poliamida Vegetal reforzado con fibra de carbono, su espuma fabricada de Biopolioles provenientes de la soja, y su microfibra ecol\u00f3gica, lo convierten en un sill\u00edn altamente respetuosos con el medio ambiente, el cual nos lleva a una nueva ERA de sillines sostenibles, a\u00a0\u00a0una nueva [&hellip;]<\/p>","protected":false},"featured_media":103885,"comment_status":"open","ping_status":"closed","template":"","meta":{"inline_featured_image":false},"product_brand":[],"product_cat":[607],"product_tag":[192,294,296,297,190],"class_list":{"0":"post-103939","1":"product","2":"type-product","3":"status-publish","4":"has-post-thumbnail","6":"product_cat-mtb-gravel-eraterra","7":"product_tag-gravel","8":"product_tag-mtb-saddle","9":"product_tag-sillin-btt","10":"product_tag-sillin-mtb","11":"product_tag-xc","12":"pa_ancho-145-mm","13":"pa_ancho-155-mm","14":"pa_rail-cromo","16":"first","17":"instock","18":"taxable","19":"shipping-taxable","20":"purchasable","21":"product-type-variable"},"exclude_global_add_ons":[],"addons":[],"_links":{"self":[{"href":"https:\/\/essax.es\/it\/wp-json\/wp\/v2\/product\/103939"}],"collection":[{"href":"https:\/\/essax.es\/it\/wp-json\/wp\/v2\/product"}],"about":[{"href":"https:\/\/essax.es\/it\/wp-json\/wp\/v2\/types\/product"}],"replies":[{"embeddable":true,"href":"https:\/\/essax.es\/it\/wp-json\/wp\/v2\/comments?post=103939"}],"wp:featuredmedia":[{"embeddable":true,"href":"https:\/\/essax.es\/it\/wp-json\/wp\/v2\/media\/103885"}],"wp:attachment":[{"href":"https:\/\/essax.es\/it\/wp-json\/wp\/v2\/media?parent=103939"}],"wp:term":[{"taxonomy":"product_brand","embeddable":true,"href":"https:\/\/essax.es\/it\/wp-json\/wp\/v2\/product_brand?post=103939"},{"taxonomy":"product_cat","embeddable":true,"href":"https:\/\/essax.es\/it\/wp-json\/wp\/v2\/product_cat?post=103939"},{"taxonomy":"product_tag","embeddable":true,"href":"https:\/\/essax.es\/it\/wp-json\/wp\/v2\/product_tag?post=103939"}],"curies":[{"name":"wp","href":"https:\/\/api.w.org\/{rel}","templated":true}]}}