{"id":103942,"date":"2024-10-17T12:03:18","date_gmt":"2024-10-17T12:03:18","guid":{"rendered":"https:\/\/essax.es\/?post_type=product&#038;p=103942"},"modified":"2025-10-24T08:49:26","modified_gmt":"2025-10-24T08:49:26","slug":"sillin-bicicleta-carretera-mtb-titanio-200-gr-mod-eon","status":"publish","type":"product","link":"https:\/\/essax.es\/it\/product\/sillin-bicicleta-carretera-mtb-titanio-200-gr-mod-eon","title":{"rendered":"Sill\u00edn Bicicleta Carretera \/ MTB &#8211; Titanio &#8211; 170 gr &#8211; Mod. E\u00f3n"},"content":{"rendered":"<p><a href=\"https:\/\/essax.es\/wp-content\/uploads\/2022\/01\/JSG7368-scaled.jpg\"><img fetchpriority=\"high\" decoding=\"async\" class=\"alignright size-medium wp-image-101997\" src=\"https:\/\/essax.es\/wp-content\/uploads\/2022\/01\/JSG7368-200x300.jpg\" alt=\"\" width=\"200\" height=\"300\" \/><\/a>Nella mitologia greca, Eone \u00e8 il dio dell&#039;eternit\u00e0, che non contempla obiettivi o piani, ma piuttosto promuove un&#039;azione che ha un significato in s\u00e9. Ora&quot;. Il &quot;fallo&quot;. Lui comincia&quot;. Non invano \u00e8 lui il dio che Machado ha invocato in quel \u201cCamminatore, non c\u2019\u00e8 cammino, il cammino si fa camminando\u201d.<\/p>\n<p>E il nome scelto per la nostra nuova sella non \u00e8 un caso. E\u00f3n \u00e8 pensato per te, indipendentemente dal sesso, dal livello o dalla disciplina ciclistica. \u00c8 pensato per coloro per i quali la fine non \u00e8 importante quanto il percorso intrapreso prima di raggiungerla.<\/p>\n<p>E\u00f3n \u00e8 uno dei modelli pi\u00f9 avanzati usciti fino ad oggi dalla nostra fabbrica, che ha comportato centinaia di studi biomeccanici, tracce di pressione, test di qualit\u00e0 e prove di competizione. Il suo design e la sua ergonomia sono stati studiati a fondo per due anni per adattarsi a qualsiasi tipo di fisionomia. La grande sfida nel suo sviluppo \u00e8 stata quella di garantire una corretta circolazione sanguigna nella zona perineale durante la pedalata. Ci\u00f2 \u00e8 stato ottenuto combinando una larghezza maggiore (145 mm) per una migliore ridistribuzione del peso, una lunghezza della sella pi\u00f9 corta, lo spazio centrale e l&#039;intero canale longitudinale.<\/p>","protected":false},"excerpt":{"rendered":"<p>En la mitolog\u00eda griega, E\u00f3n es el dios de la eternidad, que no contempla ni los objetivos ni los planes, sino que promueve la acci\u00f3n que tenga sentido en s\u00ed misma. El &#8220;ahora&#8221;. El &#8220;hazlo&#8221;. El &#8220;empieza&#8221;. No en vano, es el dios que invocaba Machado en aquel &#8220;Caminante no hay camino, se hace camino [&hellip;]<\/p>","protected":false},"featured_media":101992,"comment_status":"open","ping_status":"closed","template":"","meta":{"inline_featured_image":false},"product_brand":[],"product_cat":[153,245,599,154],"product_tag":[284,281,282,152,151],"class_list":{"0":"post-103942","1":"product","2":"type-product","3":"status-publish","4":"has-post-thumbnail","6":"product_cat-sillines-carretera","7":"product_cat-essax-destacados","8":"product_cat-sillin-carretera-eon","9":"product_cat-mtb-gravel","10":"product_tag-cromo","11":"product_tag-eon","12":"product_tag-essax-eon","13":"product_tag-road-saddle","14":"product_tag-sillin-carretera","15":"pa_ancho-145-mm","16":"pa_ancho-155-mm","17":"pa_color-negro-negro","18":"pa_rail-titanio","20":"first","21":"outofstock","22":"featured","23":"taxable","24":"shipping-taxable","25":"purchasable","26":"product-type-simple"},"exclude_global_add_ons":[],"addons":[],"_links":{"self":[{"href":"https:\/\/essax.es\/it\/wp-json\/wp\/v2\/product\/103942"}],"collection":[{"href":"https:\/\/essax.es\/it\/wp-json\/wp\/v2\/product"}],"about":[{"href":"https:\/\/essax.es\/it\/wp-json\/wp\/v2\/types\/product"}],"replies":[{"embeddable":true,"href":"https:\/\/essax.es\/it\/wp-json\/wp\/v2\/comments?post=103942"}],"wp:featuredmedia":[{"embeddable":true,"href":"https:\/\/essax.es\/it\/wp-json\/wp\/v2\/media\/101992"}],"wp:attachment":[{"href":"https:\/\/essax.es\/it\/wp-json\/wp\/v2\/media?parent=103942"}],"wp:term":[{"taxonomy":"product_brand","embeddable":true,"href":"https:\/\/essax.es\/it\/wp-json\/wp\/v2\/product_brand?post=103942"},{"taxonomy":"product_cat","embeddable":true,"href":"https:\/\/essax.es\/it\/wp-json\/wp\/v2\/product_cat?post=103942"},{"taxonomy":"product_tag","embeddable":true,"href":"https:\/\/essax.es\/it\/wp-json\/wp\/v2\/product_tag?post=103942"}],"curies":[{"name":"wp","href":"https:\/\/api.w.org\/{rel}","templated":true}]}}