{"id":99441,"date":"2020-07-22T06:11:17","date_gmt":"2020-07-22T06:11:17","guid":{"rendered":"https:\/\/essax.es\/?post_type=product&#038;p=99441"},"modified":"2025-10-24T08:49:29","modified_gmt":"2025-10-24T08:49:29","slug":"oahu","status":"publish","type":"product","link":"https:\/\/essax.es\/it\/product\/oahu","title":{"rendered":"Sella Oahu \u2013 Titanio \u2013 170 gr."},"content":{"rendered":"<p><a href=\"https:\/\/essax.es\/wp-content\/uploads\/2020\/07\/essax-oahu-3-sillin-saddle.jpg\"><img fetchpriority=\"high\" decoding=\"async\" class=\"alignright size-medium wp-image-99656\" src=\"https:\/\/essax.es\/wp-content\/uploads\/2020\/07\/essax-oahu-3-sillin-saddle-300x253.jpg\" alt=\"essax-oahu-sillin-bike-saddle-triathlon-triatlon-ironman\" width=\"300\" height=\"253\" srcset=\"https:\/\/essax.es\/wp-content\/uploads\/2020\/07\/essax-oahu-3-sillin-saddle-300x253.jpg 300w, https:\/\/essax.es\/wp-content\/uploads\/2020\/07\/essax-oahu-3-sillin-saddle-14x12.jpg 14w, https:\/\/essax.es\/wp-content\/uploads\/2020\/07\/essax-oahu-3-sillin-saddle-768x648.jpg 768w, https:\/\/essax.es\/wp-content\/uploads\/2020\/07\/essax-oahu-3-sillin-saddle-769x649.jpg 769w, https:\/\/essax.es\/wp-content\/uploads\/2020\/07\/essax-oahu-3-sillin-saddle-84x71.jpg 84w, https:\/\/essax.es\/wp-content\/uploads\/2020\/07\/essax-oahu-3-sillin-saddle-200x169.jpg 200w, https:\/\/essax.es\/wp-content\/uploads\/2020\/07\/essax-oahu-3-sillin-saddle-450x380.jpg 450w, https:\/\/essax.es\/wp-content\/uploads\/2020\/07\/essax-oahu-3-sillin-saddle.jpg 800w\" sizes=\"(max-width: 300px) 100vw, 300px\" \/><\/a>Ai piedi di vulcani dormienti, su strade infinite circondate da campi di lava pietrificata, e sotto un sole e un&#039;umidit\u00e0 di giustizia, nel 1978 nasce la leggenda dell&#039;Ironman. Senza volerlo, era appena stato inventato un nuovo sport; il triathlon.<\/p>\n<p>Oahu, l&#039;isola hawaiana dove si \u00e8 svolto il primo settore ciclistico della storia, d\u00e0 il nome alla nostra nuova sella per quella modalit\u00e0.<\/p>\n<p>Presenta una punta pi\u00f9 ampia, per una maggiore superficie di appoggio in posizione Aero, nonch\u00e9 uno spazio antiprostatico sulla punta per scaricare la pressione nella zona perineale.<\/p>\n<p>Testato da\u00a0<a href=\"http:\/\/www.aero-coach.co.uk\/\" target=\"_blank\" rel=\"noopener\">Aeroallenatore<\/a>, sviluppato da\u00a0<a href=\"http:\/\/custom4.us\/\" target=\"_blank\" rel=\"noopener\">Custom4.us<\/a> e prodotto da Essax.<\/p>\n<ul class=\"list-style list-style-7 list-style7-1\">\n<li>\u00c8 una delle selle che grazie al suo design precedente fornisce maggiore stabilit\u00e0 al bacino, riducendo significativamente il CDA del ciclista.<\/li>\n<li>La sua innovativa forma ergonomica rallenta la rotazione dell&#039;ischio senza esercitare una pressione eccessiva sul perineo.<\/li>\n<li>La punta pi\u00f9 ampia con canale antiprostatico consente una posizione classica ottimale senza aggancio, che migliora le prestazioni in pendenza.<\/li>\n<\/ul>","protected":false},"excerpt":{"rendered":"<p>Prodotto per il triathlon e le prove a cronometro, la sua ergonomia con un naso estremamente ampio consente al ciclista di mantenere comodamente una buona posizione aerodinamica per ore, massimizzando i watt. \u201cPi\u00f9 watt, meno vento\u201d<\/p>\n<p><span style=\"font-size: 14pt;\"><strong>Peso: 170 gr.<\/strong><\/span><br \/>\nBinario: titanio<\/p>","protected":false},"featured_media":99658,"comment_status":"open","ping_status":"closed","template":"","meta":{"inline_featured_image":false},"product_brand":[],"product_cat":[156],"product_tag":[198,201,200,199],"class_list":{"0":"post-99441","1":"product","2":"type-product","3":"status-publish","4":"has-post-thumbnail","6":"product_cat-triatlon-contrarreloj","7":"product_tag-oahu","8":"product_tag-tri","9":"product_tag-triathlon","10":"product_tag-triatlon","11":"pa_ancho-140-mm","12":"pa_color-blanco-negro","13":"pa_color-negro-negro","14":"pa_color-negro-blanco","15":"pa_rail-titanio","17":"first","18":"outofstock","19":"taxable","20":"shipping-taxable","21":"purchasable","22":"product-type-variable"},"exclude_global_add_ons":[],"addons":[],"_links":{"self":[{"href":"https:\/\/essax.es\/it\/wp-json\/wp\/v2\/product\/99441"}],"collection":[{"href":"https:\/\/essax.es\/it\/wp-json\/wp\/v2\/product"}],"about":[{"href":"https:\/\/essax.es\/it\/wp-json\/wp\/v2\/types\/product"}],"replies":[{"embeddable":true,"href":"https:\/\/essax.es\/it\/wp-json\/wp\/v2\/comments?post=99441"}],"wp:featuredmedia":[{"embeddable":true,"href":"https:\/\/essax.es\/it\/wp-json\/wp\/v2\/media\/99658"}],"wp:attachment":[{"href":"https:\/\/essax.es\/it\/wp-json\/wp\/v2\/media?parent=99441"}],"wp:term":[{"taxonomy":"product_brand","embeddable":true,"href":"https:\/\/essax.es\/it\/wp-json\/wp\/v2\/product_brand?post=99441"},{"taxonomy":"product_cat","embeddable":true,"href":"https:\/\/essax.es\/it\/wp-json\/wp\/v2\/product_cat?post=99441"},{"taxonomy":"product_tag","embeddable":true,"href":"https:\/\/essax.es\/it\/wp-json\/wp\/v2\/product_tag?post=99441"}],"curies":[{"name":"wp","href":"https:\/\/api.w.org\/{rel}","templated":true}]}}