{"id":99500,"date":"2020-07-22T10:02:05","date_gmt":"2020-07-22T10:02:05","guid":{"rendered":"https:\/\/essax.es\/?post_type=product&#038;p=99500"},"modified":"2026-04-22T04:47:27","modified_gmt":"2026-04-22T04:47:27","slug":"shark-aleta-s-acero","status":"publish","type":"product","link":"https:\/\/essax.es\/it\/product\/shark-aleta-s-acero","title":{"rendered":"Sella Shark \u2013 Pinna S \u2013 FeC \u2013 270 gr."},"content":{"rendered":"<p><strong><a href=\"https:\/\/essax.es\/wp-content\/uploads\/2020\/07\/essax-shark-3-sillin-saddle.jpg\"><img fetchpriority=\"high\" decoding=\"async\" class=\"alignright size-medium wp-image-99480\" src=\"https:\/\/essax.es\/wp-content\/uploads\/2020\/07\/essax-shark-3-sillin-saddle-300x253.jpg\" alt=\"essax-shark-sillin-bike-saddle-fin\" width=\"300\" height=\"253\" srcset=\"https:\/\/essax.es\/wp-content\/uploads\/2020\/07\/essax-shark-3-sillin-saddle-300x253.jpg 300w, https:\/\/essax.es\/wp-content\/uploads\/2020\/07\/essax-shark-3-sillin-saddle-14x12.jpg 14w, https:\/\/essax.es\/wp-content\/uploads\/2020\/07\/essax-shark-3-sillin-saddle-768x648.jpg 768w, https:\/\/essax.es\/wp-content\/uploads\/2020\/07\/essax-shark-3-sillin-saddle-769x649.jpg 769w, https:\/\/essax.es\/wp-content\/uploads\/2020\/07\/essax-shark-3-sillin-saddle-84x71.jpg 84w, https:\/\/essax.es\/wp-content\/uploads\/2020\/07\/essax-shark-3-sillin-saddle-200x169.jpg 200w, https:\/\/essax.es\/wp-content\/uploads\/2020\/07\/essax-shark-3-sillin-saddle-450x380.jpg 450w, https:\/\/essax.es\/wp-content\/uploads\/2020\/07\/essax-shark-3-sillin-saddle.jpg 800w\" sizes=\"(max-width: 300px) 100vw, 300px\" \/><\/a>Come \u00e8 successo?<\/strong><br \/>\nSei anni fa Essax ruppe tutti gli schemi del settore, cambiando il modo di concepire la sella della bicicletta, che non si evolveva da decenni. Ha lanciato un prodotto completamente nuovo che ha creato (e continua a creare) grandi aspettative in tutto il mondo. Una sella cos\u00ec, di cui tutti parlano, non era mai stata realizzata prima.<\/p>\n<p>Molte migliaia di unit\u00e0 vendute successivamente, e molti pi\u00f9 ciclisti soddisfatti, ci hanno dato ragione e hanno dimostrato che non era una semplice stravaganza attirare l&#039;attenzione. Lo Squalo, funziona.<\/p>\n<p><strong>A cosa serve la pinna?<\/strong><br \/>\n\u00c8 dotato di una pinna centrale, che \u00e8 la chiave di questo set biomeccanico. Il suo posizionamento indica al ciclista come posizionare le ossa del sedere in modo che siano perfettamente supportate sulla sella. Vale a dire; Interagisce con l&#039;utente fornendogli informazioni su come dovrebbe sedersi.<\/p>\n<p>Nelle centinaia di studi biomeccanici reali effettuati durante lo sviluppo di questo prodotto, l&#039;evidenza ci ha detto che la stragrande maggioranza dei ciclisti aveva la percezione sensoriale di essere ben posizionati sulla propria sella, quando la realt\u00e0 mostrava che erano solitamente girati o appoggiati solo su una sella. dei due ischi. Perch\u00e9 se nella vita normale abbiamo qualche tipo di dismetria, in bici questa si moltiplica, poich\u00e9 la postura adottata per pedalare non \u00e8 naturale per il corpo umano.<\/p>\n<p>E se ci\u00f2 non bastasse, quella che inizialmente doveva essere una soluzione terapeutica al disagio di migliaia di ciclisti, \u00e8 diventata un elemento in grado di consentire una maggiore prestazione fisica, e non perch\u00e9 nella bici ci sia un nuovo punto di appoggio, che in In realt\u00e0 non \u00e8 cos\u00ec, ma perch\u00e9 dando stabilit\u00e0 alle anche, la trasmissione della forza ai pedali risulta molto pi\u00f9 efficiente, ottenendo quindi maggiori prestazioni.<\/p>\n<p><strong>\u00c8 approvato?<\/strong><br \/>\nL&#039;Essax Shark \u00e8 brevettato, anche se non \u00e8 consentito il suo utilizzo nelle competizioni ufficiali dell&#039;UCI (Unione Ciclistica Internazionale).<\/p>\n<p><strong>Come \u00e8 posizionato?<\/strong><br \/>\nNonostante forniamo una guida all&#039;installazione, prima di acquistarlo vi consigliamo di consultare preventivamente un professionista biomeccanico, che vi consiglier\u00e0 sul suo corretto posizionamento e utilizzo.<\/p>","protected":false},"excerpt":{"rendered":"<p>La sella di cui tutti parlano. \u00c8 dotato di una pinna centrale, che \u00e8 la chiave di questo set biomeccanico. Il suo posizionamento indica al ciclista come posizionare le ossa del sedere in modo che siano perfettamente supportate sulla sella. Vale a dire; Interagisce con l&#039;utente fornendogli informazioni su come dovrebbe sedersi.<\/p>\n<p><span style=\"font-size: 14pt;\"><strong>Peso: 270 gr.<\/strong><\/span><br \/>\nBinario: acciaio<\/p>","protected":false},"featured_media":99483,"comment_status":"open","ping_status":"closed","template":"","meta":{"inline_featured_image":false},"product_brand":[],"product_cat":[155],"product_tag":[167,165,166],"class_list":{"0":"post-99500","1":"product","2":"type-product","3":"status-publish","4":"has-post-thumbnail","6":"product_cat-biomecanica","7":"product_tag-aleta","8":"product_tag-shark","9":"product_tag-tiburon","10":"pa_ancho-130-mm","11":"pa_ancho-142-mm","12":"pa_color-negro-negro","13":"pa_color-negro-blanco","14":"pa_rail-acero","16":"first","17":"instock","18":"taxable","19":"shipping-taxable","20":"purchasable","21":"product-type-variable"},"exclude_global_add_ons":[],"addons":[],"_links":{"self":[{"href":"https:\/\/essax.es\/it\/wp-json\/wp\/v2\/product\/99500"}],"collection":[{"href":"https:\/\/essax.es\/it\/wp-json\/wp\/v2\/product"}],"about":[{"href":"https:\/\/essax.es\/it\/wp-json\/wp\/v2\/types\/product"}],"replies":[{"embeddable":true,"href":"https:\/\/essax.es\/it\/wp-json\/wp\/v2\/comments?post=99500"}],"wp:featuredmedia":[{"embeddable":true,"href":"https:\/\/essax.es\/it\/wp-json\/wp\/v2\/media\/99483"}],"wp:attachment":[{"href":"https:\/\/essax.es\/it\/wp-json\/wp\/v2\/media?parent=99500"}],"wp:term":[{"taxonomy":"product_brand","embeddable":true,"href":"https:\/\/essax.es\/it\/wp-json\/wp\/v2\/product_brand?post=99500"},{"taxonomy":"product_cat","embeddable":true,"href":"https:\/\/essax.es\/it\/wp-json\/wp\/v2\/product_cat?post=99500"},{"taxonomy":"product_tag","embeddable":true,"href":"https:\/\/essax.es\/it\/wp-json\/wp\/v2\/product_tag?post=99500"}],"curies":[{"name":"wp","href":"https:\/\/api.w.org\/{rel}","templated":true}]}}