{"id":99607,"date":"2020-07-23T08:02:17","date_gmt":"2020-07-23T08:02:17","guid":{"rendered":"https:\/\/essax.es\/?post_type=product&#038;p=99607"},"modified":"2026-03-24T10:39:40","modified_gmt":"2026-03-24T10:39:40","slug":"adrenaline-xc-cromo","status":"publish","type":"product","link":"https:\/\/essax.es\/it\/product\/adrenaline-xc-cromo","title":{"rendered":"Sella Bicicletta \u2013 Cromata \u2013 180 gr. \u2013 Mod.Adrenalina XC"},"content":{"rendered":"<p>L&#039;ammiraglia del marchio, il modello pi\u00f9 venduto del nostro catalogo nei nostri 13 anni di esistenza, non poteva non avere la sua versione per mtb e gravel.<\/p>\n<p>Al gran numero di combinazioni in termini di colori, aste e larghezze, oltre ad un continuo miglioramento formale anno dopo anno come la versione stradale, bisogna aggiungere i rinforzi laterali in Kevlar, per proteggerlo dalle inevitabili cadute in queste discipline garantire una vita utile pi\u00f9 lunga.<\/p>\n<p>Dotato di canale centrale per scaricare parte della pressione che il nostro peso esercita sulla zona perineale, \u00e8 previsto in diverse versioni e gamme. Dalla canna cromata, dal prezzo pi\u00f9 contenuto e dalla fantastica 180 gr. di peso, all&#039;imponente versione in fibra di carbonio e ai suoi spettacolari 135 gr.<\/p>","protected":false},"excerpt":{"rendered":"<p>El buque insignia de la marca, el modelo m\u00e1s vendido de nuestro cat\u00e1logo en nuestros 13 a\u00f1os de vida, no pod\u00eda dejar de tener su versi\u00f3n para mtb y gravel. A la gran cantidad de combinaciones en cuanto a colores, varillas y anchos, adem\u00e1s de una continua mejora formal a\u00f1o tras a\u00f1o al igual que [&hellip;]<\/p>","protected":false},"featured_media":99592,"comment_status":"open","ping_status":"closed","template":"","meta":{"inline_featured_image":false},"product_brand":[],"product_cat":[158],"product_tag":[149,189,193,192,191,190],"class_list":{"0":"post-99607","1":"product","2":"type-product","3":"status-publish","4":"has-post-thumbnail","6":"product_cat-outlet","7":"product_tag-adrenaline","8":"product_tag-adrenaline-xc","9":"product_tag-ciclocross","10":"product_tag-gravel","11":"product_tag-mtb","12":"product_tag-xc","13":"pa_ancho-130-mm","14":"pa_ancho-142-mm","15":"pa_color-negro-negro","16":"pa_color-negro-blanco","17":"pa_color-negro-rojo","18":"pa_rail-cromo","20":"first","21":"instock","22":"sale","23":"taxable","24":"shipping-taxable","25":"purchasable","26":"product-type-variable"},"exclude_global_add_ons":[],"addons":[],"_links":{"self":[{"href":"https:\/\/essax.es\/it\/wp-json\/wp\/v2\/product\/99607"}],"collection":[{"href":"https:\/\/essax.es\/it\/wp-json\/wp\/v2\/product"}],"about":[{"href":"https:\/\/essax.es\/it\/wp-json\/wp\/v2\/types\/product"}],"replies":[{"embeddable":true,"href":"https:\/\/essax.es\/it\/wp-json\/wp\/v2\/comments?post=99607"}],"wp:featuredmedia":[{"embeddable":true,"href":"https:\/\/essax.es\/it\/wp-json\/wp\/v2\/media\/99592"}],"wp:attachment":[{"href":"https:\/\/essax.es\/it\/wp-json\/wp\/v2\/media?parent=99607"}],"wp:term":[{"taxonomy":"product_brand","embeddable":true,"href":"https:\/\/essax.es\/it\/wp-json\/wp\/v2\/product_brand?post=99607"},{"taxonomy":"product_cat","embeddable":true,"href":"https:\/\/essax.es\/it\/wp-json\/wp\/v2\/product_cat?post=99607"},{"taxonomy":"product_tag","embeddable":true,"href":"https:\/\/essax.es\/it\/wp-json\/wp\/v2\/product_tag?post=99607"}],"curies":[{"name":"wp","href":"https:\/\/api.w.org\/{rel}","templated":true}]}}