{"id":99671,"date":"2020-07-23T09:20:57","date_gmt":"2020-07-23T09:20:57","guid":{"rendered":"https:\/\/essax.es\/?post_type=product&#038;p=99671"},"modified":"2025-10-24T09:22:27","modified_gmt":"2025-10-24T09:22:27","slug":"malmo","status":"publish","type":"product","link":"https:\/\/essax.es\/it\/product\/malmo","title":{"rendered":"Sella Malm\u00f6 \u2013 Acciaio \u2013 320 gr."},"content":{"rendered":"<p><a href=\"https:\/\/essax.es\/wp-content\/uploads\/2020\/07\/essax-malmo-3-sillin-saddle.jpg\"><img fetchpriority=\"high\" decoding=\"async\" class=\"alignright size-medium wp-image-99674\" src=\"https:\/\/essax.es\/wp-content\/uploads\/2020\/07\/essax-malmo-3-sillin-saddle-300x253.jpg\" alt=\"essax-malmo-sillin-bike-saddle-urban-ciudad-city\" width=\"300\" height=\"253\" srcset=\"https:\/\/essax.es\/wp-content\/uploads\/2020\/07\/essax-malmo-3-sillin-saddle-300x253.jpg 300w, https:\/\/essax.es\/wp-content\/uploads\/2020\/07\/essax-malmo-3-sillin-saddle-14x12.jpg 14w, https:\/\/essax.es\/wp-content\/uploads\/2020\/07\/essax-malmo-3-sillin-saddle-768x648.jpg 768w, https:\/\/essax.es\/wp-content\/uploads\/2020\/07\/essax-malmo-3-sillin-saddle-769x649.jpg 769w, https:\/\/essax.es\/wp-content\/uploads\/2020\/07\/essax-malmo-3-sillin-saddle-84x71.jpg 84w, https:\/\/essax.es\/wp-content\/uploads\/2020\/07\/essax-malmo-3-sillin-saddle-200x169.jpg 200w, https:\/\/essax.es\/wp-content\/uploads\/2020\/07\/essax-malmo-3-sillin-saddle-450x380.jpg 450w, https:\/\/essax.es\/wp-content\/uploads\/2020\/07\/essax-malmo-3-sillin-saddle.jpg 800w\" sizes=\"(max-width: 300px) 100vw, 300px\" \/><\/a>Che la Svezia sia un esempio in termini di sensibilizzazione dei suoi abitanti alla riduzione dell\u2019inquinamento e all\u2019uso della bicicletta negli ambienti urbani non \u00e8 una novit\u00e0.<\/p>\n<p>Nello specifico, Malm\u00f6, la terza citt\u00e0 pi\u00f9 grande, primeggia con i suoi oltre 400 km di piste ciclabili e il suo centro urbano progettato da e per il pedale. Non invano \u00e8 il <em>7\u00b0 nella classifica internazionale delle \u201cBike Cities of the World\u201d.<\/em><\/p>\n<p>In omaggio a questa grande citt\u00e0, abbiamo creato la sella pi\u00f9 imbottita e larga del nostro catalogo, progettata per offrire il massimo comfort possibile nei brevi spostamenti in citt\u00e0, su biciclette urbane e pieghevoli.<\/p>\n<p>La citt\u00e0 \u00e8 tua!<\/p>","protected":false},"excerpt":{"rendered":"<p>Que Suecia es un ejemplo en cuanto a la concienciaci\u00f3n de sus habitantes sobre la reducci\u00f3n de la contaminaci\u00f3n y el uso de la bicicleta en el medio urbano, no es ninguna novedad. M\u00e1s concretamente, Malm\u00f6, la 3\u00aa ciudad en tama\u00f1o, se lleva la palma con sus m\u00e1s de 400 km de ciclov\u00edas, y su [&hellip;]<\/p>","protected":false},"featured_media":99675,"comment_status":"open","ping_status":"closed","template":"","meta":{"inline_featured_image":false},"product_brand":[],"product_cat":[157],"product_tag":[204,205,202,203],"class_list":{"0":"post-99671","1":"product","2":"type-product","3":"status-publish","4":"has-post-thumbnail","6":"product_cat-urban","7":"product_tag-city","8":"product_tag-ciudad","9":"product_tag-malmo","10":"product_tag-urban","11":"pa_ancho-148-mm","12":"pa_color-marron","13":"pa_color-negro-negro","14":"pa_rail-acero","16":"first","17":"instock","18":"taxable","19":"shipping-taxable","20":"purchasable","21":"product-type-variable"},"exclude_global_add_ons":[],"addons":[],"_links":{"self":[{"href":"https:\/\/essax.es\/it\/wp-json\/wp\/v2\/product\/99671"}],"collection":[{"href":"https:\/\/essax.es\/it\/wp-json\/wp\/v2\/product"}],"about":[{"href":"https:\/\/essax.es\/it\/wp-json\/wp\/v2\/types\/product"}],"replies":[{"embeddable":true,"href":"https:\/\/essax.es\/it\/wp-json\/wp\/v2\/comments?post=99671"}],"wp:featuredmedia":[{"embeddable":true,"href":"https:\/\/essax.es\/it\/wp-json\/wp\/v2\/media\/99675"}],"wp:attachment":[{"href":"https:\/\/essax.es\/it\/wp-json\/wp\/v2\/media?parent=99671"}],"wp:term":[{"taxonomy":"product_brand","embeddable":true,"href":"https:\/\/essax.es\/it\/wp-json\/wp\/v2\/product_brand?post=99671"},{"taxonomy":"product_cat","embeddable":true,"href":"https:\/\/essax.es\/it\/wp-json\/wp\/v2\/product_cat?post=99671"},{"taxonomy":"product_tag","embeddable":true,"href":"https:\/\/essax.es\/it\/wp-json\/wp\/v2\/product_tag?post=99671"}],"curies":[{"name":"wp","href":"https:\/\/api.w.org\/{rel}","templated":true}]}}