{"id":99681,"date":"2020-07-23T09:30:37","date_gmt":"2020-07-23T09:30:37","guid":{"rendered":"https:\/\/essax.es\/?post_type=product&#038;p=99681"},"modified":"2025-10-24T09:22:27","modified_gmt":"2025-10-24T09:22:27","slug":"advance3","status":"publish","type":"product","link":"https:\/\/essax.es\/it\/product\/advance3","title":{"rendered":"Sella Advance3 \u2013 Acciaio \u2013 270 gr."},"content":{"rendered":"<p><a href=\"https:\/\/essax.es\/wp-content\/uploads\/2020\/07\/essax-advance-3-sillin-saddle.jpg\"><img fetchpriority=\"high\" decoding=\"async\" class=\"alignright size-medium wp-image-99684\" src=\"https:\/\/essax.es\/wp-content\/uploads\/2020\/07\/essax-advance-3-sillin-saddle-300x253.jpg\" alt=\"essax-advance-3-sillin-bike-saddle-urban-ciudad-city\" width=\"300\" height=\"253\" srcset=\"https:\/\/essax.es\/wp-content\/uploads\/2020\/07\/essax-advance-3-sillin-saddle-300x253.jpg 300w, https:\/\/essax.es\/wp-content\/uploads\/2020\/07\/essax-advance-3-sillin-saddle-14x12.jpg 14w, https:\/\/essax.es\/wp-content\/uploads\/2020\/07\/essax-advance-3-sillin-saddle-768x648.jpg 768w, https:\/\/essax.es\/wp-content\/uploads\/2020\/07\/essax-advance-3-sillin-saddle-769x649.jpg 769w, https:\/\/essax.es\/wp-content\/uploads\/2020\/07\/essax-advance-3-sillin-saddle-84x71.jpg 84w, https:\/\/essax.es\/wp-content\/uploads\/2020\/07\/essax-advance-3-sillin-saddle-200x169.jpg 200w, https:\/\/essax.es\/wp-content\/uploads\/2020\/07\/essax-advance-3-sillin-saddle-450x380.jpg 450w, https:\/\/essax.es\/wp-content\/uploads\/2020\/07\/essax-advance-3-sillin-saddle.jpg 800w\" sizes=\"(max-width: 300px) 100vw, 300px\" \/><\/a>Poich\u00e9 non tutto nella vita \u00e8 velocit\u00e0, allenamento, watt e competizione, l&#039;Advance 3 \u00e8 stato sviluppato appositamente per coloro per i quali il ciclismo \u00e8 un piacere sporadico, piacevole e ricreativo.<\/p>\n<p>Valida per strada, montagna o camminata, \u00e8 senza dubbio la sella pi\u00f9 versatile del nostro catalogo. La sua superficie di appoggio pi\u00f9 ampia, l&#039;imbottitura extra, l&#039;asta in acciaio e il prezzo ridotto delizieranno chi cerca un modello durevole per continuare a godersi l&#039;atto di pedalare per il gusto di pedalare, senza alcuno scopo.<\/p>","protected":false},"excerpt":{"rendered":"<p>Citt\u00e0, montagna, strada... Avanzamento 3; la sella Essax pi\u00f9 versatile.<\/p>\n<figure class=\"alignnone\"><\/figure>\n<p><span style=\"font-size: 14pt;\"><strong>Peso: 270 gr.<\/strong><\/span><br \/>\nBinario: acciaio<\/p>","protected":false},"featured_media":99685,"comment_status":"open","ping_status":"closed","template":"","meta":{"inline_featured_image":false},"product_brand":[],"product_cat":[157],"product_tag":[207,209,208,175,191,210,203],"class_list":{"0":"post-99681","1":"product","2":"type-product","3":"status-publish","4":"has-post-thumbnail","6":"product_cat-urban","7":"product_tag-advance","8":"product_tag-advance-3","9":"product_tag-advance3","10":"product_tag-carretera","11":"product_tag-mtb","12":"product_tag-polivalente","13":"product_tag-urban","14":"pa_ancho-135-mm","15":"pa_color-negro-blanco","16":"pa_rail-acero","18":"first","19":"instock","20":"taxable","21":"shipping-taxable","22":"purchasable","23":"product-type-variable"},"exclude_global_add_ons":[],"addons":[],"_links":{"self":[{"href":"https:\/\/essax.es\/it\/wp-json\/wp\/v2\/product\/99681"}],"collection":[{"href":"https:\/\/essax.es\/it\/wp-json\/wp\/v2\/product"}],"about":[{"href":"https:\/\/essax.es\/it\/wp-json\/wp\/v2\/types\/product"}],"replies":[{"embeddable":true,"href":"https:\/\/essax.es\/it\/wp-json\/wp\/v2\/comments?post=99681"}],"wp:featuredmedia":[{"embeddable":true,"href":"https:\/\/essax.es\/it\/wp-json\/wp\/v2\/media\/99685"}],"wp:attachment":[{"href":"https:\/\/essax.es\/it\/wp-json\/wp\/v2\/media?parent=99681"}],"wp:term":[{"taxonomy":"product_brand","embeddable":true,"href":"https:\/\/essax.es\/it\/wp-json\/wp\/v2\/product_brand?post=99681"},{"taxonomy":"product_cat","embeddable":true,"href":"https:\/\/essax.es\/it\/wp-json\/wp\/v2\/product_cat?post=99681"},{"taxonomy":"product_tag","embeddable":true,"href":"https:\/\/essax.es\/it\/wp-json\/wp\/v2\/product_tag?post=99681"}],"curies":[{"name":"wp","href":"https:\/\/api.w.org\/{rel}","templated":true}]}}