{"id":99724,"date":"2020-07-27T10:31:52","date_gmt":"2020-07-27T10:31:52","guid":{"rendered":"https:\/\/essax.es\/?post_type=product&#038;p=99724"},"modified":"2024-07-22T08:51:36","modified_gmt":"2024-07-22T08:51:36","slug":"tudons-2017-titanio-charol","status":"publish","type":"product","link":"https:\/\/essax.es\/it\/product\/tudons-2017-titanio-charol","title":{"rendered":"Sella per bicicletta \u2013 Titanio (pelle verniciata) \u2013 155 gr. \u2013 Mod. Tudon \u2013 2017"},"content":{"rendered":"<p>Con l&#039;apparizione dei Tudon, abbiamo iniziato l&#039;abitudine di dare alle nostre selle i nomi delle mitiche vette della provincia di Alicante, dimostrando cos\u00ec una vera e propria dichiarazione di intenti: siamo orgogliosi di chi siamo e da dove veniamo.<\/p>\n<p>A quasi 10 anni dal suo primo lancio sul mercato, \u00e8 diventato uno dei nostri modelli pi\u00f9 conosciuti e iconici. Il suo nome, il suo logo e la sua forma stilizzata ed elegante fanno gi\u00e0 parte della storia del marchio e della memoria collettiva di molti. La possibilit\u00e0 di montarlo solo con aste in titanio o fibra di carbonio lo rende uno dei modelli pi\u00f9 esclusivi del nostro catalogo.<\/p>","protected":false},"excerpt":{"rendered":"<p>Con la aparici\u00f3n del Tudons, iniciamos la costumbre de denominar a nuestros sillines con el nombre de cumbres m\u00edticas de la provincia de Alicante, y con ello, mostrar una declaraci\u00f3n de intenciones en toda regla: estamos orgullosos de qui\u00e9nes somos y de d\u00f3nde venimos. Casi 10 a\u00f1os despu\u00e9s de lanzarlo al mercado por primera vez, [&hellip;]<\/p>","protected":false},"featured_media":99829,"comment_status":"open","ping_status":"closed","template":"","meta":{"inline_featured_image":false},"product_brand":[],"product_cat":[158],"product_tag":[175,184,183],"class_list":{"0":"post-99724","1":"product","2":"type-product","3":"status-publish","4":"has-post-thumbnail","6":"product_cat-outlet","7":"product_tag-carretera","8":"product_tag-road","9":"product_tag-tudons","10":"pa_ancho-130-mm","11":"pa_ancho-142-mm","12":"pa_color-blanco-negro","13":"pa_color-negro-blanco","14":"pa_color-negro-rojo","15":"pa_rail-titanio","17":"first","18":"outofstock","19":"sale","20":"taxable","21":"shipping-taxable","22":"purchasable","23":"product-type-variable"},"exclude_global_add_ons":[],"addons":[],"_links":{"self":[{"href":"https:\/\/essax.es\/it\/wp-json\/wp\/v2\/product\/99724"}],"collection":[{"href":"https:\/\/essax.es\/it\/wp-json\/wp\/v2\/product"}],"about":[{"href":"https:\/\/essax.es\/it\/wp-json\/wp\/v2\/types\/product"}],"replies":[{"embeddable":true,"href":"https:\/\/essax.es\/it\/wp-json\/wp\/v2\/comments?post=99724"}],"wp:featuredmedia":[{"embeddable":true,"href":"https:\/\/essax.es\/it\/wp-json\/wp\/v2\/media\/99829"}],"wp:attachment":[{"href":"https:\/\/essax.es\/it\/wp-json\/wp\/v2\/media?parent=99724"}],"wp:term":[{"taxonomy":"product_brand","embeddable":true,"href":"https:\/\/essax.es\/it\/wp-json\/wp\/v2\/product_brand?post=99724"},{"taxonomy":"product_cat","embeddable":true,"href":"https:\/\/essax.es\/it\/wp-json\/wp\/v2\/product_cat?post=99724"},{"taxonomy":"product_tag","embeddable":true,"href":"https:\/\/essax.es\/it\/wp-json\/wp\/v2\/product_tag?post=99724"}],"curies":[{"name":"wp","href":"https:\/\/api.w.org\/{rel}","templated":true}]}}