{"id":99864,"date":"2020-08-03T06:41:56","date_gmt":"2020-08-03T06:41:56","guid":{"rendered":"https:\/\/essax.es\/?post_type=product&#038;p=99864"},"modified":"2024-08-26T08:33:31","modified_gmt":"2024-08-26T08:33:31","slug":"singel-cromo-2","status":"publish","type":"product","link":"https:\/\/essax.es\/it\/product\/singel-cromo-2","title":{"rendered":"Sella per bicicletta da strada \u2013 cromata \u2013 220 gr. \u2013 Mod"},"content":{"rendered":"<p>Correva l&#039;anno 2017 e in quel periodo abbiamo avuto il privilegio di essere collaboratrici di una delle migliori squadre femminili del paese, la Lointek Team. All&#039;epoca avevamo sul tavolo anche un progetto di selle specifico per le donne, quindi non abbiamo pensato molto a chiedere aiuto alle ragazze del team per svilupparlo. E dal risultato di questa collaborazione \u00e8 nato il modello Singel.<\/p>\n<p>Ignorando i falsi miti sulla maggiore larghezza delle ossa del sedere nelle donne, abbiamo deciso di creare un modello con una larghezza standard di 142 mm. S\u00ec, abbiamo tenuto conto di altri aspetti della loro fisionomia, che con le selle convenzionali tende sempre a provocare disturbi genitali. Per questo motivo nel Singel abbiamo studiato attentamente le misure del canale centrale, studiato per scaricare parzialmente la pressione in quella zona.<\/p>\n<h4>Qualit\u00e0 ed Economia in Perfetta Armonia<\/h4>\n<p>Presentiamo la sella per bicicletta da strada \u2013 cromata \u2013 220 gr. \u2013 Mod. Singel, la sella cromata pi\u00f9 economica sul mercato. Realizzato artigianalmente in Spagna, questo modello combina lavorazione artigianale di alta qualit\u00e0 con un design meticoloso per offrire un&#039;esperienza ciclistica senza precedenti a un prezzo accessibile.<\/p>\n<h4>Prestazioni paragonabili ai marchi premium<\/h4>\n<p>La sella Singel si distingue per eguagliare le prestazioni di modelli di marchi riconosciuti come Selle Italia o Prologo, ma ad una frazione del costo. Ci\u00f2 \u00e8 dovuto al nostro impegno per l&#039;eccellenza e l&#039;innovazione, che ci consente di offrire un prodotto che non solo compete, ma supera le aspettative in termini di comfort, durata e prestazioni.<\/p>\n<h4>Fatto a mano<\/h4>\n<p>Ogni sella Singel \u00e8 realizzata a mano da esperti artigiani nelle nostre strutture in Spagna. Questo processo manuale garantisce un livello di dettaglio e cura che non pu\u00f2 essere raggiunto con la produzione di massa. Il risultato \u00e8 una sella non solo funzionale, ma anche un&#039;opera d&#039;arte in termini di design e qualit\u00e0.<\/p>\n<h4>Materiali di alta qualit\u00e0<\/h4>\n<p>Utilizziamo cromature ad alta resistenza per i binari della sella, offrendo un eccellente rapporto peso\/durabilit\u00e0. Con soli 220 grammi, il Singel \u00e8 leggero, il che lo rende ideale per i ciclisti su strada che desiderano ottimizzare le proprie prestazioni senza sacrificare il comfort o la forza.<\/p>\n<h4>Comfort ed Ergonomia<\/h4>\n<p>Il design della Singel \u00e8 stato attentamente sviluppato per offrire il massimo comfort durante le lunghe giornate di pedalata. La schiuma ad alta densit\u00e0 si adatta perfettamente all&#039;anatomia del ciclista, distribuendo la pressione in modo uniforme e riducendo i punti dolenti. Inoltre, la copertura in microfibra antiscivolo ti assicura di mantenere sempre una posizione stabile.<\/p>\n<h4>Innovazione e Tecnologia<\/h4>\n<p>La sella Singel non solo offre un ottimo rapporto qualit\u00e0-prezzo, ma incorpora anche le ultime innovazioni nel design ergonomico e nella tecnologia dei materiali. La struttura interna e le guide cromate sono progettate per resistere alle condizioni pi\u00f9 impegnative, garantendo che la sella mantenga forma e funzionalit\u00e0 nel tempo.<\/p>\n<h4>Sostenibilit\u00e0 e responsabilit\u00e0<\/h4>\n<p>Scegliendo la sella Singel non investi solo in un prodotto di alta qualit\u00e0, ma anche in un&#039;opzione pi\u00f9 sostenibile. La nostra produzione locale in Spagna riduce l\u2019impronta di carbonio associata ai trasporti e sostiene l\u2019economia locale.<\/p>\n<h3>Conclusione<\/h3>\n<p>La Sella per Bicicletta da Strada \u2013 Cromata \u2013 220 gr. \u2013 Mod. Singel \u00e8 l&#039;opzione perfetta per i ciclisti che cercano un prodotto di alta qualit\u00e0 senza i costi elevati associati ai marchi premium. Con produzione artigianale, materiali di prima qualit\u00e0 e design ergonomico avanzato, Singel \u00e8 pronto a portare la tua esperienza ciclistica a un livello superiore. Scopri il perfetto equilibrio tra economia e prestazioni con la sella Singel!<\/p>","protected":false},"excerpt":{"rendered":"<p>Corr\u00eda el a\u00f1o 2017, y ten\u00edamos en ese momento el privilegio de ser colaboradores de uno de los mejores equipos femeninos del pa\u00eds, el Lointek Team. Por esos d\u00edas tambi\u00e9n ten\u00edamos encima de la mesa un proyecto de sill\u00edn espec\u00edfico para mujeres, as\u00ed que no nos lo pensamos mucho a la hora de pedirle ayuda [&hellip;]<\/p>","protected":false},"featured_media":99866,"comment_status":"open","ping_status":"closed","template":"","meta":{"inline_featured_image":false},"product_brand":[],"product_cat":[158],"product_tag":[175,176,174],"class_list":{"0":"post-99864","1":"product","2":"type-product","3":"status-publish","4":"has-post-thumbnail","6":"product_cat-outlet","7":"product_tag-carretera","8":"product_tag-femenino","9":"product_tag-singel","10":"pa_ancho-140-mm","11":"pa_color-blanco-negro","12":"pa_color-negro-blanco","13":"pa_color-negro-rojo","14":"pa_color-rosa","15":"pa_rail-cromo","17":"first","18":"instock","19":"sale","20":"taxable","21":"shipping-taxable","22":"purchasable","23":"product-type-variable"},"exclude_global_add_ons":[],"addons":[],"_links":{"self":[{"href":"https:\/\/essax.es\/it\/wp-json\/wp\/v2\/product\/99864"}],"collection":[{"href":"https:\/\/essax.es\/it\/wp-json\/wp\/v2\/product"}],"about":[{"href":"https:\/\/essax.es\/it\/wp-json\/wp\/v2\/types\/product"}],"replies":[{"embeddable":true,"href":"https:\/\/essax.es\/it\/wp-json\/wp\/v2\/comments?post=99864"}],"wp:featuredmedia":[{"embeddable":true,"href":"https:\/\/essax.es\/it\/wp-json\/wp\/v2\/media\/99866"}],"wp:attachment":[{"href":"https:\/\/essax.es\/it\/wp-json\/wp\/v2\/media?parent=99864"}],"wp:term":[{"taxonomy":"product_brand","embeddable":true,"href":"https:\/\/essax.es\/it\/wp-json\/wp\/v2\/product_brand?post=99864"},{"taxonomy":"product_cat","embeddable":true,"href":"https:\/\/essax.es\/it\/wp-json\/wp\/v2\/product_cat?post=99864"},{"taxonomy":"product_tag","embeddable":true,"href":"https:\/\/essax.es\/it\/wp-json\/wp\/v2\/product_tag?post=99864"}],"curies":[{"name":"wp","href":"https:\/\/api.w.org\/{rel}","templated":true}]}}