{"id":99877,"date":"2020-08-03T06:58:03","date_gmt":"2020-08-03T06:58:03","guid":{"rendered":"https:\/\/essax.es\/?post_type=product&#038;p=99877"},"modified":"2024-07-22T08:51:29","modified_gmt":"2024-07-22T08:51:29","slug":"mx-r-acero-2","status":"publish","type":"product","link":"https:\/\/essax.es\/it\/product\/mx-r-acero-2","title":{"rendered":"Sella Bicicletta \u2013 Acciaio \u2013 270 gr. \u2013 Mod. MX R"},"content":{"rendered":"<p>Assolutamente tutti noi che pratichiamo il ciclismo ad un certo punto siamo stati nuovi a questo, e sicuramente avremmo iniziato con biciclette e componenti pi\u00f9 economici, ma che ci hanno reso altrettanto felici e con cui ci siamo divertiti di pi\u00f9 a pedalare, che \u00e8 alla fine della giornata .di cosa si tratta.<\/p>\n<p>Con il nome MX chiamiamo i nostri modelli base, pensati soprattutto per chi si avvicina a questo meraviglioso sport, per il quale un peso maggiore non costituisce un inconveniente, o semplicemente perch\u00e9 le proprie tasche non soffrano eccessivamente.<\/p>\n<p>Ma fai attenzione, non lasciarti confondere se pensi che la qualit\u00e0 ne risentir\u00e0. Le MX, come gli altri modelli top di gamma, sono prodotte artigianalmente in Spagna, una per una, si avvalgono degli stessi miglioramenti e progressi e hanno componenti e materiali molto simili. Ti sorprenderanno!<\/p>","protected":false},"excerpt":{"rendered":"<p>Absolutamente todos los que practicamos ciclismo fuimos en alg\u00fan momento novatos en esto, y seguramente nos iniciar\u00edamos con bicicletas y componentes m\u00e1s econ\u00f3micos, pero que nos hicieron igual de felices y con los que disfrutamos al m\u00e1ximo dando pedales, que es al fin y al cabo de lo que se trata. Bajo el nombre de [&hellip;]<\/p>","protected":false},"featured_media":99879,"comment_status":"open","ping_status":"closed","template":"","meta":{"inline_featured_image":false},"product_brand":[],"product_cat":[158],"product_tag":[175,196,197,184],"class_list":{"0":"post-99877","1":"product","2":"type-product","3":"status-publish","4":"has-post-thumbnail","6":"product_cat-outlet","7":"product_tag-carretera","8":"product_tag-mx","9":"product_tag-mx-r","10":"product_tag-road","11":"pa_ancho-132-mm","12":"pa_color-blanco-negro","13":"pa_rail-acero","15":"first","16":"instock","17":"sale","18":"taxable","19":"shipping-taxable","20":"purchasable","21":"product-type-variable"},"exclude_global_add_ons":[],"addons":[],"_links":{"self":[{"href":"https:\/\/essax.es\/it\/wp-json\/wp\/v2\/product\/99877"}],"collection":[{"href":"https:\/\/essax.es\/it\/wp-json\/wp\/v2\/product"}],"about":[{"href":"https:\/\/essax.es\/it\/wp-json\/wp\/v2\/types\/product"}],"replies":[{"embeddable":true,"href":"https:\/\/essax.es\/it\/wp-json\/wp\/v2\/comments?post=99877"}],"wp:featuredmedia":[{"embeddable":true,"href":"https:\/\/essax.es\/it\/wp-json\/wp\/v2\/media\/99879"}],"wp:attachment":[{"href":"https:\/\/essax.es\/it\/wp-json\/wp\/v2\/media?parent=99877"}],"wp:term":[{"taxonomy":"product_brand","embeddable":true,"href":"https:\/\/essax.es\/it\/wp-json\/wp\/v2\/product_brand?post=99877"},{"taxonomy":"product_cat","embeddable":true,"href":"https:\/\/essax.es\/it\/wp-json\/wp\/v2\/product_cat?post=99877"},{"taxonomy":"product_tag","embeddable":true,"href":"https:\/\/essax.es\/it\/wp-json\/wp\/v2\/product_tag?post=99877"}],"curies":[{"name":"wp","href":"https:\/\/api.w.org\/{rel}","templated":true}]}}