{"id":103480,"date":"2024-01-20T12:46:30","date_gmt":"2024-01-20T12:46:30","guid":{"rendered":"https:\/\/essax.es\/?page_id=103480"},"modified":"2025-04-14T13:12:57","modified_gmt":"2025-04-14T13:12:57","slug":"politica-de-privacidad","status":"publish","type":"page","link":"https:\/\/essax.es\/pt\/politica-de-privacidad","title":{"rendered":"Pol\u00edtica de privacidade"},"content":{"rendered":"<p style=\"padding-left: 40px;\"><strong>1. Quem \u00e9 o respons\u00e1vel pela prote\u00e7\u00e3o dos seus dados pessoais<\/strong><\/p>\n<p>ZYKLOO BUSINESS S.L. es la responsable de este sitio web y de todas las aplicaciones (m\u00f3viles) que se refieren a esta Pol\u00edtica de Privacidad. ZYKLOO BUSINESS S.L. se compromete a asumir toda la responsabilidad de la protecci\u00f3n y la seguridad de sus datos personales.<\/p>\n<p><strong>2. Que dados pessoais s\u00e3o recolhidos<\/strong><\/p>\n<p>Todas as nossas atividades s\u00e3o baseadas em princ\u00edpios \u00e9ticos rigorosos e estamos empenhados em proteger a privacidade de todos os visitantes do nosso website e das nossas aplica\u00e7\u00f5es (m\u00f3veis). Por este motivo, a forma como recolhemos e armazenamos informa\u00e7\u00f5es depende da forma como o nosso website e servi\u00e7os relacionados s\u00e3o utilizados.<\/p>\n<p style=\"padding-left: 40px;\"><strong>2.1 Dados coletados atrav\u00e9s de sua intera\u00e7\u00e3o conosco<\/strong><\/p>\n<p style=\"padding-left: 40px;\">V\u00e1rias tecnologias s\u00e3o utilizadas em nossos sites e aplicativos (m\u00f3veis) para melhor\u00e1-los, torn\u00e1-los mais f\u00e1ceis de usar, mais eficientes e seguros. Estas tecnologias podem envolver a recolha autom\u00e1tica de dados, tanto por n\u00f3s como por terceiros em nosso nome. Exemplos deste tipo de tecnologias s\u00e3o cookies, flash cookies e web analytics.<\/p>\n<p style=\"padding-left: 80px;\">2.1.1 Dados de navega\u00e7\u00e3o (fluxo de cliques)<\/p>\n<p style=\"padding-left: 80px;\">Uma visita a um dos nossos websites faz com que dados sejam enviados do seu navegador para o nosso servidor. Estes dados permitem-nos otimizar os nossos servi\u00e7os e melhorar a sua experi\u00eancia nos nossos websites e aplica\u00e7\u00f5es. Os dados s\u00e3o recolhidos e armazenados automaticamente por n\u00f3s ou por terceiros em nosso nome. Estes dados podem incluir, nomeadamente, o seguinte:<\/p>\n<p style=\"padding-left: 80px;\">_ o endere\u00e7o IP do visitante<\/p>\n<p style=\"padding-left: 80px;\">_ a data e hora da visita<\/p>\n<p style=\"padding-left: 80px;\">_ o URL de refer\u00eancia (o site de onde o visitante veio)<\/p>\n<p style=\"padding-left: 80px;\">_ as p\u00e1ginas visitadas em nosso site<\/p>\n<p style=\"padding-left: 80px;\">_ informa\u00e7\u00f5es sobre o navegador utilizado (tipo e vers\u00e3o do navegador, sistema operacional, etc.).<\/p>\n<p style=\"padding-left: 80px;\">2.1.2 O que voc\u00ea deve saber sobre cookies<\/p>\n<p style=\"padding-left: 80px;\">Em primeiro lugar\u2026 o que s\u00e3o cookies?<\/p>\n<p style=\"padding-left: 80px;\">Cookies s\u00e3o pequenos arquivos de texto armazenados no seu computador ou dispositivo m\u00f3vel. Para os fins desta se\u00e7\u00e3o, usaremos \u201ccookies\u201d como um conceito gen\u00e9rico para t\u00e9cnicas como cookies, cookies Flash, web beacons e JavaScript. Os cookies n\u00e3o ocupam muito espa\u00e7o e s\u00e3o exclu\u00eddos automaticamente quando expiram. Alguns cookies expiram no final da sua sess\u00e3o na Internet, enquanto outros s\u00e3o guardados por um tempo limitado.<\/p>\n<p style=\"padding-left: 80px;\">Em segundo lugar\u2026 por que usamos cookies?<\/p>\n<p style=\"padding-left: 80px;\">ZYKLOO BUSINESS S.L. utiliza cookies para asegurarse de que su visita a nuestro sitio web sea lo m\u00e1s agradable posible. Existen distintos tipos de cookies con usos diferentes. Algunas simplemente le permiten navegar por el sitio web y ver ciertas funciones. Algunas nos dan una idea sobre su experiencia de navegaci\u00f3n, por ejemplo cuando tiene problemas para encontrar lo que est\u00e1 buscando, para que podamos mejorar y hacer que su pr\u00f3xima visita sea lo m\u00e1s agradable posible.<\/p>\n<p style=\"padding-left: 80px;\">A seguir\u2026 quais s\u00e3o os diferentes tipos de cookies que utilizamos?<\/p>\n<p style=\"padding-left: 80px;\">Las cookies m\u00e1s importantes son las cookies necesarias. \u00c9stas son esenciales y le ayudan a navegar en el sitio web y a utilizar las funciones b\u00e1sicas. Luego est\u00e1n las cookies funcionales que le permiten guardar su cesta de compra, crear una lista de deseos y guardar sus datos de env\u00edo para un proceso de compra m\u00e1s r\u00e1pido. Utilizamos las cookies de rendimiento para mejorar nuestro sitio web. Tambi\u00e9n nos gusta mostrarle ofertas relevantes. Para gestionar esto, recopilamos datos de navegaci\u00f3n. Las cookies de interacci\u00f3n le permiten interactuar con medios sociales o enviar comentarios. Cookies dirigidas. Estas cookies recogen sus preferencias para mostrarle anuncios relevantes fuera de los sitios de ZYKLOO BUSINESS S.L.. A continuaci\u00f3n, encontrar\u00e1 un resumen m\u00e1s detallado de los tipos de cookies que utilizamos:<\/p>\n<p style=\"padding-left: 80px;\">COOKIES NECESS\u00c1RIOS: S\u00e3o essenciais e ajudam-no a navegar, navegar no site e visualizar determinadas funcionalidades, ou seja, estes cookies garantem que o seu carrinho fica guardado durante todas as etapas do seu processo de compra.<\/p>\n<p style=\"padding-left: 80px;\">COOKIES FUNCIONAIS: servem para nos permitir oferecer-lhe uma experi\u00eancia de cliente ainda mais satisfat\u00f3ria. Estes cookies ajudam-no a guardar e lembr\u00e1-lo do seu carrinho de compras e permitem-lhe criar uma lista de desejos.<\/p>\n<p style=\"padding-left: 80px;\">COOKIES DE DESEMPENHO: ajudam-nos a compreender o comportamento de compra dos nossos visitantes. Isso nos permite continuar melhorando nosso site para tornar as compras mais f\u00e1ceis e agrad\u00e1veis para voc\u00ea.<\/p>\n<p style=\"padding-left: 80px;\">COOKIES DE INTERA\u00c7\u00c3O: s\u00e3o utilizados para expressar a sua opini\u00e3o. Adoramos saber o que voc\u00ea pensa sobre nossos produtos, nosso site e sobre n\u00f3s em geral. Estes cookies permitir-lhe-\u00e3o expressar se gosta ou nos recomenda nas redes sociais e conversar com os nossos operadores de servi\u00e7os. Mas tamb\u00e9m pode aconselhar outros (potenciais) clientes nossos, classificando e avaliando os nossos produtos.<\/p>\n<p style=\"padding-left: 80px;\">COOKIES ALVO: lembrar\u00e3o seu produto e prefer\u00eancias de compra. Consideramos que a relev\u00e2ncia \u00e9 essencial na publicidade. Estes cookies permitem-nos partilhar as suas prefer\u00eancias com os nossos anunciantes. Assim, quando voc\u00ea navega, por exemplo, no Google, o an\u00fancio que voc\u00ea v\u00ea pode se adaptar melhor \u00e0s suas prefer\u00eancias.<\/p>\n<p style=\"padding-left: 80px;\">Finalmente\u2026 e se voc\u00ea n\u00e3o gosta de biscoitos?<\/p>\n<p style=\"padding-left: 80px;\">Voc\u00ea pode alterar as configura\u00e7\u00f5es do seu navegador para excluir ou impedir que cookies sejam armazenados no seu computador ou dispositivo m\u00f3vel sem o seu consentimento expresso. A se\u00e7\u00e3o de \u201cajuda\u201d do seu navegador deve fornecer informa\u00e7\u00f5es sobre como gerenciar suas configura\u00e7\u00f5es de cookies. Descubra como funciona no seu navegador aqui:<\/p>\n<p style=\"padding-left: 80px;\">Internet Explorer: http:\/\/support.microsoft.com\/gp\/cookies\/en<\/p>\n<p style=\"padding-left: 80px;\">Mozilla Firefox: http:\/\/support.mozilla.com\/en-US\/kb\/Cookies<\/p>\n<p style=\"padding-left: 80px;\">GoogleChrome: http:\/\/www.google.com\/support\/chrome\/bin\/answer.py?hl=pt-BR&amp;answer=95647<\/p>\n<p style=\"padding-left: 80px;\">Saf\u00e1ri: http:\/\/support.apple.com\/kb\/PH5042<\/p>\n<p style=\"padding-left: 80px;\">\u00d3pera: http:\/\/www.opera.com\/browser\/tutorials\/security\/privacy\/<\/p>\n<p style=\"padding-left: 80px;\">Adobe (plug-in para cookies flash): http:\/\/www.adobe.com\/security\/flashplayer\/articles\/lso\/<\/p>\n<p style=\"padding-left: 40px;\"><strong>2.2 Dados fornecidos por voc\u00ea<\/strong><\/p>\n<p style=\"padding-left: 40px;\">Al\u00e9m dos dados que s\u00e3o recolhidos automaticamente, tamb\u00e9m tratamos os dados que nos fornece. Isso inclui, mas n\u00e3o est\u00e1 limitado a:<\/p>\n<p style=\"padding-left: 40px;\">_ Seus dados de contato, incluindo seu nome e sobrenome, endere\u00e7o (faturamento ou entrega), data de nascimento e endere\u00e7o de e-mail e, opcionalmente, seu n\u00famero de telefone. Precisamos do seu endere\u00e7o de e-mail e (opcionalmente) do seu n\u00famero de telefone para que possamos entrar em contato com voc\u00ea caso tenhamos d\u00favidas ou informa\u00e7\u00f5es sobre seu pedido;<\/p>\n<p style=\"padding-left: 40px;\">_ Outras informa\u00e7\u00f5es necess\u00e1rias ao processamento da sua encomenda, como informa\u00e7\u00f5es sobre os produtos que encomendou, a morada de fatura\u00e7\u00e3o e entrega e os dados banc\u00e1rios ou do cart\u00e3o de cr\u00e9dito;<\/p>\n<p style=\"padding-left: 40px;\">_ Se voc\u00ea criou um perfil online, as prefer\u00eancias e interesses armazenados neste perfil (veja abaixo informa\u00e7\u00f5es adicionais sobre perfis);<\/p>\n<p style=\"padding-left: 40px;\">_ Se voc\u00ea entrou em contato com o atendimento ao cliente, os detalhes e hist\u00f3rico desse contato.<\/p>\n<p style=\"padding-left: 40px;\">Todos esses dados s\u00e3o caracterizados porque \u00e9 voc\u00ea quem fornece as informa\u00e7\u00f5es. Usamos essas informa\u00e7\u00f5es para os fins descritos nesta pol\u00edtica de privacidade. Voc\u00ea pode, a qualquer momento, corrigir seus dados pessoais e opor-se ao seu processamento posterior (ver se\u00e7\u00e3o 5).<\/p>\n<p><strong>3. Como s\u00e3o utilizados os dados recolhidos<\/strong><\/p>\n<p>Utilizaremos os seus dados pessoais para fins relacionados com a sua encomenda; por exemplo, para notific\u00e1-lo sobre o status do seu pedido ou entrega, fornecer servi\u00e7o de suporte t\u00e9cnico ou fornecer servi\u00e7os de garantia. Poderemos utilizar os seus dados para avaliar a sua solvabilidade, para a qual poderemos recorrer a terceiros.<\/p>\n<p>Se voc\u00ea nos forneceu seus dados pessoais em conex\u00e3o com uma promo\u00e7\u00e3o, evento, aplicativo (m\u00f3vel), etc., poderemos enviar-lhe e-mails e outras mensagens relacionadas ao servi\u00e7o que voc\u00ea solicitou.<\/p>\n<p>Se voc\u00ea entrar em contato com o atendimento ao cliente, usaremos seus dados pessoais (incluindo seu hist\u00f3rico de contato) para que o atendimento ao cliente possa processar sua solicita\u00e7\u00e3o e fornecer-lhe o melhor servi\u00e7o poss\u00edvel.<\/p>\n<p>Se voc\u00ea nos forneceu seus dados pessoais durante a venda de um produto ou servi\u00e7o, iremos inform\u00e1-lo sobre produtos ou servi\u00e7os semelhantes. Tamb\u00e9m poderemos entrar em contato com voc\u00ea para solicitar seu feedback ap\u00f3s a venda de um produto ou servi\u00e7o. Se um processo de vendas for interrompido, enviaremos um e-mail de lembrete. Voc\u00ea pode cancelar imediatamente e gratuitamente qualquer uma dessas notifica\u00e7\u00f5es clicando em um link no e-mail relevante ou em outra mensagem (consulte a se\u00e7\u00e3o 5 abaixo).<\/p>\n<p>Con su consentimiento expreso podemos ponernos en contacto con usted a trav\u00e9s de los datos de contacto suministrados por usted (incluidos por correo ordinario, correo electr\u00f3nico, SMS, tel\u00e9fono o por cualquier otro medio electr\u00f3nico) con fines de marketing, publicidad y estudios de opini\u00f3n de ZYKLOO BUSINESS S.L.. Esto incluye, por ejemplo, informaci\u00f3n relacionada con productos de ZYKLOO BUSINESS S.L., actividades de comercio electr\u00f3nico, ofertas especiales, promociones, as\u00ed como informaci\u00f3n sobre aperturas de tiendas locales, actividades de tiendas locales de ZYKLOO BUSINESS S.L. o eventos deportivos. Para poder contactarle en relaci\u00f3n con informaci\u00f3n que sea de especial inter\u00e9s para usted, analizaremos y usaremos de forma combinada su interacci\u00f3n en general con ZYKLOO BUSINESS S.L. (como, por ejemplo, su comportamiento de compra en tiendas virtuales, en tiendas f\u00edsicas ZYKLOO BUSINESS S.L., su uso de programas de fidelizaci\u00f3n, sus calificaciones y evaluaciones de productos, su historial de contactos con nuestro departamento de atenci\u00f3n al cliente, sus resultados de apertura y clics en el bolet\u00edn de noticias, su comportamiento de navegaci\u00f3n (seguimiento web), los tipos de boletines de noticias a los que usted est\u00e1 suscrito, su participaci\u00f3n en promociones o eventos, sus interacciones con mi coach y su uso de aplicaciones (m\u00f3viles)). Nosotros podremos proporcionar sus datos de contacto a ZYKLOO BUSINESS S.L. con fines de marketing, publicidad y estudios de opini\u00f3n. En el apartado 5 encontrar\u00e1 informaci\u00f3n sobre sus derechos, por ejemplo c\u00f3mo puede retirar su consentimiento o corregir sus datos personales.<\/p>\n<p><strong>4. Divulga\u00e7\u00e3o de informa\u00e7\u00f5es<\/strong><\/p>\n<p>Uno de nuestros principios fundamentales es que trataremos sus datos con cuidado y confidencialidad. Nosotros no venderemos sus datos a terceros. Si lo exige la ley, sus datos ser\u00e1n revelados a terceros. Siempre y cuando lo permita la legislaci\u00f3n aplicable, podremos transferir sus datos a otras empresas del grupo ZYKLOO BUSINESS S.L.<\/p>\n<p>Nosotros podremos utilizar proveedores de servicios y procesadores de datos que trabajen en nombre de ZYKLOO BUSINESS S.L. Los servicios pueden incluir servicios de alojamiento de sistemas y de mantenimiento, servicios de an\u00e1lisis, servicios de mensajer\u00eda por email, servicios de entrega, gesti\u00f3n de transacciones de pago, controles de solvencia y de direcci\u00f3n, etc. Se concede a estos terceros el acceso a dichos datos personales que precisan para poder prestar el servicio correspondiente. Los proveedores de servicios y los procesadores de datos est\u00e1n obligados contractualmente a tratar la informaci\u00f3n con la m\u00e1s estricta confidencialidad. Adem\u00e1s, se les proh\u00edbe contractualmente usar los datos en cualquier forma distinta de la exigida. Se han emprendido los pasos necesarios para garantizar que nuestros proveedores de servicios y los procesadores que trabajan en nombre de ZYKLOO BUSINESS S.L. protegen la confidencialidad de sus datos.<\/p>\n<p>Pode haver momentos em que divulgamos dados n\u00e3o pessoais aos nossos parceiros anonimamente. Estes dados n\u00e3o pessoais incluem, por exemplo, informa\u00e7\u00f5es sobre o n\u00famero de visitantes de um website ou de uma aplica\u00e7\u00e3o (m\u00f3vel) durante um determinado per\u00edodo de tempo. Geralmente, essas informa\u00e7\u00f5es s\u00e3o divulgadas apenas de forma agregada.<\/p>\n<p><strong>5. Seus direitos<\/strong><\/p>\n<p>Se voc\u00ea nos fornecer dados pessoais atrav\u00e9s de nossos sites ou outros canais, isso ser\u00e1 feito de forma totalmente volunt\u00e1ria. Se voc\u00ea optar por n\u00e3o fornecer as informa\u00e7\u00f5es solicitadas, n\u00e3o poder\u00e1 acessar determinados benef\u00edcios do cliente. Em alguns casos, apenas as pessoas que nos tenham fornecido os dados pessoais necess\u00e1rios poder\u00e3o encomendar produtos, utilizar determinados servi\u00e7os e de outra forma tirar partido das atividades e ofertas dispon\u00edveis no nosso website e aplica\u00e7\u00e3o (m\u00f3vel). Como a transpar\u00eancia e o fair play s\u00e3o particularmente importantes para n\u00f3s, oferecemos diversas op\u00e7\u00f5es, dependendo das circunst\u00e2ncias espec\u00edficas, para ajud\u00e1-lo a manter o controle sobre os seus dados. Essas op\u00e7\u00f5es podem incluir a exibi\u00e7\u00e3o e edi\u00e7\u00e3o de seus dados online. Eles tamb\u00e9m podem incluir o cancelamento da assinatura de determinados servi\u00e7os ou a exclus\u00e3o de contas de usu\u00e1rios ou o recebimento de informa\u00e7\u00f5es sobre dados salvos.<\/p>\n<p style=\"padding-left: 40px;\"><strong>5.1 Direitos de oposi\u00e7\u00e3o e cancelamento de inscri\u00e7\u00e3o<\/strong><\/p>\n<p style=\"padding-left: 40px;\">Los emails que ZYKLOO BUSINESS S.L. le env\u00eda que, por ejemplo, contienen un bolet\u00edn de noticias o contenidos de marketing, incluyen la opci\u00f3n de darse de baja para la recepci\u00f3n de tales emails siguiendo las instrucciones pertinentes en el correspondiente email. Si no quiere seguir recibiendo nuestros emails, puede hacer clic en dicho hiperv\u00ednculo de baja y dejaremos de enviarle emails en lo sucesivo.<\/p>\n<p style=\"padding-left: 40px;\">Se voc\u00ea n\u00e3o deseja que informa\u00e7\u00f5es sobre seu comportamento em nosso site ou aplicativo (m\u00f3vel) sejam coletadas e avaliadas, voc\u00ea pode cancelar a coleta de dados para an\u00e1lise da web, conforme descrito na se\u00e7\u00e3o 9 abaixo.<\/p>\n<p style=\"padding-left: 40px;\">Si no desea recibir informaci\u00f3n promocional y ofertas en general, incluidas las que se comunican por correo ordinario, por email, por SMS, por tel\u00e9fono o por cualquier otro medio electr\u00f3nico, o si desea retirar su consentimiento, puede tambi\u00e9n escribir en todo momento a ZYKLOO BUSINESS S.L. \u2013 C\/Lope de Vega, 48, Nave C, 03630 Sax (Alicante), con la referencia: data protection, o enviar un email a enlace a nuestro de Servicio de Atenci\u00f3n al Cliente: info@essax.es . En caso de que tengamos dudas sobre su identidad, podemos pedirle que se identifique (por ejemplo, enviando una copia de su pasaporte). A diferencia de otros gastos habituales de comunicaci\u00f3n, esto es gratuito.<\/p>\n<p style=\"padding-left: 40px;\">Para outros tipos de mensagens que voc\u00ea possa receber, como an\u00fancios de manuten\u00e7\u00e3o ou notifica\u00e7\u00f5es administrativas, voc\u00ea s\u00f3 poder\u00e1 optar por n\u00e3o receber essas mensagens se excluir sua conta, pois tais mensagens s\u00e3o uma parte obrigat\u00f3ria das contas de usu\u00e1rio e do uso correspondente de nossos sites e (Aplica\u00e7\u00f5es M\u00f3veis. Voc\u00ea tamb\u00e9m pode excluir sua conta enviando um e-mail para o link do nosso Atendimento ao Cliente: info@essax.es.<\/p>\n<p style=\"padding-left: 40px;\"><strong>5.2 Direito de acesso<\/strong><\/p>\n<p style=\"padding-left: 40px;\">Tem o direito de ser sempre informado sobre os seus dados pessoais que s\u00e3o armazenados, sobre a sua origem e destinat\u00e1rios, e sobre a finalidade para a qual esses dados s\u00e3o armazenados. Voc\u00ea pode obter informa\u00e7\u00f5es sobre os dados pessoais mantidos usando os dados de contato na se\u00e7\u00e3o Informa\u00e7\u00f5es de Contato abaixo.<\/p>\n<p style=\"padding-left: 40px;\"><strong>5.3 Direito de retifica\u00e7\u00e3o e cancelamento<\/strong><\/p>\n<p style=\"padding-left: 40px;\">Voc\u00ea tem o direito de solicitar a corre\u00e7\u00e3o, adi\u00e7\u00e3o, exclus\u00e3o ou bloqueio dos dados pessoais armazenados sobre voc\u00ea. Iremos notific\u00e1-lo no prazo de dez dias ap\u00f3s a recep\u00e7\u00e3o do seu pedido se o atenderemos e, em caso afirmativo, em que medida. Se n\u00e3o pudermos concordar com o seu pedido por qualquer motivo, iremos inform\u00e1-lo dos motivos.<\/p>\n<p><strong>6. Seguran\u00e7a da informa\u00e7\u00e3o e integridade dos dados<\/strong><\/p>\n<p>Adotamos medidas t\u00e9cnicas e organizativas adequadas para proteger os dados pessoais contra a destrui\u00e7\u00e3o acidental ou il\u00edcita ou a perda, altera\u00e7\u00e3o, utiliza\u00e7\u00e3o, divulga\u00e7\u00e3o ou acesso n\u00e3o autorizado, especialmente quando o tratamento implique a transmiss\u00e3o dos dados atrav\u00e9s de redes, ou qualquer outra forma il\u00edcita de tratamento e indevida usar.<\/p>\n<p><strong>7. Prote\u00e7\u00e3o de dados pessoais de menores<\/strong><\/p>\n<p>La protecci\u00f3n de los datos personales de los menores es extremadamente importante. ZYKLOO BUSINESS S.L. considera que tiene la responsabilidad de proteger la privacidad de los menores y, consecuentemente, no tiene intenci\u00f3n de recopilar datos de menores de 18 a\u00f1os. Animamos a los padres y otros cuidadores a que naveguen por Internet junto con sus hijos y disfruten de Internet de manera responsable.<\/p>\n<p>Se um menor de 18 anos tentar se registrar e fazer uma compra, ser\u00e1 solicitado o consentimento dos pais\/respons\u00e1veis para confirmar tal a\u00e7\u00e3o. Os dados fornecidos e recolhidos sobre o menor durante a sua visita (por exemplo, atrav\u00e9s de cookies) podem ser utilizados conforme descrito acima.<\/p>\n<p>Por esta raz\u00e3o, pedimos aos pais e outros cuidadores que monitorizem e supervisionem o uso da Internet pelas crian\u00e7as, a fim de proteg\u00ea-las.<\/p>\n<p><strong>8. Redes Sociais<\/strong><\/p>\n<p>Nosso website e aplicativos (m\u00f3veis) fornecem conectores sociais para diversas redes sociais. Quando opta por interagir com uma rede social, a sua atividade no nosso site ou atrav\u00e9s das nossas aplica\u00e7\u00f5es (m\u00f3veis) tamb\u00e9m ser\u00e1 disponibilizada para redes sociais como o Facebook e o Twitter.<\/p>\n<p>Se voc\u00ea estiver conectado a uma dessas redes sociais durante a sua visita a um de nossos sites ou aplicativos (m\u00f3veis), a rede social poder\u00e1 adicionar essas informa\u00e7\u00f5es ao seu perfil. Se voc\u00ea interagir com um dos conectores sociais, essa informa\u00e7\u00e3o ser\u00e1 transferida para a rede social. Se n\u00e3o quiser que esta transfer\u00eancia de dados ocorra, saia da rede social antes de entrar nos nossos sites ou aplica\u00e7\u00f5es (m\u00f3veis).<\/p>\n<p>N\u00e3o est\u00e1 ao nosso alcance influenciar esta recolha e transfer\u00eancia de dados atrav\u00e9s de conectores sociais. Por favor, leia as pol\u00edticas de privacidade destas redes sociais para obter informa\u00e7\u00f5es detalhadas sobre a recolha e transfer\u00eancia de dados pessoais, sobre os direitos que tem e sobre como obter configura\u00e7\u00f5es de privacidade satisfat\u00f3rias.<\/p>\n<p>Facebook: http:\/\/www.facebook.com\/about\/privacy\/<\/p>\n<p>Twitter: http:\/\/twitter.com\/privacy<\/p>\n<p>Google+: http:\/\/www.google.com\/intl\/en\/policies\/privacy\/<\/p>\n<p><strong>9. Servi\u00e7os de geolocaliza\u00e7\u00e3o<\/strong><\/p>\n<p>Oferecemos servi\u00e7os de localiza\u00e7\u00e3o em alguns dos nossos aplicativos (m\u00f3veis), como Google Maps e Bing Maps. Se voc\u00ea usar esses aplicativos (m\u00f3veis), eles poder\u00e3o receber informa\u00e7\u00f5es sobre sua localiza\u00e7\u00e3o real (como sinais de GPS enviados por um dispositivo m\u00f3vel) ou informa\u00e7\u00f5es que podem ser usadas para aproximar sua localiza\u00e7\u00e3o. Geralmente, voc\u00ea pode ativar ou desativar seus servi\u00e7os de localiza\u00e7\u00e3o nas configura\u00e7\u00f5es do seu dispositivo ou navegador.<\/p>\n<p>Utilizamos el servicio de Google Maps o el servicio de Bing Maps para ayudarle a encontrar la tienda ZYKLOO BUSINESS S.L. m\u00e1s cercana. Para facilitar este proceso, cargamos una imagen de Google Maps o Bing Maps, y guardamos los datos de la ruta y la imagen del mapa en nuestro servidor.<\/p>\n<p>Para mais informa\u00e7\u00f5es sobre o Google Maps e a sua Pol\u00edtica de Privacidade, consulte a sua pol\u00edtica de privacidade.<\/p>\n<p>Google: http:\/\/www.google.com\/intl\/en\/policies\/privacy\/<\/p>\n<p>Para obter mais informa\u00e7\u00f5es sobre o Bing Maps e sua Pol\u00edtica de Privacidade, consulte sua pol\u00edtica de privacidade.<\/p>\n<p>Mapas do Bing: http:\/\/privacy.microsoft.com\/en-us\/maps.mspx<\/p>\n<p><strong>10. Tecnologias de retargeting<\/strong><\/p>\n<p>Nosso site e aplicativo (m\u00f3vel) usam tecnologia de retargeting da Internet. Isto permite-nos mostrar aos nossos visitantes, que j\u00e1 estavam interessados na nossa loja e nos nossos produtos, publicidade nossa nos sites dos nossos parceiros. Consideramos que a exibi\u00e7\u00e3o de publicidade personalizada, baseada nos interesses do utilizador, \u00e9 mais interessante para os nossos clientes do que publicidade que n\u00e3o tenha liga\u00e7\u00e3o pessoal.<\/p>\n<p>Al\u00e9m disso, trabalhamos com outras empresas que utilizam tecnologias de rastreamento para veicular an\u00fancios em nosso nome na Internet. Estas empresas podem recolher informa\u00e7\u00f5es sobre as suas visitas ao nosso website ou aplica\u00e7\u00f5es (m\u00f3veis) e a sua intera\u00e7\u00e3o com as nossas comunica\u00e7\u00f5es, incluindo publicidade.<\/p>\n<p>As tecnologias de retargeting analisam os seus cookies e exibem publicidade com base no seu comportamento de navega\u00e7\u00e3o. Para mais informa\u00e7\u00f5es sobre cookies, consulte a sec\u00e7\u00e3o 2 desta pol\u00edtica de privacidade.<\/p>\n<p>N\u00e3o armazenamos dados pessoais sobre voc\u00ea usando esta tecnologia e o uso de nossa tecnologia de retargeting est\u00e1 em conformidade com os requisitos aplic\u00e1veis de prote\u00e7\u00e3o de dados.<\/p>\n<p><strong>11. Informa\u00e7\u00f5es de contato<\/strong><\/p>\n<p>Se tiver alguma d\u00favida sobre o tratamento dos seus dados pessoais ou sobre a nossa pol\u00edtica de privacidade, pode contactar-nos. Nossos dados de contato s\u00e3o:<\/p>\n<p>ZYKLOO BUSINESS S.L.<\/p>\n<p>C\/ Lope de Vega 48, Nave C<br \/>\n03630 Sax (Alicante)<\/p>\n<p>Voc\u00ea pode enviar um email para o nosso Atendimento ao Cliente: info@essax.es<\/p>","protected":false},"excerpt":{"rendered":"<p>1. Qui\u00e9n es responsable de la protecci\u00f3n de sus datos personales ZYKLOO BUSINESS S.L. es la responsable de este sitio web y de todas las aplicaciones (m\u00f3viles) que se refieren a esta Pol\u00edtica de Privacidad. ZYKLOO BUSINESS S.L. se compromete a asumir toda la responsabilidad de la protecci\u00f3n y la seguridad de sus datos personales. [&hellip;]<\/p>","protected":false},"author":1,"featured_media":0,"parent":0,"menu_order":0,"comment_status":"closed","ping_status":"closed","template":"","meta":{"inline_featured_image":false,"footnotes":""},"class_list":["post-103480","page","type-page","status-publish","hentry"],"_links":{"self":[{"href":"https:\/\/essax.es\/pt\/wp-json\/wp\/v2\/pages\/103480"}],"collection":[{"href":"https:\/\/essax.es\/pt\/wp-json\/wp\/v2\/pages"}],"about":[{"href":"https:\/\/essax.es\/pt\/wp-json\/wp\/v2\/types\/page"}],"author":[{"embeddable":true,"href":"https:\/\/essax.es\/pt\/wp-json\/wp\/v2\/users\/1"}],"replies":[{"embeddable":true,"href":"https:\/\/essax.es\/pt\/wp-json\/wp\/v2\/comments?post=103480"}],"version-history":[{"count":4,"href":"https:\/\/essax.es\/pt\/wp-json\/wp\/v2\/pages\/103480\/revisions"}],"predecessor-version":[{"id":104421,"href":"https:\/\/essax.es\/pt\/wp-json\/wp\/v2\/pages\/103480\/revisions\/104421"}],"wp:attachment":[{"href":"https:\/\/essax.es\/pt\/wp-json\/wp\/v2\/media?parent=103480"}],"curies":[{"name":"wp","href":"https:\/\/api.w.org\/{rel}","templated":true}]}}