{"id":103490,"date":"2024-01-20T12:54:27","date_gmt":"2024-01-20T12:54:27","guid":{"rendered":"https:\/\/essax.es\/?page_id=103490"},"modified":"2025-04-14T13:05:10","modified_gmt":"2025-04-14T13:05:10","slug":"aviso-legal","status":"publish","type":"page","link":"https:\/\/essax.es\/pt\/aviso-legal","title":{"rendered":"Aviso Legal"},"content":{"rendered":"<p>El presente aviso legal regula el uso del servicio prestado por ZYKLOO BUSINESS S.L. bajo su marca comercial Essax, en esta p\u00e1gina web, www.essax.es, con usted, el usuario que accede a \u00e9l.<\/p>\n<p><strong>PROPRIEDADE DO SITE<\/strong><br \/>\nZYKLOO BUSINESS S.L., en cumplimiento de la ley 34\/2002, de 11 de julio, de Servicios de la Sociedad de la Informaci\u00f3n y Comercio Electr\u00f3nico (LSSI), le informa de los siguientes datos de titularidad del sitio web:<\/p>\n<p>Denominaci\u00f3n social: ZYKLOO BUSINESS S.L<br \/>\nCIF: B75437707<br \/>\nDomicilio social: Calle Lope de Vega, 48, Nave C, 03630 Sax (Alicante)<br \/>\nTelefone de contacto: 966 967 620<br \/>\nE-mail: info@essax.es<br \/>\nSite: www.essax.es<\/p>\n<p><strong>OBJETO<\/strong><br \/>\nZYKLOO BUSINESS S.L., informa que la p\u00e1gina web www.essax.es tiene como objeto informar al p\u00fablico general de los productos y servicios que realiza, utilizando esta p\u00e1gina para poder recibir solicitudes de compra de dichos productos.<\/p>\n<p><strong>LINKS PARA P\u00c1GINAS EXTERNAS<\/strong><br \/>\nNo site da Essax, pode haver links para p\u00e1ginas de terceiros. Essax n\u00e3o tem controle sobre essas p\u00e1ginas de terceiros, portanto n\u00e3o \u00e9 respons\u00e1vel pelo conte\u00fado, servi\u00e7os ou links que oferecem. O usu\u00e1rio ser\u00e1 respons\u00e1vel, por sua conta e risco, pelas conex\u00f5es que fizer a sites de terceiros a partir da p\u00e1gina Essax.<\/p>\n<p><strong>LOPD \u2013 POL\u00cdTICA DE PRIVACIDADE DE DADOS PESSOAIS<\/strong><br \/>\nEn cumplimiento de lo establecido en la Ley Org\u00e1nica 15\/1999, de 13 de diciembre, de Protecci\u00f3n de Datos de Car\u00e1cter Personal, ZYKLOO BUSINESS S.L. informa a sus clientes de que cuantos datos personales le faciliten ser\u00e1n incluidos en un fichero automatizado de datos de car\u00e1cter personal, creado y mantenido bajo la responsabilidad de ZYKLOO BUSINESS S.L..<\/p>\n<p>Este ficheiro tem como objetivo facilitar o processamento de encomendas e enviar ofertas comerciais, caso o utilizador assim o indique durante o processo de registo ou compra de produtos, futuramente sobre produtos e servi\u00e7os que possam ser do interesse dos nossos clientes.<\/p>\n<p>ZYKLOO BUSINESS S.L. garantiza la seguridad y confidencialidad de los datos facilitados. De este modo, se compromete al cumplimiento de su obligaci\u00f3n de secreto de los datos de car\u00e1cter personal y de su deber de guardarlos y adoptar todas las medidas necesarias para evitar su alteraci\u00f3n, p\u00e9rdida, tratamiento o uso no autorizado. Por lo tanto, toda la informaci\u00f3n sobre nuestros clientes no ser\u00e1 utilizada con prop\u00f3sitos comerciales ni ser\u00e1 cedida a terceros.<\/p>\n<p>Os clientes Essax podem a qualquer momento exercer os seus direitos de acesso, retifica\u00e7\u00e3o, cancelamento e oposi\u00e7\u00e3o, comunicando atrav\u00e9s do email info@essax.es<\/p>\n<p><strong>PROPRIEDADE INTELECTUAL<\/strong><br \/>\nTodos los derechos de propiedad intelectual de los dise\u00f1os gr\u00e1ficos, textos, im\u00e1genes, aplicaciones software y dem\u00e1s contenidos de esta p\u00e1gina web son titularidad exclusiva de ZYKLOO BUSINESS S.L. o dispone de acuerdos con terceros mediante los cuales dispone de derechos su uso. Por lo tanto queda prohibida la reproducci\u00f3n, distribuci\u00f3n, transformaci\u00f3n y comunicaci\u00f3n p\u00fablica total o parcial de la p\u00e1gina web y de sus contenidos en otras p\u00e1ginas web, redes telem\u00e1ticas, medios o soportes anal\u00f3gicos, digitales o de cualquier otro tipo sin la autorizaci\u00f3n previa y por escrito de ZYKLOO BUSINESS S.L. y en su caso de terceros colaboradores.<\/p>\n<p>Todos os nomes comerciais ou marcas registradas de qualquer esp\u00e9cie publicados neste site s\u00e3o de propriedade de seus propriet\u00e1rios e est\u00e3o protegidos por lei.<\/p>\n<p><strong>MODIFICA\u00c7\u00d5ES<\/strong><br \/>\nZYKLOO BUSINESS S.L. se reserva el derecho a actualizar, a\u00f1adir, modificar o suprimir cualquier contenido, informaci\u00f3n y servicio en la p\u00e1gina web como considere oportuno en cualquier momento sin previo aviso as\u00ed como a modificar los t\u00e9rminos y modificaciones de uso de la p\u00e1gina web.<\/p>\n<p><strong>CONDI\u00c7\u00d5ES DE USO<\/strong><br \/>\nVoc\u00ea, usu\u00e1rio, est\u00e1 expressamente proibido de utilizar este site e os servi\u00e7os oferecidos contrariamente \u00e0 boa f\u00e9 e, em particular, de forma n\u00e3o exaustiva.<\/p>\n<p>Utiliza\u00e7\u00e3o que seja contr\u00e1ria \u00e0s leis espanholas, aos regulamentos da Uni\u00e3o Europeia ou que viole os direitos de terceiros ou qualquer a\u00e7\u00e3o que atente contra a privacidade das pessoas.<\/p>\n<p>A publica\u00e7\u00e3o de informa\u00e7\u00e3o noutros websites, redes telem\u00e1ticas, meios anal\u00f3gicos ou digitais referentes a este website com conte\u00fados violentos, obscenos, abusivos, ilegais, raciais, xen\u00f3fobos ou difamat\u00f3rios.<\/p>\n<p>O uso de mensagens ou comunica\u00e7\u00f5es em qualquer formato ou meio em nome da Essax.<\/p>\n<p>Spam ou envio de e-mails em massa indesejados contra os servidores onde o site est\u00e1 localizado ou para endere\u00e7os de e-mail Essax.<\/p>\n<p>Abster-se-\u00e1 de utilizar os servi\u00e7os do site para fins ou efeitos ilegais, ou que de alguma forma possam danificar, inutilizar, sobrecarregar ou impedir a utiliza\u00e7\u00e3o normal dos servi\u00e7os oferecidos neste site.<\/p>\n<p><strong>RESPONSABILIDADES<\/strong><br \/>\nZYKLOO BUSINESS S.L. no se responsabiliza del mal funcionamiento de las l\u00edneas telef\u00f3nicas por las que se realizan las conexiones a internet.<\/p>\n<p>ZYKLOO BUSINESS S.L. no puede garantizar que la disponibilidad del servicio y de la p\u00e1gina web ser\u00e1 continua e ininterrumpida debido a problemas de la red de internet o en los servidores en los que se aloja la p\u00e1gina web.<\/p>\n<p>ZYKLOO BUSINESS S.L. no garantiza la inexistencia de errores en el acceso al sitio web, su contenidos, ni que \u00e9ste se encuentre actualizado aunque desarrollar\u00e1 sus mejores esfuerzos para evitarlos, subsanarlos o actualizarlos. Las fotos y especificaciones incluidas en este cat\u00e1logo online est\u00e1n sujetas a modificaciones sin previo aviso.<\/p>\n<p>ZYKLOO BUSINESS S.L. no se hace responsable de los posibles errores de seguridad que se puedan producir ni de los posibles da\u00f1os que puedan causarse en los sistemas inform\u00e1ticos del usuario, los ficheros almacenados en el mismo, como consecuencia de la presencia de virus en el ordenador del usuario utilizado para el uso de los servicios ofrecidos en esta p\u00e1gina web, de un mal funcionamiento del navegador o del uso de versiones no actualizadas de los mismos.<\/p>","protected":false},"excerpt":{"rendered":"<p>El presente aviso legal regula el uso del servicio prestado por ZYKLOO BUSINESS S.L. bajo su marca comercial Essax, en esta p\u00e1gina web, www.essax.es, con usted, el usuario que accede a \u00e9l. TITULARIDAD DEL SITIO WEB ZYKLOO BUSINESS S.L., en cumplimiento de la ley 34\/2002, de 11 de julio, de Servicios de la Sociedad de [&hellip;]<\/p>","protected":false},"author":1,"featured_media":0,"parent":0,"menu_order":0,"comment_status":"closed","ping_status":"closed","template":"","meta":{"inline_featured_image":false,"footnotes":""},"class_list":["post-103490","page","type-page","status-publish","hentry"],"_links":{"self":[{"href":"https:\/\/essax.es\/pt\/wp-json\/wp\/v2\/pages\/103490"}],"collection":[{"href":"https:\/\/essax.es\/pt\/wp-json\/wp\/v2\/pages"}],"about":[{"href":"https:\/\/essax.es\/pt\/wp-json\/wp\/v2\/types\/page"}],"author":[{"embeddable":true,"href":"https:\/\/essax.es\/pt\/wp-json\/wp\/v2\/users\/1"}],"replies":[{"embeddable":true,"href":"https:\/\/essax.es\/pt\/wp-json\/wp\/v2\/comments?post=103490"}],"version-history":[{"count":3,"href":"https:\/\/essax.es\/pt\/wp-json\/wp\/v2\/pages\/103490\/revisions"}],"predecessor-version":[{"id":104416,"href":"https:\/\/essax.es\/pt\/wp-json\/wp\/v2\/pages\/103490\/revisions\/104416"}],"wp:attachment":[{"href":"https:\/\/essax.es\/pt\/wp-json\/wp\/v2\/media?parent=103490"}],"curies":[{"name":"wp","href":"https:\/\/api.w.org\/{rel}","templated":true}]}}