{"id":100022,"date":"2020-08-10T07:42:33","date_gmt":"2020-08-10T07:42:33","guid":{"rendered":"https:\/\/essax.es\/?post_type=product&#038;p=100022"},"modified":"2024-07-22T08:47:44","modified_gmt":"2024-07-22T08:47:44","slug":"advance2-acero","status":"publish","type":"product","link":"https:\/\/essax.es\/pt\/product\/advance2-acero","title":{"rendered":"Selim de Bicicleta \u2013 A\u00e7o \u2013 270 gr. \u2013 Mod. Avan\u00e7ado2"},"content":{"rendered":"<p>Porque nem tudo na vida \u00e9 velocidade, treino, watts e competi\u00e7\u00e3o, o Advance 2 foi desenvolvido especialmente para quem o ciclismo \u00e9 um prazer espor\u00e1dico, de lazer e recreativo.<\/p>\n<p>V\u00e1lido para estrada, montanha ou caminhada, \u00e9 sem d\u00favida o selim mais vers\u00e1til do nosso cat\u00e1logo. Sua maior superf\u00edcie de apoio, acolchoamento extra, haste de a\u00e7o e pre\u00e7o reduzido far\u00e3o as del\u00edcias de quem procura um modelo dur\u00e1vel para continuar aproveitando o ato de pedalar por pedalar, sem nenhum objetivo.<\/p>","protected":false},"excerpt":{"rendered":"<p>Porque no todo en la vida es velocidad, entrenamiento, vatios y competici\u00f3n, el Advance 2 ha sido desarrollado pensando especialmente en aquellos para los que el ciclismo es un placer espor\u00e1dico, pausado y recreativo. V\u00e1lido tanto para carretera, monta\u00f1a o paseo, es sin ninguna duda el sill\u00edn m\u00e1s polivalente de nuestro cat\u00e1logo. Su mayor superficie [&hellip;]<\/p>","protected":false},"featured_media":100024,"comment_status":"open","ping_status":"closed","template":"","meta":{"inline_featured_image":false},"product_brand":[],"product_cat":[158],"product_tag":[207,229,208,175,191,210,203],"class_list":{"0":"post-100022","1":"product","2":"type-product","3":"status-publish","4":"has-post-thumbnail","6":"product_cat-outlet","7":"product_tag-advance","8":"product_tag-advance-2","9":"product_tag-advance3","10":"product_tag-carretera","11":"product_tag-mtb","12":"product_tag-polivalente","13":"product_tag-urban","14":"pa_ancho-135-mm","15":"pa_color-blanco-negro","16":"pa_color-negro-blanco","17":"pa_rail-acero","19":"first","20":"instock","21":"sale","22":"taxable","23":"shipping-taxable","24":"purchasable","25":"product-type-variable"},"exclude_global_add_ons":[],"addons":[],"_links":{"self":[{"href":"https:\/\/essax.es\/pt\/wp-json\/wp\/v2\/product\/100022"}],"collection":[{"href":"https:\/\/essax.es\/pt\/wp-json\/wp\/v2\/product"}],"about":[{"href":"https:\/\/essax.es\/pt\/wp-json\/wp\/v2\/types\/product"}],"replies":[{"embeddable":true,"href":"https:\/\/essax.es\/pt\/wp-json\/wp\/v2\/comments?post=100022"}],"wp:featuredmedia":[{"embeddable":true,"href":"https:\/\/essax.es\/pt\/wp-json\/wp\/v2\/media\/100024"}],"wp:attachment":[{"href":"https:\/\/essax.es\/pt\/wp-json\/wp\/v2\/media?parent=100022"}],"wp:term":[{"taxonomy":"product_brand","embeddable":true,"href":"https:\/\/essax.es\/pt\/wp-json\/wp\/v2\/product_brand?post=100022"},{"taxonomy":"product_cat","embeddable":true,"href":"https:\/\/essax.es\/pt\/wp-json\/wp\/v2\/product_cat?post=100022"},{"taxonomy":"product_tag","embeddable":true,"href":"https:\/\/essax.es\/pt\/wp-json\/wp\/v2\/product_tag?post=100022"}],"curies":[{"name":"wp","href":"https:\/\/api.w.org\/{rel}","templated":true}]}}