{"id":100048,"date":"2020-08-10T08:19:59","date_gmt":"2020-08-10T08:19:59","guid":{"rendered":"https:\/\/essax.es\/?post_type=product&#038;p=100048"},"modified":"2025-10-24T09:22:31","modified_gmt":"2025-10-24T09:22:31","slug":"226-2015-cromo","status":"publish","type":"product","link":"https:\/\/essax.es\/pt\/product\/226-2015-cromo","title":{"rendered":"Selim de Bicicleta \u2013 Cromado \u2013 225 gr. \u2013 Mod. 226 (2015)"},"content":{"rendered":"<p>Muitos t\u00eam isso gravado na cabe\u00e7a e h\u00e1 at\u00e9 quem o tenha tatuado. Mas para todos esse n\u00famero representa o esfor\u00e7o, os meses treinando e sendo afastado da fam\u00edlia ou amigos, o sacrif\u00edcio, a gl\u00f3ria...<\/p>\n<p>226 s\u00e3o os quil\u00f4metros que te separam de ser um homem de ferro, de ser eterno.<\/p>","protected":false},"excerpt":{"rendered":"<p>Muitos t\u00eam isso na cabe\u00e7a, e h\u00e1 at\u00e9 quem tenha tatuado. Mas para todos esse n\u00famero representa o esfor\u00e7o, os meses treinando e sendo afastado da fam\u00edlia ou dos amigos, o sacrif\u00edcio, a gl\u00f3ria... 226 s\u00e3o os quil\u00f4metros que separam voc\u00ea de ser um homem de ferro, de ser eterno.<\/p>","protected":false},"featured_media":100052,"comment_status":"open","ping_status":"closed","template":"","meta":{"inline_featured_image":false},"product_brand":[],"product_cat":[158],"product_tag":[233,234,201,200,199],"class_list":{"0":"post-100048","1":"product","2":"type-product","3":"status-publish","4":"has-post-thumbnail","6":"product_cat-outlet","7":"product_tag-233","8":"product_tag-ironman","9":"product_tag-tri","10":"product_tag-triathlon","11":"product_tag-triatlon","12":"pa_ancho-136-mm","13":"pa_color-blanco-negro","14":"pa_rail-cromo","16":"first","17":"instock","18":"sale","19":"taxable","20":"shipping-taxable","21":"purchasable","22":"product-type-variable"},"exclude_global_add_ons":[],"addons":[],"_links":{"self":[{"href":"https:\/\/essax.es\/pt\/wp-json\/wp\/v2\/product\/100048"}],"collection":[{"href":"https:\/\/essax.es\/pt\/wp-json\/wp\/v2\/product"}],"about":[{"href":"https:\/\/essax.es\/pt\/wp-json\/wp\/v2\/types\/product"}],"replies":[{"embeddable":true,"href":"https:\/\/essax.es\/pt\/wp-json\/wp\/v2\/comments?post=100048"}],"wp:featuredmedia":[{"embeddable":true,"href":"https:\/\/essax.es\/pt\/wp-json\/wp\/v2\/media\/100052"}],"wp:attachment":[{"href":"https:\/\/essax.es\/pt\/wp-json\/wp\/v2\/media?parent=100048"}],"wp:term":[{"taxonomy":"product_brand","embeddable":true,"href":"https:\/\/essax.es\/pt\/wp-json\/wp\/v2\/product_brand?post=100048"},{"taxonomy":"product_cat","embeddable":true,"href":"https:\/\/essax.es\/pt\/wp-json\/wp\/v2\/product_cat?post=100048"},{"taxonomy":"product_tag","embeddable":true,"href":"https:\/\/essax.es\/pt\/wp-json\/wp\/v2\/product_tag?post=100048"}],"curies":[{"name":"wp","href":"https:\/\/api.w.org\/{rel}","templated":true}]}}