{"id":100090,"date":"2020-08-10T09:03:41","date_gmt":"2020-08-10T09:03:41","guid":{"rendered":"https:\/\/essax.es\/?post_type=product&#038;p=100090"},"modified":"2024-11-04T09:52:30","modified_gmt":"2024-11-04T09:52:30","slug":"adrenaline-xc-fluor-limited-edition-titanio","status":"publish","type":"product","link":"https:\/\/essax.es\/pt\/product\/adrenaline-xc-fluor-limited-edition-titanio","title":{"rendered":"Selim de Bicicleta \u2013 Tit\u00e2nio \u2013 155 gr. \u2013 Mod. Adrenalina XC Fluor Edi\u00e7\u00e3o Limitada"},"content":{"rendered":"<p>O carro-chefe da marca, modelo mais vendido do nosso cat\u00e1logo em nossos 13 anos de exist\u00eancia, n\u00e3o poderia deixar de ter sua vers\u00e3o para mtb e gravel.<\/p>\n<p>Ao grande n\u00famero de combina\u00e7\u00f5es em termos de cores, hastes e larguras, al\u00e9m de uma melhoria formal cont\u00ednua ano ap\u00f3s ano como a vers\u00e3o de estrada, devemos acrescentar os refor\u00e7os laterais em Kevlar, para proteg\u00ea-la das inevit\u00e1veis quedas nestas disciplinas e. proporcionar uma vida \u00fatil mais longa.<\/p>\n<p>A Fluor Limited Edition foi uma linha de selins muito especial que teve grande impacto na \u00e9poca em diversos meios de comunica\u00e7\u00e3o. \u00daltimas unidades! N\u00e3o perca o seu!<\/p>","protected":false},"excerpt":{"rendered":"<p>El buque insignia de la marca, el modelo m\u00e1s vendido de nuestro cat\u00e1logo en nuestros 13 a\u00f1os de vida, no pod\u00eda dejar de tener su versi\u00f3n para mtb y gravel. A la gran cantidad de combinaciones en cuanto a colores, varillas y anchos, adem\u00e1s de una continua mejora formal a\u00f1o tras a\u00f1o al igual que [&hellip;]<\/p>","protected":false},"featured_media":100100,"comment_status":"open","ping_status":"closed","template":"","meta":{"inline_featured_image":false},"product_brand":[],"product_cat":[158],"product_tag":[149,189,193,230,232,192,191,190],"class_list":{"0":"post-100090","1":"product","2":"type-product","3":"status-publish","4":"has-post-thumbnail","6":"product_cat-outlet","7":"product_tag-adrenaline","8":"product_tag-adrenaline-xc","9":"product_tag-ciclocross","10":"product_tag-fluor","11":"product_tag-fluor-limited-edition","12":"product_tag-gravel","13":"product_tag-mtb","14":"product_tag-xc","15":"pa_ancho-130-mm","16":"pa_ancho-142-mm","17":"pa_color-amarillo","18":"pa_color-naranja","19":"pa_color-verde","20":"pa_rail-titanio","22":"first","23":"instock","24":"sale","25":"taxable","26":"shipping-taxable","27":"purchasable","28":"product-type-variable"},"exclude_global_add_ons":[],"addons":[],"_links":{"self":[{"href":"https:\/\/essax.es\/pt\/wp-json\/wp\/v2\/product\/100090"}],"collection":[{"href":"https:\/\/essax.es\/pt\/wp-json\/wp\/v2\/product"}],"about":[{"href":"https:\/\/essax.es\/pt\/wp-json\/wp\/v2\/types\/product"}],"replies":[{"embeddable":true,"href":"https:\/\/essax.es\/pt\/wp-json\/wp\/v2\/comments?post=100090"}],"wp:featuredmedia":[{"embeddable":true,"href":"https:\/\/essax.es\/pt\/wp-json\/wp\/v2\/media\/100100"}],"wp:attachment":[{"href":"https:\/\/essax.es\/pt\/wp-json\/wp\/v2\/media?parent=100090"}],"wp:term":[{"taxonomy":"product_brand","embeddable":true,"href":"https:\/\/essax.es\/pt\/wp-json\/wp\/v2\/product_brand?post=100090"},{"taxonomy":"product_cat","embeddable":true,"href":"https:\/\/essax.es\/pt\/wp-json\/wp\/v2\/product_cat?post=100090"},{"taxonomy":"product_tag","embeddable":true,"href":"https:\/\/essax.es\/pt\/wp-json\/wp\/v2\/product_tag?post=100090"}],"curies":[{"name":"wp","href":"https:\/\/api.w.org\/{rel}","templated":true}]}}