{"id":101637,"date":"2022-01-27T08:06:10","date_gmt":"2022-01-27T08:06:10","guid":{"rendered":"https:\/\/essax.es\/?post_type=product&#038;p=101637"},"modified":"2024-06-11T05:58:35","modified_gmt":"2024-06-11T05:58:35","slug":"maigmo-evo-acero","status":"publish","type":"product","link":"https:\/\/essax.es\/pt\/product\/maigmo-evo-acero","title":{"rendered":"Selim de bicicleta MTB \u2013 A\u00e7o \u2013 284 gr \u2013 Mod."},"content":{"rendered":"<p><a href=\"https:\/\/essax.es\/wp-content\/uploads\/2022\/01\/essax-maigmo-evo-sillin-saddle-4.jpg\"><img fetchpriority=\"high\" decoding=\"async\" class=\"alignright size-medium wp-image-101643\" src=\"https:\/\/essax.es\/wp-content\/uploads\/2022\/01\/essax-maigmo-evo-sillin-saddle-4-300x253.jpg\" alt=\"essax maigmo evo sillin saddle 4\" width=\"300\" height=\"253\" srcset=\"https:\/\/essax.es\/wp-content\/uploads\/2022\/01\/essax-maigmo-evo-sillin-saddle-4-300x253.jpg 300w, https:\/\/essax.es\/wp-content\/uploads\/2022\/01\/essax-maigmo-evo-sillin-saddle-4-14x12.jpg 14w, https:\/\/essax.es\/wp-content\/uploads\/2022\/01\/essax-maigmo-evo-sillin-saddle-4-768x648.jpg 768w, https:\/\/essax.es\/wp-content\/uploads\/2022\/01\/essax-maigmo-evo-sillin-saddle-4-769x649.jpg 769w, https:\/\/essax.es\/wp-content\/uploads\/2022\/01\/essax-maigmo-evo-sillin-saddle-4-84x71.jpg 84w, https:\/\/essax.es\/wp-content\/uploads\/2022\/01\/essax-maigmo-evo-sillin-saddle-4-200x169.jpg 200w, https:\/\/essax.es\/wp-content\/uploads\/2022\/01\/essax-maigmo-evo-sillin-saddle-4-450x380.jpg 450w, https:\/\/essax.es\/wp-content\/uploads\/2022\/01\/essax-maigmo-evo-sillin-saddle-4.jpg 800w\" sizes=\"(max-width: 300px) 100vw, 300px\" \/><\/a>Todos os dias que vamos aos nossos escrit\u00f3rios, temos a sorte de ver atrav\u00e9s das janelas vistas impressionantes do Parque Natural do Maci\u00e7o Maigm\u00f3, um colosso omnipresente de grande parte da prov\u00edncia de Alicante, em cujas encostas e trilhos desfrutamos todos os dias a nossa paix\u00e3o. . de MTB em localiza\u00e7\u00e3o totalmente privilegiada.<\/p>\n<p>\u00c9 precisamente aqui que nos \u00faltimos meses testamos e desenvolvemos o nosso novo modelo Maigm\u00f3 EVO. Um selim especialmente desenhado para a pr\u00e1tica de eMTB, modalidade do ciclismo que tem visto uma verdadeira explos\u00e3o no n\u00famero de praticantes nos \u00faltimos anos, atra\u00eddos por aquela ajuda extra que o motor el\u00e9ctrico lhes d\u00e1 para desfrutarem dos pedais por muito mais tempo.<\/p>\n<p>Esse maior tempo na bike tem incentivado seus usu\u00e1rios a ousarem enfrentar rampas cada vez mais \u00edngremes e exigentes; factores que determinaram que cri\u00e1ssemos um desenho com uma parte mais alta, com uma rampa de apoio que ajuda a poupar resist\u00eancia e evita o deslizamento para tr\u00e1s neste tipo de terreno.<\/p>","protected":false},"excerpt":{"rendered":"<p>Cada d\u00eda que acudimos a nuestras oficinas, tenemos la suerte de presenciar por los ventanales unas impresionantes vistas del Parque Natural del Macizo del Maigm\u00f3, un coloso omnipresente desde gran parte de la provincia de Alicante, en cuyas pistas y senderos disfrutamos cada d\u00eda de nuestra pasi\u00f3n por el MTB en un paraje totalmente privilegiado. [&hellip;]<\/p>","protected":false},"featured_media":101639,"comment_status":"open","ping_status":"closed","template":"","meta":{"inline_featured_image":false},"product_brand":[],"product_cat":[158],"product_tag":[288,285,286,287,191],"class_list":{"0":"post-101637","1":"product","2":"type-product","3":"status-publish","4":"has-post-thumbnail","6":"product_cat-outlet","7":"product_tag-emtb","8":"product_tag-maigmo","9":"product_tag-maigmo-evo","10":"product_tag-montana","11":"product_tag-mtb","12":"pa_ancho-135-mm","13":"pa_color-negro-negro","14":"pa_rail-acero","16":"first","17":"instock","18":"sale","19":"taxable","20":"shipping-taxable","21":"purchasable","22":"product-type-simple"},"exclude_global_add_ons":[],"addons":[],"_links":{"self":[{"href":"https:\/\/essax.es\/pt\/wp-json\/wp\/v2\/product\/101637"}],"collection":[{"href":"https:\/\/essax.es\/pt\/wp-json\/wp\/v2\/product"}],"about":[{"href":"https:\/\/essax.es\/pt\/wp-json\/wp\/v2\/types\/product"}],"replies":[{"embeddable":true,"href":"https:\/\/essax.es\/pt\/wp-json\/wp\/v2\/comments?post=101637"}],"wp:featuredmedia":[{"embeddable":true,"href":"https:\/\/essax.es\/pt\/wp-json\/wp\/v2\/media\/101639"}],"wp:attachment":[{"href":"https:\/\/essax.es\/pt\/wp-json\/wp\/v2\/media?parent=101637"}],"wp:term":[{"taxonomy":"product_brand","embeddable":true,"href":"https:\/\/essax.es\/pt\/wp-json\/wp\/v2\/product_brand?post=101637"},{"taxonomy":"product_cat","embeddable":true,"href":"https:\/\/essax.es\/pt\/wp-json\/wp\/v2\/product_cat?post=101637"},{"taxonomy":"product_tag","embeddable":true,"href":"https:\/\/essax.es\/pt\/wp-json\/wp\/v2\/product_tag?post=101637"}],"curies":[{"name":"wp","href":"https:\/\/api.w.org\/{rel}","templated":true}]}}