{"id":102005,"date":"2022-09-12T06:56:15","date_gmt":"2022-09-12T06:56:15","guid":{"rendered":"https:\/\/essax.es\/?post_type=product&#038;p=102005"},"modified":"2026-04-22T04:45:22","modified_gmt":"2026-04-22T04:45:22","slug":"aitana-cromo","status":"publish","type":"product","link":"https:\/\/essax.es\/pt\/product\/aitana-cromo","title":{"rendered":"Selim para Bicicleta de Estrada \u2013 Cromado \u2013 170 gr \u2013 Mod."},"content":{"rendered":"<p><a href=\"https:\/\/essax.es\/wp-content\/uploads\/2021\/11\/equipo-essax.jpg\"><img fetchpriority=\"high\" decoding=\"async\" class=\"alignright size-medium wp-image-101582\" src=\"https:\/\/essax.es\/wp-content\/uploads\/2021\/11\/equipo-essax-235x300.jpg\" alt=\"\" width=\"235\" height=\"300\" srcset=\"https:\/\/essax.es\/wp-content\/uploads\/2021\/11\/equipo-essax-235x300.jpg 235w, https:\/\/essax.es\/wp-content\/uploads\/2021\/11\/equipo-essax-9x12.jpg 9w, https:\/\/essax.es\/wp-content\/uploads\/2021\/11\/equipo-essax-768x979.jpg 768w, https:\/\/essax.es\/wp-content\/uploads\/2021\/11\/equipo-essax-769x980.jpg 769w, https:\/\/essax.es\/wp-content\/uploads\/2021\/11\/equipo-essax-84x107.jpg 84w, https:\/\/essax.es\/wp-content\/uploads\/2021\/11\/equipo-essax-200x255.jpg 200w, https:\/\/essax.es\/wp-content\/uploads\/2021\/11\/equipo-essax-450x574.jpg 450w, https:\/\/essax.es\/wp-content\/uploads\/2021\/11\/equipo-essax-600x765.jpg 600w, https:\/\/essax.es\/wp-content\/uploads\/2021\/11\/equipo-essax-620x790.jpg 620w, https:\/\/essax.es\/wp-content\/uploads\/2021\/11\/equipo-essax.jpg 800w\" sizes=\"(max-width: 235px) 100vw, 235px\" \/><\/a><\/p>\n<p>Apresentamos o nosso novo selim Aitana: a express\u00e3o m\u00e1xima de velocidade e desempenho inating\u00edvel.<\/p>\n<p>Gra\u00e7as \u00e0 sua nova constru\u00e7\u00e3o em carbono e materiais ultraleves, voc\u00ea quase n\u00e3o notar\u00e1 que est\u00e1 na sua bicicleta. Este selim foi pensado para quem procura o equil\u00edbrio perfeito entre leveza e resist\u00eancia, permitindo atingir o seu potencial m\u00e1ximo a cada pedalada. A redu\u00e7\u00e3o de peso n\u00e3o compromete a sua durabilidade, garantindo que o selim Aitana o acompanhe em todos os seus desafios de ciclismo.<\/p>\n<p>Mas para obter este elevado desempenho n\u00e3o esquecemos o conforto e a ergonomia. O novo selim Aitana mant\u00e9m as caracter\u00edsticas ergon\u00f3micas dos seus antecessores, permitindo percorrer longas dist\u00e2ncias de bicicleta sem problemas ou desconforto. Seu design inclui um canal central que promove o fluxo de oxig\u00eanio, minimizando a press\u00e3o e evitando dorm\u00eancia, para que voc\u00ea possa ter o melhor desempenho por mais tempo. Al\u00e9m disso, o seu perfil cuidadosamente desenhado e os materiais avan\u00e7ados proporcionam uma excelente distribui\u00e7\u00e3o de peso e amortecimento, reduzindo a fadiga e aumentando o conforto em qualquer terreno.<\/p>\n<p>O selim Aitana n\u00e3o s\u00f3 oferece velocidade e desempenho, mas tamb\u00e9m uma experi\u00eancia de ciclismo incompar\u00e1vel. A combina\u00e7\u00e3o de tecnologia de ponta e aten\u00e7\u00e3o aos detalhes fazem deste selim uma op\u00e7\u00e3o imbat\u00edvel para os ciclistas mais exigentes.<\/p>\n<p>Os rivais n\u00e3o ver\u00e3o voc\u00ea passar. Com o selim Aitana estar\u00e1 sempre um passo \u00e0 frente, aproveitando cada quil\u00f3metro com a confian\u00e7a de que tem o que h\u00e1 de melhor debaixo de si. Transforme cada passeio numa oportunidade de ultrapassar os seus limites e descobrir novas fronteiras com a sela Aitana da Essax.<\/p>","protected":false},"excerpt":{"rendered":"<p>Presentamos nuestro nuevo sill\u00edn Aitana: la m\u00e1xima expresi\u00f3n de velocidad y rendimiento inalcanzable. Gracias a su nueva construcci\u00f3n en carbono y materiales ultraligeros, apenas notar\u00e1s que est\u00e1 en tu bicicleta. Este sill\u00edn est\u00e1 dise\u00f1ado para aquellos que buscan el equilibrio perfecto entre ligereza y resistencia, permiti\u00e9ndote alcanzar tu m\u00e1ximo potencial en cada pedalada. La reducci\u00f3n [&hellip;]<\/p>","protected":false},"featured_media":102082,"comment_status":"open","ping_status":"closed","template":"","meta":{"inline_featured_image":false},"product_brand":[],"product_cat":[600,153,245],"product_tag":[188,179,175,330,284,331,184],"class_list":{"0":"post-102005","1":"product","2":"type-product","3":"status-publish","4":"has-post-thumbnail","6":"product_cat-sillin-carretera-aitana","7":"product_cat-sillines-carretera","8":"product_cat-essax-destacados","9":"product_tag-aitana","10":"product_tag-carbono","11":"product_tag-carretera","12":"product_tag-chrome","13":"product_tag-cromo","14":"product_tag-light","15":"product_tag-road","16":"pa_ancho-140-mm","17":"pa_color-negro-negro","18":"pa_rail-cromo","20":"first","21":"instock","22":"taxable","23":"shipping-taxable","24":"purchasable","25":"product-type-simple"},"exclude_global_add_ons":[],"addons":[],"_links":{"self":[{"href":"https:\/\/essax.es\/pt\/wp-json\/wp\/v2\/product\/102005"}],"collection":[{"href":"https:\/\/essax.es\/pt\/wp-json\/wp\/v2\/product"}],"about":[{"href":"https:\/\/essax.es\/pt\/wp-json\/wp\/v2\/types\/product"}],"replies":[{"embeddable":true,"href":"https:\/\/essax.es\/pt\/wp-json\/wp\/v2\/comments?post=102005"}],"wp:featuredmedia":[{"embeddable":true,"href":"https:\/\/essax.es\/pt\/wp-json\/wp\/v2\/media\/102082"}],"wp:attachment":[{"href":"https:\/\/essax.es\/pt\/wp-json\/wp\/v2\/media?parent=102005"}],"wp:term":[{"taxonomy":"product_brand","embeddable":true,"href":"https:\/\/essax.es\/pt\/wp-json\/wp\/v2\/product_brand?post=102005"},{"taxonomy":"product_cat","embeddable":true,"href":"https:\/\/essax.es\/pt\/wp-json\/wp\/v2\/product_cat?post=102005"},{"taxonomy":"product_tag","embeddable":true,"href":"https:\/\/essax.es\/pt\/wp-json\/wp\/v2\/product_tag?post=102005"}],"curies":[{"name":"wp","href":"https:\/\/api.w.org\/{rel}","templated":true}]}}