{"id":102014,"date":"2022-09-12T08:57:01","date_gmt":"2022-09-12T08:57:01","guid":{"rendered":"https:\/\/essax.es\/?post_type=product&#038;p=102014"},"modified":"2026-03-24T10:39:40","modified_gmt":"2026-03-24T10:39:40","slug":"iris-acero","status":"publish","type":"product","link":"https:\/\/essax.es\/pt\/product\/iris-acero","title":{"rendered":"Selim Bicicleta Estrada\/BTT \u2013 A\u00e7o \u2013 280gr \u2013 Mod."},"content":{"rendered":"<p><a href=\"https:\/\/essax.es\/wp-content\/uploads\/2021\/11\/x-sauce.jpg\"><img fetchpriority=\"high\" decoding=\"async\" class=\"alignright size-medium wp-image-101586\" src=\"https:\/\/essax.es\/wp-content\/uploads\/2021\/11\/x-sauce-235x300.jpg\" alt=\"\" width=\"235\" height=\"300\" srcset=\"https:\/\/essax.es\/wp-content\/uploads\/2021\/11\/x-sauce-235x300.jpg 235w, https:\/\/essax.es\/wp-content\/uploads\/2021\/11\/x-sauce-9x12.jpg 9w, https:\/\/essax.es\/wp-content\/uploads\/2021\/11\/x-sauce-768x979.jpg 768w, https:\/\/essax.es\/wp-content\/uploads\/2021\/11\/x-sauce-769x980.jpg 769w, https:\/\/essax.es\/wp-content\/uploads\/2021\/11\/x-sauce-84x107.jpg 84w, https:\/\/essax.es\/wp-content\/uploads\/2021\/11\/x-sauce-200x255.jpg 200w, https:\/\/essax.es\/wp-content\/uploads\/2021\/11\/x-sauce-450x574.jpg 450w, https:\/\/essax.es\/wp-content\/uploads\/2021\/11\/x-sauce-600x765.jpg 600w, https:\/\/essax.es\/wp-content\/uploads\/2021\/11\/x-sauce-620x790.jpg 620w, https:\/\/essax.es\/wp-content\/uploads\/2021\/11\/x-sauce.jpg 800w\" sizes=\"(max-width: 235px) 100vw, 235px\" \/><\/a><\/p>\n<p>M\u00e1ximo conforto. O novo selim Iris baseia-se na mesma estrutura do seu irm\u00e3o Aitana, mas com o ajuste de conforto levado ao mais alto n\u00edvel. Meticulosamente projetado para oferecer uma experi\u00eancia de ciclismo superior, o Iris \u00e9 o resultado de um processo de desenvolvimento focado no usu\u00e1rio e de uma an\u00e1lise detalhada das necessidades de nossos ciclistas.<\/p>\n<p>A ideia do Iris surgiu depois de ouvir o enorme feedback dos nossos clientes e atletas, que procuram um selim confort\u00e1vel para longos dias na bicicleta, seja em passeios com amigos e fam\u00edlia ou em viagens solit\u00e1rias. Sem renunciar \u00e0s caracter\u00edsticas ergon\u00f3micas avan\u00e7adas que caracterizam a vers\u00e3o de estrada, o Iris incorpora melhorias significativas para maximizar o conforto sem comprometer o desempenho.<\/p>\n<p>Com resultados incr\u00edveis tanto em crian\u00e7as como em adultos, o selim Iris adapta-se perfeitamente a todas as idades e n\u00edveis de experi\u00eancia. Seu design vers\u00e1til e ergon\u00f4mico o torna a escolha ideal para qualquer tipo de ciclista, proporcionando conforto excepcional a cada pedalada.<\/p>\n<p>Ideal tanto para montanhas como para estradas, o Iris \u00e9 o selim mais ergon\u00f3mico e vers\u00e1til da nossa gama. Sua estrutura robusta e leve, aliada a materiais de alta qualidade, garantem durabilidade e resist\u00eancia, enquanto seu design cuidadosamente elaborado garante uma distribui\u00e7\u00e3o uniforme do peso, reduzindo os pontos de press\u00e3o e evitando desconforto em passeios longos.<\/p>\n<p>O Iris n\u00e3o representa apenas uma melhoria no conforto, mas tamb\u00e9m no desempenho. A sua forma inovadora e o acolchoamento otimizado permitem uma maior liberdade de movimentos e uma melhor postura, resultando numa experi\u00eancia de ciclismo mais eficiente e agrad\u00e1vel. Quer voc\u00ea esteja enfrentando terrenos acidentados nas montanhas ou viajando longas dist\u00e2ncias na estrada, o Iris oferece o suporte necess\u00e1rio para superar qualquer desafio.<\/p>\n<p>O novo selim Iris da Essax \u00e9, sem d\u00favida, um investimento em qualidade e conforto. Com ele voc\u00ea n\u00e3o pode errar. \u00c9 a op\u00e7\u00e3o perfeita para quem procura o melhor em ergonomia, versatilidade e desempenho nas suas aventuras de ciclismo.<\/p>","protected":false},"excerpt":{"rendered":"<p>M\u00e1ximo confort. El nuevo sill\u00edn Iris est\u00e1 basado en la misma estructura que su hermano Aitana, pero con el ajuste de comodidad llevado al m\u00e1ximo nivel. Dise\u00f1ado meticulosamente para ofrecer una experiencia de ciclismo superior, el Iris es el resultado de un proceso de desarrollo centrado en el usuario y en el an\u00e1lisis detallado de [&hellip;]<\/p>","protected":false},"featured_media":102097,"comment_status":"open","ping_status":"closed","template":"","meta":{"inline_featured_image":false},"product_brand":[],"product_cat":[153,604,602,154],"product_tag":[340,175,337,339,338,287,184,336],"class_list":{"0":"post-102014","1":"product","2":"type-product","3":"status-publish","4":"has-post-thumbnail","6":"product_cat-sillines-carretera","7":"product_cat-mtb-gravel-iris","8":"product_cat-sillin-carretera-iris","9":"product_cat-mtb-gravel","10":"product_tag-acero","11":"product_tag-carretera","12":"product_tag-confort","13":"product_tag-fec","14":"product_tag-iris","15":"product_tag-montana","16":"product_tag-road","17":"product_tag-tmb","19":"first","20":"instock","21":"taxable","22":"shipping-taxable","23":"purchasable","24":"product-type-simple"},"exclude_global_add_ons":[],"addons":[],"_links":{"self":[{"href":"https:\/\/essax.es\/pt\/wp-json\/wp\/v2\/product\/102014"}],"collection":[{"href":"https:\/\/essax.es\/pt\/wp-json\/wp\/v2\/product"}],"about":[{"href":"https:\/\/essax.es\/pt\/wp-json\/wp\/v2\/types\/product"}],"replies":[{"embeddable":true,"href":"https:\/\/essax.es\/pt\/wp-json\/wp\/v2\/comments?post=102014"}],"wp:featuredmedia":[{"embeddable":true,"href":"https:\/\/essax.es\/pt\/wp-json\/wp\/v2\/media\/102097"}],"wp:attachment":[{"href":"https:\/\/essax.es\/pt\/wp-json\/wp\/v2\/media?parent=102014"}],"wp:term":[{"taxonomy":"product_brand","embeddable":true,"href":"https:\/\/essax.es\/pt\/wp-json\/wp\/v2\/product_brand?post=102014"},{"taxonomy":"product_cat","embeddable":true,"href":"https:\/\/essax.es\/pt\/wp-json\/wp\/v2\/product_cat?post=102014"},{"taxonomy":"product_tag","embeddable":true,"href":"https:\/\/essax.es\/pt\/wp-json\/wp\/v2\/product_tag?post=102014"}],"curies":[{"name":"wp","href":"https:\/\/api.w.org\/{rel}","templated":true}]}}