{"id":102036,"date":"2022-09-13T06:59:55","date_gmt":"2022-09-13T06:59:55","guid":{"rendered":"https:\/\/essax.es\/?post_type=product&#038;p=102036"},"modified":"2024-12-10T10:01:14","modified_gmt":"2024-12-10T10:01:14","slug":"vanko-2","status":"publish","type":"product","link":"https:\/\/essax.es\/pt\/product\/vanko-2","title":{"rendered":"Selim Bicicleta BTT \u2013 Cromado \u2013 225 gr \u2013 Mod."},"content":{"rendered":"<p>O novo selim Vanko nunca far\u00e1 voc\u00ea se sentir desconfort\u00e1vel. Capaz de resistir a qualquer golpe e aos terrenos mais dif\u00edceis, n\u00e3o haver\u00e1 nada que possa venc\u00ea-lo.<\/p>\n<p>Baseado em seu irm\u00e3o mais fino, Tudons, o novo Vanko possui uma camada mais espessa de espuma que oferece milhares de horas de conforto. Sabemos que a espuma n\u00e3o \u00e9 tudo, por isso mant\u00e9m as mesmas qualidades ergon\u00f3micas do seu irm\u00e3o mais novo, permitindo percorrer longos percursos sem ter que se mover nem um mil\u00edmetro.<\/p>\n<h4>Design e tecnologia<\/h4>\n<p>O Vanko n\u00e3o se destaca apenas pela sua robustez, mas tamb\u00e9m pelo seu design pensado para os ciclistas mais exigentes. Com estrutura interna refor\u00e7ada e materiais de alta qualidade, este selim est\u00e1 pronto para enfrentar os desafios mais dif\u00edceis. A carca\u00e7a de fibra de carbono oferece uma combina\u00e7\u00e3o perfeita de rigidez e flexibilidade, garantindo desempenho superior em qualquer tipo de terreno.<\/p>\n<h4>Conforto sem compromisso<\/h4>\n<p>A espuma viscoel\u00e1stica de alta densidade utilizada no Vanko adapta-se perfeitamente \u00e0 anatomia do piloto, distribuindo a press\u00e3o uniformemente e reduzindo os pontos de dor. Isto se traduz em maior conforto, mesmo nos passeios mais longos e exigentes. Al\u00e9m disso, a capa de microfibra antiderrapante garante uma posi\u00e7\u00e3o est\u00e1vel e evita escorreg\u00f5es durante a pedalada.<\/p>\n<h4>Ergonomia Avan\u00e7ada<\/h4>\n<p>O design ergon\u00f4mico do Vanko foi desenvolvido em colabora\u00e7\u00e3o com especialistas em biomec\u00e2nica, garantindo que cada curva e detalhe sejam otimizados para desempenho e conforto. A zona central do selim possui um canal de al\u00edvio de press\u00e3o que reduz a dorm\u00eancia e melhora a circula\u00e7\u00e3o sangu\u00ednea, permitindo-lhe desfrutar de cada quil\u00f3metro sem desconforto.<\/p>\n<h4>Versatilidade e Adaptabilidade<\/h4>\n<p>N\u00e3o importa se voc\u00ea \u00e9 um ciclista de montanha, estrada ou cascalho, o Vanko se adapta a todas as disciplinas. Seus trilhos de tit\u00e2nio n\u00e3o s\u00f3 agregam resist\u00eancia e durabilidade, mas tamb\u00e9m ajudam a manter o peso do selim no m\u00ednimo, o que \u00e9 crucial para quem busca otimizar cada grama de seu equipamento.<\/p>\n<h4>Inova\u00e7\u00e3o e Durabilidade<\/h4>\n<p>Essax deu \u00eanfase especial \u00e0 durabilidade do Vanko. Cada selim passa por rigorosos testes de qualidade para garantir que atenda aos mais altos padr\u00f5es da ind\u00fastria. Quer seja chuva, sol escaldante ou condi\u00e7\u00f5es mais extremas, o Vanko foi constru\u00eddo para resistir a tudo o que a estrada lhe imp\u00f5e.<\/p>\n<p>N\u00e3o haver\u00e1 nada que possa resistir a voc\u00ea! Com o selim Vanko voc\u00ea estar\u00e1 equipado com o que h\u00e1 de melhor em tecnologia e design para que cada aventura sobre duas rodas seja uma experi\u00eancia incompar\u00e1vel. Confie na robustez e conforto do Vanko e leve o seu desempenho para o pr\u00f3ximo n\u00edvel.<\/p>","protected":false},"excerpt":{"rendered":"<p>O novo selim Vanko nunca far\u00e1 voc\u00ea se sentir desconfort\u00e1vel. Capaz de resistir a qualquer golpe e aos terrenos mais dif\u00edceis, n\u00e3o haver\u00e1 nada que possa venc\u00ea-lo. Baseado em seu irm\u00e3o mais fino, Tudons, o novo Vanko possui uma camada mais espessa de espuma que oferece milhares de horas de conforto. Sabemos que a espuma n\u00e3o [\u2026]<\/p>","protected":false},"featured_media":102085,"comment_status":"open","ping_status":"closed","template":"","meta":{"inline_featured_image":false},"product_brand":[],"product_cat":[154,157,605],"product_tag":[205,342,284,344,343,287,191,203,341],"class_list":{"0":"post-102036","1":"product","2":"type-product","3":"status-publish","4":"has-post-thumbnail","6":"product_cat-mtb-gravel","7":"product_cat-urban","8":"product_cat-mtb-gravel-vanko","9":"product_tag-ciudad","10":"product_tag-comodo","11":"product_tag-cromo","12":"product_tag-ergo","13":"product_tag-ergonomia","14":"product_tag-montana","15":"product_tag-mtb","16":"product_tag-urban","17":"product_tag-vanko","19":"first","20":"instock","21":"taxable","22":"shipping-taxable","23":"purchasable","24":"product-type-simple"},"exclude_global_add_ons":[],"addons":[],"_links":{"self":[{"href":"https:\/\/essax.es\/pt\/wp-json\/wp\/v2\/product\/102036"}],"collection":[{"href":"https:\/\/essax.es\/pt\/wp-json\/wp\/v2\/product"}],"about":[{"href":"https:\/\/essax.es\/pt\/wp-json\/wp\/v2\/types\/product"}],"replies":[{"embeddable":true,"href":"https:\/\/essax.es\/pt\/wp-json\/wp\/v2\/comments?post=102036"}],"wp:featuredmedia":[{"embeddable":true,"href":"https:\/\/essax.es\/pt\/wp-json\/wp\/v2\/media\/102085"}],"wp:attachment":[{"href":"https:\/\/essax.es\/pt\/wp-json\/wp\/v2\/media?parent=102036"}],"wp:term":[{"taxonomy":"product_brand","embeddable":true,"href":"https:\/\/essax.es\/pt\/wp-json\/wp\/v2\/product_brand?post=102036"},{"taxonomy":"product_cat","embeddable":true,"href":"https:\/\/essax.es\/pt\/wp-json\/wp\/v2\/product_cat?post=102036"},{"taxonomy":"product_tag","embeddable":true,"href":"https:\/\/essax.es\/pt\/wp-json\/wp\/v2\/product_tag?post=102036"}],"curies":[{"name":"wp","href":"https:\/\/api.w.org\/{rel}","templated":true}]}}