{"id":103942,"date":"2024-10-17T12:03:18","date_gmt":"2024-10-17T12:03:18","guid":{"rendered":"https:\/\/essax.es\/?post_type=product&#038;p=103942"},"modified":"2025-10-24T08:49:26","modified_gmt":"2025-10-24T08:49:26","slug":"sillin-bicicleta-carretera-mtb-titanio-200-gr-mod-eon","status":"publish","type":"product","link":"https:\/\/essax.es\/pt\/product\/sillin-bicicleta-carretera-mtb-titanio-200-gr-mod-eon","title":{"rendered":"Sill\u00edn Bicicleta Carretera \/ MTB &#8211; Titanio &#8211; 170 gr &#8211; Mod. E\u00f3n"},"content":{"rendered":"<p><a href=\"https:\/\/essax.es\/wp-content\/uploads\/2022\/01\/JSG7368-scaled.jpg\"><img fetchpriority=\"high\" decoding=\"async\" class=\"alignright size-medium wp-image-101997\" src=\"https:\/\/essax.es\/wp-content\/uploads\/2022\/01\/JSG7368-200x300.jpg\" alt=\"\" width=\"200\" height=\"300\" \/><\/a>Na mitologia grega, Aeon \u00e9 o deus da eternidade, que n\u00e3o contempla objetivos ou planos, mas antes promove a\u00e7\u00f5es que t\u00eam significado em si. O agora&quot;. O \u201cfa\u00e7a\u201d. Ele come\u00e7a&quot;. N\u00e3o em v\u00e3o, ele \u00e9 o deus que Machado invocou naquele \u201cCaminhante, n\u00e3o h\u00e1 caminho, o caminho se faz caminhando\u201d.<\/p>\n<p>E o nome escolhido para a nossa nova sela n\u00e3o \u00e9 por acaso. E\u00f3n foi projetado para voc\u00ea, independentemente do seu sexo, n\u00edvel ou disciplina de ciclismo. Foi pensado para aqueles para quem o fim n\u00e3o \u00e9 t\u00e3o importante quanto o caminho percorrido antes de alcan\u00e7\u00e1-lo.<\/p>\n<p>E\u00f3n \u00e9 um dos modelos mais avan\u00e7ados que j\u00e1 saiu da nossa f\u00e1brica, o que envolveu centenas de estudos biomec\u00e2nicos, tra\u00e7os de press\u00e3o, testes de qualidade e testes de competi\u00e7\u00e3o. Seu design e ergonomia foram exaustivamente estudados durante dois anos para se adaptarem a qualquer tipo de fisionomia. O grande desafio no seu desenvolvimento tem sido garantir a circula\u00e7\u00e3o sangu\u00ednea adequada na regi\u00e3o perineal durante a pedalada. Isto foi conseguido combinando uma largura maior (145 mm) para melhor redistribuir o peso, um comprimento de selim mais curto, a folga central e todo o canal longitudinal.<\/p>","protected":false},"excerpt":{"rendered":"<p>En la mitolog\u00eda griega, E\u00f3n es el dios de la eternidad, que no contempla ni los objetivos ni los planes, sino que promueve la acci\u00f3n que tenga sentido en s\u00ed misma. El &#8220;ahora&#8221;. El &#8220;hazlo&#8221;. El &#8220;empieza&#8221;. No en vano, es el dios que invocaba Machado en aquel &#8220;Caminante no hay camino, se hace camino [&hellip;]<\/p>","protected":false},"featured_media":101992,"comment_status":"open","ping_status":"closed","template":"","meta":{"inline_featured_image":false},"product_brand":[],"product_cat":[153,245,599,154],"product_tag":[284,281,282,152,151],"class_list":{"0":"post-103942","1":"product","2":"type-product","3":"status-publish","4":"has-post-thumbnail","6":"product_cat-sillines-carretera","7":"product_cat-essax-destacados","8":"product_cat-sillin-carretera-eon","9":"product_cat-mtb-gravel","10":"product_tag-cromo","11":"product_tag-eon","12":"product_tag-essax-eon","13":"product_tag-road-saddle","14":"product_tag-sillin-carretera","15":"pa_ancho-145-mm","16":"pa_ancho-155-mm","17":"pa_color-negro-negro","18":"pa_rail-titanio","20":"first","21":"outofstock","22":"featured","23":"taxable","24":"shipping-taxable","25":"purchasable","26":"product-type-simple"},"exclude_global_add_ons":[],"addons":[],"_links":{"self":[{"href":"https:\/\/essax.es\/pt\/wp-json\/wp\/v2\/product\/103942"}],"collection":[{"href":"https:\/\/essax.es\/pt\/wp-json\/wp\/v2\/product"}],"about":[{"href":"https:\/\/essax.es\/pt\/wp-json\/wp\/v2\/types\/product"}],"replies":[{"embeddable":true,"href":"https:\/\/essax.es\/pt\/wp-json\/wp\/v2\/comments?post=103942"}],"wp:featuredmedia":[{"embeddable":true,"href":"https:\/\/essax.es\/pt\/wp-json\/wp\/v2\/media\/101992"}],"wp:attachment":[{"href":"https:\/\/essax.es\/pt\/wp-json\/wp\/v2\/media?parent=103942"}],"wp:term":[{"taxonomy":"product_brand","embeddable":true,"href":"https:\/\/essax.es\/pt\/wp-json\/wp\/v2\/product_brand?post=103942"},{"taxonomy":"product_cat","embeddable":true,"href":"https:\/\/essax.es\/pt\/wp-json\/wp\/v2\/product_cat?post=103942"},{"taxonomy":"product_tag","embeddable":true,"href":"https:\/\/essax.es\/pt\/wp-json\/wp\/v2\/product_tag?post=103942"}],"curies":[{"name":"wp","href":"https:\/\/api.w.org\/{rel}","templated":true}]}}