{"id":103945,"date":"2024-10-17T12:15:16","date_gmt":"2024-10-17T12:15:16","guid":{"rendered":"https:\/\/essax.es\/?post_type=product&#038;p=103945"},"modified":"2024-12-10T10:00:59","modified_gmt":"2024-12-10T10:00:59","slug":"sillin-bicicleta-carretera-mtb-acero-280gr-mod-tudons","status":"publish","type":"product","link":"https:\/\/essax.es\/pt\/product\/sillin-bicicleta-carretera-mtb-acero-280gr-mod-tudons","title":{"rendered":"Sill\u00edn Bicicleta Carretera \/ MTB &#8211; Acero &#8211; 280gr &#8211; Mod. Tudons"},"content":{"rendered":"<p><a href=\"https:\/\/essax.es\/wp-content\/uploads\/2022\/09\/JSG7385-scaled.jpg\"><img fetchpriority=\"high\" decoding=\"async\" class=\"alignright wp-image-102022\" src=\"https:\/\/essax.es\/wp-content\/uploads\/2022\/09\/JSG7385-300x200.jpg\" alt=\"\" width=\"500\" height=\"333\" \/><\/a><\/p>\n<p>Robusto e vers\u00e1til. Esses foram os padr\u00f5es que usamos para desenvolver o novo selim Tudons.<\/p>\n<p>O novo selim Tudons \u00e9 t\u00e3o vers\u00e1til que o testamos em diferentes tipos de bicicletas: EMTB\u2019s, Gravel, Trekking e Road, obtendo resultados incr\u00edveis em cada uma delas. N\u00e3o importa o terreno ou a modalidade, o Tudons tem-se revelado um companheiro de confian\u00e7a, adaptando-se perfeitamente \u00e0s diversas necessidades e estilos de condu\u00e7\u00e3o.<\/p>\n<p>Com base na base ergon\u00f3mica dos seus irm\u00e3os, inserimos uma parte central coberta que proporciona todos os benef\u00edcios ergon\u00f3micos essenciais. Esta adi\u00e7\u00e3o n\u00e3o s\u00f3 otimiza o conforto ao reduzir os pontos de press\u00e3o, mas tamb\u00e9m contribui para uma melhor ventila\u00e7\u00e3o e circula\u00e7\u00e3o de ar, o que \u00e9 crucial para longos dias de condu\u00e7\u00e3o.<\/p>\n<p>Al\u00e9m disso, melhoramos a resist\u00eancia e durabilidade do conjunto do selim, utilizando materiais de alta qualidade e t\u00e9cnicas avan\u00e7adas de fabrica\u00e7\u00e3o. O resultado \u00e9 um selim que n\u00e3o s\u00f3 oferece um desempenho superior em termos de conforto e ergonomia, mas tamb\u00e9m resiste \u00e0s condi\u00e7\u00f5es mais exigentes e ao uso intensivo sem comprometer a sua integridade.<\/p>\n<p>O Tudons pode se tornar o \u00fanico selim que voc\u00ea precisa, independente da modalidade que voc\u00ea pratica. Seu design robusto e excepcional adaptabilidade garantem que voc\u00ea esteja sempre pronto para enfrentar qualquer desafio, seja em uma aventura off-road, em um percurso de longa dist\u00e2ncia ou em um passeio tranquilo pela cidade. Com o selim Tudons o conforto, a resist\u00eancia e a versatilidade s\u00e3o garantidos a cada pedalada.<\/p>","protected":false},"excerpt":{"rendered":"<p>Robusto y vers\u00e1til. Esas fueron las normas que utilizamos para desarrollar el nuevo sill\u00edn Tudons. El nuevo sill\u00edn Tudons es tan vers\u00e1til que lo hemos probado en diferentes tipos de bicicletas: EMTB&#8217;s, Gravel, Trekking y Carretera, obteniendo resultados incre\u00edbles en cada una de ellas. No importa el terreno o la modalidad, el Tudons ha demostrado [&hellip;]<\/p>","protected":false},"featured_media":102091,"comment_status":"open","ping_status":"closed","template":"","meta":{"inline_featured_image":false},"product_brand":[],"product_cat":[153,154,601,603],"product_tag":[284,294,152,151,183,190],"class_list":{"0":"post-103945","1":"product","2":"type-product","3":"status-publish","4":"has-post-thumbnail","6":"product_cat-sillines-carretera","7":"product_cat-mtb-gravel","8":"product_cat-sillin-carretera-tudons","9":"product_cat-mtb-gravel-tudons","10":"product_tag-cromo","11":"product_tag-mtb-saddle","12":"product_tag-road-saddle","13":"product_tag-sillin-carretera","14":"product_tag-tudons","15":"product_tag-xc","17":"first","18":"instock","19":"taxable","20":"shipping-taxable","21":"purchasable","22":"product-type-simple"},"exclude_global_add_ons":[],"addons":[],"_links":{"self":[{"href":"https:\/\/essax.es\/pt\/wp-json\/wp\/v2\/product\/103945"}],"collection":[{"href":"https:\/\/essax.es\/pt\/wp-json\/wp\/v2\/product"}],"about":[{"href":"https:\/\/essax.es\/pt\/wp-json\/wp\/v2\/types\/product"}],"replies":[{"embeddable":true,"href":"https:\/\/essax.es\/pt\/wp-json\/wp\/v2\/comments?post=103945"}],"wp:featuredmedia":[{"embeddable":true,"href":"https:\/\/essax.es\/pt\/wp-json\/wp\/v2\/media\/102091"}],"wp:attachment":[{"href":"https:\/\/essax.es\/pt\/wp-json\/wp\/v2\/media?parent=103945"}],"wp:term":[{"taxonomy":"product_brand","embeddable":true,"href":"https:\/\/essax.es\/pt\/wp-json\/wp\/v2\/product_brand?post=103945"},{"taxonomy":"product_cat","embeddable":true,"href":"https:\/\/essax.es\/pt\/wp-json\/wp\/v2\/product_cat?post=103945"},{"taxonomy":"product_tag","embeddable":true,"href":"https:\/\/essax.es\/pt\/wp-json\/wp\/v2\/product_tag?post=103945"}],"curies":[{"name":"wp","href":"https:\/\/api.w.org\/{rel}","templated":true}]}}