{"id":99461,"date":"2020-07-22T08:23:19","date_gmt":"2020-07-22T08:23:19","guid":{"rendered":"https:\/\/essax.es\/?post_type=product&#038;p=99461"},"modified":"2025-11-03T08:11:00","modified_gmt":"2025-11-03T08:11:00","slug":"adrenaline-r-cromo","status":"publish","type":"product","link":"https:\/\/essax.es\/pt\/product\/adrenaline-r-cromo","title":{"rendered":"Selim de Bicicleta \u2013 Cromado \u2013 180 gr. \u2013 Mod. Adrenalina R"},"content":{"rendered":"<p>Sem d\u00favida estamos perante o carro-chefe da marca, o modelo mais vendido do nosso cat\u00e1logo nos nossos 13 anos de vida, e de longe.<\/p>\n<p>O seu grande n\u00famero de combina\u00e7\u00f5es em termos de cores, hastes e larguras, al\u00e9m de uma melhoria formal cont\u00ednua ano ap\u00f3s ano, fizeram do Adrenaline R o selim preferido do 99% dos ciclistas e equipas patrocinadas ao longo deste tempo; Deve haver uma raz\u00e3o\u2026<\/p>\n<p>Equipado com um canal central para liberar parte da press\u00e3o que nosso peso exerce sobre a regi\u00e3o perineal, \u00e9 fornecido em diferentes vers\u00f5es e gamas. Da haste cromada, com um pre\u00e7o mais baixo e uns fant\u00e1sticos 180 gr. de peso, at\u00e9 a impressionante vers\u00e3o em fibra de carbono e seus espetaculares 135 gr.<\/p>","protected":false},"excerpt":{"rendered":"<p>Sin ning\u00fan g\u00e9nero de dudas nos encontramos ante el buque insignia de la marca, el modelo m\u00e1s vendido de nuestro cat\u00e1logo en nuestros 13 a\u00f1os de vida, y con diferencia. Su gran cantidad de combinaciones en cuanto a colores, varillas y anchos, adem\u00e1s de una continua mejora formal a\u00f1o tras a\u00f1os, han hecho del Adrenaline [&hellip;]<\/p>","protected":false},"featured_media":101212,"comment_status":"open","ping_status":"closed","template":"","meta":{"inline_featured_image":false},"product_brand":[],"product_cat":[158],"product_tag":[149,150,152,151],"class_list":{"0":"post-99461","1":"product","2":"type-product","3":"status-publish","4":"has-post-thumbnail","6":"product_cat-outlet","7":"product_tag-adrenaline","8":"product_tag-adrenaline-r","9":"product_tag-road-saddle","10":"product_tag-sillin-carretera","11":"pa_ancho-130-mm","12":"pa_ancho-142-mm","13":"pa_color-blanco-negro","14":"pa_color-negro-negro","15":"pa_color-negro-blanco","16":"pa_color-negro-rojo","17":"pa_rail-cromo","19":"first","20":"instock","21":"sale","22":"featured","23":"taxable","24":"shipping-taxable","25":"purchasable","26":"product-type-variable"},"exclude_global_add_ons":[],"addons":[],"_links":{"self":[{"href":"https:\/\/essax.es\/pt\/wp-json\/wp\/v2\/product\/99461"}],"collection":[{"href":"https:\/\/essax.es\/pt\/wp-json\/wp\/v2\/product"}],"about":[{"href":"https:\/\/essax.es\/pt\/wp-json\/wp\/v2\/types\/product"}],"replies":[{"embeddable":true,"href":"https:\/\/essax.es\/pt\/wp-json\/wp\/v2\/comments?post=99461"}],"wp:featuredmedia":[{"embeddable":true,"href":"https:\/\/essax.es\/pt\/wp-json\/wp\/v2\/media\/101212"}],"wp:attachment":[{"href":"https:\/\/essax.es\/pt\/wp-json\/wp\/v2\/media?parent=99461"}],"wp:term":[{"taxonomy":"product_brand","embeddable":true,"href":"https:\/\/essax.es\/pt\/wp-json\/wp\/v2\/product_brand?post=99461"},{"taxonomy":"product_cat","embeddable":true,"href":"https:\/\/essax.es\/pt\/wp-json\/wp\/v2\/product_cat?post=99461"},{"taxonomy":"product_tag","embeddable":true,"href":"https:\/\/essax.es\/pt\/wp-json\/wp\/v2\/product_tag?post=99461"}],"curies":[{"name":"wp","href":"https:\/\/api.w.org\/{rel}","templated":true}]}}