{"id":99505,"date":"2020-07-22T10:10:43","date_gmt":"2020-07-22T10:10:43","guid":{"rendered":"https:\/\/essax.es\/?post_type=product&#038;p=99505"},"modified":"2025-09-07T06:31:43","modified_gmt":"2025-09-07T06:31:43","slug":"singel-cromo","status":"publish","type":"product","link":"https:\/\/essax.es\/pt\/product\/singel-cromo","title":{"rendered":"Selim para Bicicleta de Estrada \u2013 Cromado \u2013 220 gr. \u2013 Mod."},"content":{"rendered":"<p><a href=\"https:\/\/essax.es\/wp-content\/uploads\/2020\/07\/essax-singel-5-sillin-saddle.jpg\"><img fetchpriority=\"high\" decoding=\"async\" class=\"alignright size-medium wp-image-99579\" src=\"https:\/\/essax.es\/wp-content\/uploads\/2020\/07\/essax-singel-5-sillin-saddle-300x253.jpg\" alt=\"essax-singel-sillin-bike-saddle-ciclismo-cycling-rio-miera\" width=\"300\" height=\"253\" srcset=\"https:\/\/essax.es\/wp-content\/uploads\/2020\/07\/essax-singel-5-sillin-saddle-300x253.jpg 300w, https:\/\/essax.es\/wp-content\/uploads\/2020\/07\/essax-singel-5-sillin-saddle-14x12.jpg 14w, https:\/\/essax.es\/wp-content\/uploads\/2020\/07\/essax-singel-5-sillin-saddle-768x648.jpg 768w, https:\/\/essax.es\/wp-content\/uploads\/2020\/07\/essax-singel-5-sillin-saddle-769x649.jpg 769w, https:\/\/essax.es\/wp-content\/uploads\/2020\/07\/essax-singel-5-sillin-saddle-84x71.jpg 84w, https:\/\/essax.es\/wp-content\/uploads\/2020\/07\/essax-singel-5-sillin-saddle-200x169.jpg 200w, https:\/\/essax.es\/wp-content\/uploads\/2020\/07\/essax-singel-5-sillin-saddle-450x380.jpg 450w, https:\/\/essax.es\/wp-content\/uploads\/2020\/07\/essax-singel-5-sillin-saddle.jpg 800w\" sizes=\"(max-width: 300px) 100vw, 300px\" \/><\/a>O ano era 2017, e nessa altura tivemos o privil\u00e9gio de sermos colaboradoras de uma das melhores equipas femininas do pa\u00eds, a Lointek Team. Naquela \u00e9poca tamb\u00e9m t\u00ednhamos em cima da mesa um projeto de sela espec\u00edfico para mulheres, ent\u00e3o n\u00e3o pensamos muito em pedir ajuda \u00e0s meninas da equipe para desenvolv\u00ea-lo. E do resultado desta colabora\u00e7\u00e3o nasceu o modelo Singel.<\/p>\n<p>Ignorando os falsos mitos sobre a maior largura dos \u00edsquios femininos, decidimos criar um modelo com largura padr\u00e3o de 142 mm. Sim, levamos em considera\u00e7\u00e3o outros aspectos de sua fisionomia, que sempre tendeu a causar doen\u00e7as genitais com selas convencionais. Por isso, no Singel estudamos cuidadosamente as medidas do canal central, projetado para liberar parcialmente a press\u00e3o naquela \u00e1rea.<\/p>","protected":false},"excerpt":{"rendered":"<p>Desenhado em colabora\u00e7\u00e3o com as ciclistas da equipa profissional feminina Sopela Team, que contribu\u00edram com a sua experi\u00eancia e aconselhamento durante o processo de desenvolvimento, o Singel \u00e9 um modelo que possui um canal antiprost\u00e1tico longitudinal, para libertar parcialmente a press\u00e3o exercida nessa zona. N\u00f3s sentamos.<\/p>\n<p><span style=\"font-size: 14pt;\"><strong>Peso: 220 gr.<\/strong><\/span><br \/>\nTrilho: Cromo<\/p>","protected":false},"featured_media":99515,"comment_status":"open","ping_status":"closed","template":"","meta":{"inline_featured_image":false},"product_brand":[],"product_cat":[155,153],"product_tag":[175,176,174],"class_list":{"0":"post-99505","1":"product","2":"type-product","3":"status-publish","4":"has-post-thumbnail","6":"product_cat-biomecanica","7":"product_cat-sillines-carretera","8":"product_tag-carretera","9":"product_tag-femenino","10":"product_tag-singel","11":"pa_ancho-140-mm","12":"pa_color-negro-blanco","13":"pa_rail-cromo","15":"first","16":"instock","17":"taxable","18":"shipping-taxable","19":"purchasable","20":"product-type-variable"},"exclude_global_add_ons":[],"addons":[],"_links":{"self":[{"href":"https:\/\/essax.es\/pt\/wp-json\/wp\/v2\/product\/99505"}],"collection":[{"href":"https:\/\/essax.es\/pt\/wp-json\/wp\/v2\/product"}],"about":[{"href":"https:\/\/essax.es\/pt\/wp-json\/wp\/v2\/types\/product"}],"replies":[{"embeddable":true,"href":"https:\/\/essax.es\/pt\/wp-json\/wp\/v2\/comments?post=99505"}],"wp:featuredmedia":[{"embeddable":true,"href":"https:\/\/essax.es\/pt\/wp-json\/wp\/v2\/media\/99515"}],"wp:attachment":[{"href":"https:\/\/essax.es\/pt\/wp-json\/wp\/v2\/media?parent=99505"}],"wp:term":[{"taxonomy":"product_brand","embeddable":true,"href":"https:\/\/essax.es\/pt\/wp-json\/wp\/v2\/product_brand?post=99505"},{"taxonomy":"product_cat","embeddable":true,"href":"https:\/\/essax.es\/pt\/wp-json\/wp\/v2\/product_cat?post=99505"},{"taxonomy":"product_tag","embeddable":true,"href":"https:\/\/essax.es\/pt\/wp-json\/wp\/v2\/product_tag?post=99505"}],"curies":[{"name":"wp","href":"https:\/\/api.w.org\/{rel}","templated":true}]}}