{"id":99540,"date":"2020-07-22T11:01:28","date_gmt":"2020-07-22T11:01:28","guid":{"rendered":"https:\/\/essax.es\/?post_type=product&#038;p=99540"},"modified":"2024-07-22T08:51:47","modified_gmt":"2024-07-22T08:51:47","slug":"tudons-titanio","status":"publish","type":"product","link":"https:\/\/essax.es\/pt\/product\/tudons-titanio","title":{"rendered":"Selim de Bicicleta \u2013 Tit\u00e2nio \u2013 155 gr. \u2013 Mod."},"content":{"rendered":"<p>Com o aparecimento dos Tudons, iniciamos o costume de dar \u00e0s nossas selas nomes de picos m\u00edticos da prov\u00edncia de Alicante, e com isso, mostrar uma declara\u00e7\u00e3o de inten\u00e7\u00f5es plena: temos orgulho de quem somos e de onde viemos.<\/p>\n<p>Quase 10 anos depois de o ter lan\u00e7ado pela primeira vez no mercado, tornou-se num dos nossos modelos mais conhecidos e ic\u00f3nicos. Seu nome, seu logotipo e seu formato estilizado e elegante j\u00e1 fazem parte da hist\u00f3ria da marca e da mem\u00f3ria coletiva de muitos. A possibilidade de mont\u00e1-lo apenas com hastes de tit\u00e2nio ou fibra de carbono o torna um dos modelos mais exclusivos do nosso cat\u00e1logo.<\/p>","protected":false},"excerpt":{"rendered":"<p>Con la aparici\u00f3n del Tudons, iniciamos la costumbre de denominar a nuestros sillines con el nombre de cumbres m\u00edticas de la provincia de Alicante, y con ello, mostrar una declaraci\u00f3n de intenciones en toda regla: estamos orgullosos de qui\u00e9nes somos y de d\u00f3nde venimos. Casi 10 a\u00f1os despu\u00e9s de lanzarlo al mercado por primera vez, [&hellip;]<\/p>","protected":false},"featured_media":99537,"comment_status":"open","ping_status":"closed","template":"","meta":{"inline_featured_image":false},"product_brand":[],"product_cat":[158],"product_tag":[175,184,183],"class_list":{"0":"post-99540","1":"product","2":"type-product","3":"status-publish","4":"has-post-thumbnail","6":"product_cat-outlet","7":"product_tag-carretera","8":"product_tag-road","9":"product_tag-tudons","10":"pa_ancho-130-mm","11":"pa_ancho-142-mm","12":"pa_color-blanco-negro","13":"pa_color-negro-negro","14":"pa_rail-titanio","16":"first","17":"outofstock","18":"sale","19":"taxable","20":"shipping-taxable","21":"purchasable","22":"product-type-variable"},"exclude_global_add_ons":[],"addons":[],"_links":{"self":[{"href":"https:\/\/essax.es\/pt\/wp-json\/wp\/v2\/product\/99540"}],"collection":[{"href":"https:\/\/essax.es\/pt\/wp-json\/wp\/v2\/product"}],"about":[{"href":"https:\/\/essax.es\/pt\/wp-json\/wp\/v2\/types\/product"}],"replies":[{"embeddable":true,"href":"https:\/\/essax.es\/pt\/wp-json\/wp\/v2\/comments?post=99540"}],"wp:featuredmedia":[{"embeddable":true,"href":"https:\/\/essax.es\/pt\/wp-json\/wp\/v2\/media\/99537"}],"wp:attachment":[{"href":"https:\/\/essax.es\/pt\/wp-json\/wp\/v2\/media?parent=99540"}],"wp:term":[{"taxonomy":"product_brand","embeddable":true,"href":"https:\/\/essax.es\/pt\/wp-json\/wp\/v2\/product_brand?post=99540"},{"taxonomy":"product_cat","embeddable":true,"href":"https:\/\/essax.es\/pt\/wp-json\/wp\/v2\/product_cat?post=99540"},{"taxonomy":"product_tag","embeddable":true,"href":"https:\/\/essax.es\/pt\/wp-json\/wp\/v2\/product_tag?post=99540"}],"curies":[{"name":"wp","href":"https:\/\/api.w.org\/{rel}","templated":true}]}}