{"id":99547,"date":"2020-07-22T11:27:19","date_gmt":"2020-07-22T11:27:19","guid":{"rendered":"https:\/\/essax.es\/?post_type=product&#038;p=99547"},"modified":"2024-07-19T20:49:01","modified_gmt":"2024-07-19T20:49:01","slug":"adrenaline-tech-titanio","status":"publish","type":"product","link":"https:\/\/essax.es\/pt\/product\/adrenaline-tech-titanio","title":{"rendered":"Selim de Bicicleta \u2013 Tit\u00e2nio \u2013 165 gr. \u2013 Mod. Adrenalina"},"content":{"rendered":"<p>Todas as evolu\u00e7\u00f5es, melhorias, testes e feedback de profissionais que recebemos ao longo dos anos com o nosso carro-chefe Adrenaline R foram usados at\u00e9 a \u00faltima gota para desenvolver o Adrenaline Tech; o modelo irm\u00e3o com as mesmas caracter\u00edsticas, materiais, canal central...mas com acolchoamento extra.<\/p>\n<p>\u00c9 ainda um selim de estrada muito t\u00e9cnico e avan\u00e7ado, que muitos ciclistas utilizam em grandes competi\u00e7\u00f5es, e que foi especialmente concebido para quem penaliza um pouco a leveza em troca de sentar-se numa superf\u00edcie ligeiramente mais macia. Mesmo assim, a sua vers\u00e3o em tit\u00e2nio com apenas 165 gr. Resiste a muitos outros modelos de corrida. Ent\u00e3o, como irm\u00e3o mais novo, nada.<\/p>","protected":false},"excerpt":{"rendered":"<p>Todas las evoluciones, mejoras, tests y feedback de los profesionales que hemos recibido a lo largo de estos a\u00f1os con nuestro sill\u00edn insignia Adrenaline R, han sido aprovechados hasta la \u00faltima gota para desarrollar el Adrenaline Tech; el modelo hermano con las mismas caracter\u00edsticas, materiales, canal central&#8230;pero con un plus de acolchado. Sigue trat\u00e1ndose de [&hellip;]<\/p>","protected":false},"featured_media":99553,"comment_status":"open","ping_status":"closed","template":"","meta":{"inline_featured_image":false},"product_brand":[],"product_cat":[158],"product_tag":[149,187,175,184],"class_list":{"0":"post-99547","1":"product","2":"type-product","3":"status-publish","4":"has-post-thumbnail","6":"product_cat-outlet","7":"product_tag-adrenaline","8":"product_tag-adrenaline-tech","9":"product_tag-carretera","10":"product_tag-road","11":"pa_ancho-132-mm","12":"pa_ancho-142-mm","13":"pa_color-blanco-negro","14":"pa_color-negro-negro","15":"pa_rail-titanio","17":"first","18":"outofstock","19":"taxable","20":"shipping-taxable","21":"purchasable","22":"product-type-simple"},"exclude_global_add_ons":[],"addons":[],"_links":{"self":[{"href":"https:\/\/essax.es\/pt\/wp-json\/wp\/v2\/product\/99547"}],"collection":[{"href":"https:\/\/essax.es\/pt\/wp-json\/wp\/v2\/product"}],"about":[{"href":"https:\/\/essax.es\/pt\/wp-json\/wp\/v2\/types\/product"}],"replies":[{"embeddable":true,"href":"https:\/\/essax.es\/pt\/wp-json\/wp\/v2\/comments?post=99547"}],"wp:featuredmedia":[{"embeddable":true,"href":"https:\/\/essax.es\/pt\/wp-json\/wp\/v2\/media\/99553"}],"wp:attachment":[{"href":"https:\/\/essax.es\/pt\/wp-json\/wp\/v2\/media?parent=99547"}],"wp:term":[{"taxonomy":"product_brand","embeddable":true,"href":"https:\/\/essax.es\/pt\/wp-json\/wp\/v2\/product_brand?post=99547"},{"taxonomy":"product_cat","embeddable":true,"href":"https:\/\/essax.es\/pt\/wp-json\/wp\/v2\/product_cat?post=99547"},{"taxonomy":"product_tag","embeddable":true,"href":"https:\/\/essax.es\/pt\/wp-json\/wp\/v2\/product_tag?post=99547"}],"curies":[{"name":"wp","href":"https:\/\/api.w.org\/{rel}","templated":true}]}}