{"id":99564,"date":"2020-07-23T05:39:49","date_gmt":"2020-07-23T05:39:49","guid":{"rendered":"https:\/\/essax.es\/?post_type=product&#038;p=99564"},"modified":"2026-03-26T03:52:49","modified_gmt":"2026-03-26T03:52:49","slug":"aitana-carbono","status":"publish","type":"product","link":"https:\/\/essax.es\/pt\/product\/aitana-carbono","title":{"rendered":"Selim de Bicicleta \u2013 Carbono \u2013 125 gr. \u2013 Mod."},"content":{"rendered":"<p><a href=\"https:\/\/essax.es\/wp-content\/uploads\/2020\/07\/essax-aitana-3-sillin-saddle.jpg\"><img fetchpriority=\"high\" decoding=\"async\" class=\"alignright size-medium wp-image-99570\" src=\"https:\/\/essax.es\/wp-content\/uploads\/2020\/07\/essax-aitana-3-sillin-saddle-300x253.jpg\" alt=\"essax-adrenaline-tech-sillin-bike-saddle-ciclismo-cycling\" width=\"300\" height=\"253\" srcset=\"https:\/\/essax.es\/wp-content\/uploads\/2020\/07\/essax-aitana-3-sillin-saddle-300x253.jpg 300w, https:\/\/essax.es\/wp-content\/uploads\/2020\/07\/essax-aitana-3-sillin-saddle-14x12.jpg 14w, https:\/\/essax.es\/wp-content\/uploads\/2020\/07\/essax-aitana-3-sillin-saddle-768x648.jpg 768w, https:\/\/essax.es\/wp-content\/uploads\/2020\/07\/essax-aitana-3-sillin-saddle-769x649.jpg 769w, https:\/\/essax.es\/wp-content\/uploads\/2020\/07\/essax-aitana-3-sillin-saddle-84x71.jpg 84w, https:\/\/essax.es\/wp-content\/uploads\/2020\/07\/essax-aitana-3-sillin-saddle-200x169.jpg 200w, https:\/\/essax.es\/wp-content\/uploads\/2020\/07\/essax-aitana-3-sillin-saddle-450x380.jpg 450w, https:\/\/essax.es\/wp-content\/uploads\/2020\/07\/essax-aitana-3-sillin-saddle.jpg 800w\" sizes=\"(max-width: 300px) 100vw, 300px\" \/><\/a>Muito perto dos 1.557 metros que coroam majestosamente o telhado da prov\u00edncia de Alicante, encontra-se o porto de Aitana, considerado pela organiza\u00e7\u00e3o da Volta a Espanha como uma categoria especial. E para fazer jus ao seu nome, quisemos criar um selim ao mesmo n\u00edvel.<\/p>\n<p>Pureza e express\u00e3o m\u00ednima assumem a forma de um selim muito especial, concebido desde o primeiro momento sem espuma, composto apenas por hastes, chassi e forro. Simplicidade e eleg\u00e2ncia s\u00e3o outros sin\u00f3nimos de um modelo superleve, que tem surpreendido muitos ciclistas profissionais e biomec\u00e2nicos de renome pela sua excelente adaptabilidade \u00e0 nossa fisionomia.<\/p>","protected":false},"excerpt":{"rendered":"<p>Feito para os escaladores mais s\u00e9rios, este selim ultraleve elimina o acolchoamento para raspar at\u00e9 a \u00faltima grama de peso, mantendo uma ergonomia confort\u00e1vel para passar horas subindo nas passagens mais dif\u00edceis.<\/p>\n<p><span style=\"font-size: 14pt;\"><strong>Peso: 125 gr.<\/strong><\/span><br \/>\nTrilho: Carbono<\/p>","protected":false},"featured_media":99571,"comment_status":"open","ping_status":"closed","template":"","meta":{"inline_featured_image":false},"product_brand":[],"product_cat":[158],"product_tag":[188,175,184],"class_list":{"0":"post-99564","1":"product","2":"type-product","3":"status-publish","4":"has-post-thumbnail","6":"product_cat-outlet","7":"product_tag-aitana","8":"product_tag-carretera","9":"product_tag-road","10":"pa_ancho-130-mm","11":"pa_ancho-142-mm","12":"pa_color-negro-negro","13":"pa_rail-carbono","15":"first","16":"instock","17":"taxable","18":"shipping-taxable","19":"purchasable","20":"product-type-variable"},"exclude_global_add_ons":[],"addons":[],"_links":{"self":[{"href":"https:\/\/essax.es\/pt\/wp-json\/wp\/v2\/product\/99564"}],"collection":[{"href":"https:\/\/essax.es\/pt\/wp-json\/wp\/v2\/product"}],"about":[{"href":"https:\/\/essax.es\/pt\/wp-json\/wp\/v2\/types\/product"}],"replies":[{"embeddable":true,"href":"https:\/\/essax.es\/pt\/wp-json\/wp\/v2\/comments?post=99564"}],"wp:featuredmedia":[{"embeddable":true,"href":"https:\/\/essax.es\/pt\/wp-json\/wp\/v2\/media\/99571"}],"wp:attachment":[{"href":"https:\/\/essax.es\/pt\/wp-json\/wp\/v2\/media?parent=99564"}],"wp:term":[{"taxonomy":"product_brand","embeddable":true,"href":"https:\/\/essax.es\/pt\/wp-json\/wp\/v2\/product_brand?post=99564"},{"taxonomy":"product_cat","embeddable":true,"href":"https:\/\/essax.es\/pt\/wp-json\/wp\/v2\/product_cat?post=99564"},{"taxonomy":"product_tag","embeddable":true,"href":"https:\/\/essax.es\/pt\/wp-json\/wp\/v2\/product_tag?post=99564"}],"curies":[{"name":"wp","href":"https:\/\/api.w.org\/{rel}","templated":true}]}}