{"id":99599,"date":"2020-07-23T07:56:48","date_gmt":"2020-07-23T07:56:48","guid":{"rendered":"https:\/\/essax.es\/?post_type=product&#038;p=99599"},"modified":"2025-03-31T10:55:42","modified_gmt":"2025-03-31T10:55:42","slug":"adrenaline-xc-carbono","status":"publish","type":"product","link":"https:\/\/essax.es\/pt\/product\/adrenaline-xc-carbono","title":{"rendered":"Selim Adrenaline XC \u2013 Carbono \u2013 135 gr."},"content":{"rendered":"<p>O carro-chefe da marca, modelo mais vendido do nosso cat\u00e1logo em nossos 13 anos de exist\u00eancia, n\u00e3o poderia deixar de ter sua vers\u00e3o para mtb e gravel.<\/p>\n<p>Ao grande n\u00famero de combina\u00e7\u00f5es em termos de cores, hastes e larguras, al\u00e9m de uma melhoria formal cont\u00ednua ano ap\u00f3s ano como a vers\u00e3o de estrada, devemos acrescentar os refor\u00e7os laterais em Kevlar, para proteg\u00ea-la das inevit\u00e1veis quedas nestas disciplinas e. proporcionar uma vida \u00fatil mais longa.<\/p>\n<p>Equipado com um canal central para liberar parte da press\u00e3o que nosso peso exerce sobre a regi\u00e3o perineal, \u00e9 fornecido em diferentes vers\u00f5es e gamas. Da haste cromada, com um pre\u00e7o mais baixo e uns fant\u00e1sticos 180 gr. de peso, at\u00e9 a impressionante vers\u00e3o em fibra de carbono e seus espetaculares 135 gr.<\/p>","protected":false},"excerpt":{"rendered":"<p>El buque insignia de la marca, el modelo m\u00e1s vendido de nuestro cat\u00e1logo en nuestros 13 a\u00f1os de vida, no pod\u00eda dejar de tener su versi\u00f3n para mtb y gravel. A la gran cantidad de combinaciones en cuanto a colores, varillas y anchos, adem\u00e1s de una continua mejora formal a\u00f1o tras a\u00f1o al igual que [&hellip;]<\/p>","protected":false},"featured_media":99595,"comment_status":"open","ping_status":"closed","template":"","meta":{"inline_featured_image":false},"product_brand":[],"product_cat":[158],"product_tag":[149,189,193,192,191,190],"class_list":{"0":"post-99599","1":"product","2":"type-product","3":"status-publish","4":"has-post-thumbnail","6":"product_cat-outlet","7":"product_tag-adrenaline","8":"product_tag-adrenaline-xc","9":"product_tag-ciclocross","10":"product_tag-gravel","11":"product_tag-mtb","12":"product_tag-xc","13":"pa_ancho-130-mm","14":"pa_ancho-142-mm","15":"pa_color-negro-negro","16":"pa_color-negro-blanco","17":"pa_color-negro-rojo","18":"pa_rail-carbono","20":"first","21":"instock","22":"taxable","23":"shipping-taxable","24":"purchasable","25":"product-type-variable"},"exclude_global_add_ons":[],"addons":[],"_links":{"self":[{"href":"https:\/\/essax.es\/pt\/wp-json\/wp\/v2\/product\/99599"}],"collection":[{"href":"https:\/\/essax.es\/pt\/wp-json\/wp\/v2\/product"}],"about":[{"href":"https:\/\/essax.es\/pt\/wp-json\/wp\/v2\/types\/product"}],"replies":[{"embeddable":true,"href":"https:\/\/essax.es\/pt\/wp-json\/wp\/v2\/comments?post=99599"}],"wp:featuredmedia":[{"embeddable":true,"href":"https:\/\/essax.es\/pt\/wp-json\/wp\/v2\/media\/99595"}],"wp:attachment":[{"href":"https:\/\/essax.es\/pt\/wp-json\/wp\/v2\/media?parent=99599"}],"wp:term":[{"taxonomy":"product_brand","embeddable":true,"href":"https:\/\/essax.es\/pt\/wp-json\/wp\/v2\/product_brand?post=99599"},{"taxonomy":"product_cat","embeddable":true,"href":"https:\/\/essax.es\/pt\/wp-json\/wp\/v2\/product_cat?post=99599"},{"taxonomy":"product_tag","embeddable":true,"href":"https:\/\/essax.es\/pt\/wp-json\/wp\/v2\/product_tag?post=99599"}],"curies":[{"name":"wp","href":"https:\/\/api.w.org\/{rel}","templated":true}]}}