{"id":99643,"date":"2020-07-23T08:42:02","date_gmt":"2020-07-23T08:42:02","guid":{"rendered":"https:\/\/essax.es\/?post_type=product&#038;p=99643"},"modified":"2026-03-24T10:44:38","modified_gmt":"2026-03-24T10:44:38","slug":"mx-acero","status":"publish","type":"product","link":"https:\/\/essax.es\/pt\/product\/mx-acero","title":{"rendered":"Selim de Bicicleta \u2013 A\u00e7o \u2013 270 gr. \u2013 Mod. MX"},"content":{"rendered":"<p>Absolutamente todos n\u00f3s que praticamos ciclismo \u00e9ramos em algum momento novos nisto, e certamente come\u00e7ar\u00edamos com bicicletas e componentes mais baratos, mas que nos deixavam igualmente felizes e com as quais gost\u00e1vamos mais de pedalar, o que \u00e9 no final das contas . Do que se trata.<\/p>\n<p>Sob o nome de MX chamamos nossos modelos b\u00e1sicos, pensados especialmente para quem est\u00e1 come\u00e7ando neste maravilhoso esporte, para quem o peso maior n\u00e3o \u00e9 um inc\u00f4modo, ou simplesmente para que o bolso n\u00e3o sofra excessivamente.<\/p>\n<p>Mas aten\u00e7\u00e3o, n\u00e3o se confunda se acha que a qualidade vai sofrer, pois tamb\u00e9m possui refor\u00e7os laterais em Kevlar como seus irm\u00e3os mais velhos, para proteg\u00ea-lo das inevit\u00e1veis quedas nessas disciplinas e proporcionar-lhe uma vida \u00fatil mais longa. .<\/p>\n<p>Os MX, tal como os restantes modelos topo de gama, s\u00e3o fabricados \u00e0 m\u00e3o em Espanha, um a um, recorrem \u00e0s mesmas melhorias e avan\u00e7os e possuem componentes e materiais muito semelhantes. Eles v\u00e3o te surpreender!<\/p>","protected":false},"excerpt":{"rendered":"<p>Absolutamente todos los que practicamos ciclismo fuimos en alg\u00fan momento novatos en esto, y seguramente nos iniciar\u00edamos con bicicletas y componentes m\u00e1s econ\u00f3micos, pero que nos hicieron igual de felices y con los que disfrutamos al m\u00e1ximo dando pedales, que es al fin y al cabo de lo que se trata. Bajo el nombre de [&hellip;]<\/p>","protected":false},"featured_media":99645,"comment_status":"open","ping_status":"closed","template":"","meta":{"inline_featured_image":false},"product_brand":[],"product_cat":[158],"product_tag":[195,175,191,196],"class_list":{"0":"post-99643","1":"product","2":"type-product","3":"status-publish","4":"has-post-thumbnail","6":"product_cat-outlet","7":"product_tag-btt","8":"product_tag-carretera","9":"product_tag-mtb","10":"product_tag-mx","11":"pa_ancho-132-mm","12":"pa_ancho-142-mm","13":"pa_color-negro-blanco","14":"pa_rail-acero","16":"first","17":"instock","18":"sale","19":"taxable","20":"shipping-taxable","21":"purchasable","22":"product-type-variable"},"exclude_global_add_ons":[],"addons":[],"_links":{"self":[{"href":"https:\/\/essax.es\/pt\/wp-json\/wp\/v2\/product\/99643"}],"collection":[{"href":"https:\/\/essax.es\/pt\/wp-json\/wp\/v2\/product"}],"about":[{"href":"https:\/\/essax.es\/pt\/wp-json\/wp\/v2\/types\/product"}],"replies":[{"embeddable":true,"href":"https:\/\/essax.es\/pt\/wp-json\/wp\/v2\/comments?post=99643"}],"wp:featuredmedia":[{"embeddable":true,"href":"https:\/\/essax.es\/pt\/wp-json\/wp\/v2\/media\/99645"}],"wp:attachment":[{"href":"https:\/\/essax.es\/pt\/wp-json\/wp\/v2\/media?parent=99643"}],"wp:term":[{"taxonomy":"product_brand","embeddable":true,"href":"https:\/\/essax.es\/pt\/wp-json\/wp\/v2\/product_brand?post=99643"},{"taxonomy":"product_cat","embeddable":true,"href":"https:\/\/essax.es\/pt\/wp-json\/wp\/v2\/product_cat?post=99643"},{"taxonomy":"product_tag","embeddable":true,"href":"https:\/\/essax.es\/pt\/wp-json\/wp\/v2\/product_tag?post=99643"}],"curies":[{"name":"wp","href":"https:\/\/api.w.org\/{rel}","templated":true}]}}