{"id":99667,"date":"2020-07-23T09:16:01","date_gmt":"2020-07-23T09:16:01","guid":{"rendered":"https:\/\/essax.es\/?post_type=product&#038;p=99667"},"modified":"2024-10-14T07:50:07","modified_gmt":"2024-10-14T07:50:07","slug":"oahu-2","status":"publish","type":"product","link":"https:\/\/essax.es\/pt\/product\/oahu-2","title":{"rendered":"Sela Oahu \u2013 Cromo \u2013 195 gr."},"content":{"rendered":"<p><a href=\"https:\/\/essax.es\/wp-content\/uploads\/2020\/07\/essax-oahu-3-sillin-saddle.jpg\"><img fetchpriority=\"high\" decoding=\"async\" class=\"alignright size-medium wp-image-99656\" src=\"https:\/\/essax.es\/wp-content\/uploads\/2020\/07\/essax-oahu-3-sillin-saddle-300x253.jpg\" alt=\"essax-oahu-sillin-bike-saddle-triathlon-triatlon-ironman\" width=\"300\" height=\"253\" srcset=\"https:\/\/essax.es\/wp-content\/uploads\/2020\/07\/essax-oahu-3-sillin-saddle-300x253.jpg 300w, https:\/\/essax.es\/wp-content\/uploads\/2020\/07\/essax-oahu-3-sillin-saddle-14x12.jpg 14w, https:\/\/essax.es\/wp-content\/uploads\/2020\/07\/essax-oahu-3-sillin-saddle-768x648.jpg 768w, https:\/\/essax.es\/wp-content\/uploads\/2020\/07\/essax-oahu-3-sillin-saddle-769x649.jpg 769w, https:\/\/essax.es\/wp-content\/uploads\/2020\/07\/essax-oahu-3-sillin-saddle-84x71.jpg 84w, https:\/\/essax.es\/wp-content\/uploads\/2020\/07\/essax-oahu-3-sillin-saddle-200x169.jpg 200w, https:\/\/essax.es\/wp-content\/uploads\/2020\/07\/essax-oahu-3-sillin-saddle-450x380.jpg 450w, https:\/\/essax.es\/wp-content\/uploads\/2020\/07\/essax-oahu-3-sillin-saddle.jpg 800w\" sizes=\"(max-width: 300px) 100vw, 300px\" \/><\/a>Aos p\u00e9s de vulc\u00f5es adormecidos, em estradas intermin\u00e1veis cercadas por campos de lava petrificada e sob um sol e umidade de justi\u00e7a, a lenda do Ironman nasceu em 1978. Sem querer, um novo esporte acabava de ser inventado; o triatlo.<\/p>\n<p>Oahu, a ilha havaiana onde foi realizado o primeiro setor de ciclismo da hist\u00f3ria, d\u00e1 nome ao nosso novo selim para essa modalidade.<\/p>\n<p>Possui ponta mais larga, para maior superf\u00edcie de apoio na posi\u00e7\u00e3o Aero, al\u00e9m de abertura antiprost\u00e1tica na ponta para liberar press\u00e3o na regi\u00e3o perineal.<\/p>\n<p>Testado por\u00a0<a href=\"http:\/\/www.aero-coach.co.uk\/\" target=\"_blank\" rel=\"noopener\">Aero\u00f4nibus<\/a>, desenvolvido por\u00a0<a href=\"http:\/\/custom4.us\/\" target=\"_blank\" rel=\"noopener\">Custom4.us<\/a> e fabricado pela Essax.<\/p>\n<ul class=\"list-style list-style-7 list-style7-1\">\n<li>\u00c9 um dos selins que proporciona maior estabilidade \u00e0 p\u00e9lvis devido ao seu design anterior, reduzindo significativamente o CDA do cavaleiro.<\/li>\n<li>Seu formato ergon\u00f4mico inovador retarda a rota\u00e7\u00e3o do \u00edsquio sem exercer press\u00e3o excessiva sobre o per\u00edneo.<\/li>\n<li>A ponta mais larga com canal antiprost\u00e1tico permite uma posi\u00e7\u00e3o cl\u00e1ssica ideal sem acoplamento, o que melhora o desempenho em encostas.<\/li>\n<\/ul>","protected":false},"excerpt":{"rendered":"<p>Fabricado para triatlo e contra-rel\u00f3gio, sua ergonomia com nariz extremamente largo permite ao ciclista manter uma boa posi\u00e7\u00e3o aerodin\u00e2mica por horas com conforto, maximizando os watts. \u201cMais watts, menos vento\u201d<\/p>\n<p><span style=\"font-size: 14pt;\"><strong>Peso: 195 gr.<\/strong><\/span><br \/>\nTrilho: Cromo<\/p>","protected":false},"featured_media":99664,"comment_status":"open","ping_status":"closed","template":"","meta":{"inline_featured_image":false},"product_brand":[],"product_cat":[156],"product_tag":[198,201,200,199],"class_list":{"0":"post-99667","1":"product","2":"type-product","3":"status-publish","4":"has-post-thumbnail","6":"product_cat-triatlon-contrarreloj","7":"product_tag-oahu","8":"product_tag-tri","9":"product_tag-triathlon","10":"product_tag-triatlon","11":"pa_ancho-140-mm","12":"pa_color-blanco-negro","13":"pa_color-negro-negro","14":"pa_color-negro-blanco","15":"pa_rail-cromo","17":"first","18":"instock","19":"taxable","20":"shipping-taxable","21":"purchasable","22":"product-type-variable"},"exclude_global_add_ons":[],"addons":[],"_links":{"self":[{"href":"https:\/\/essax.es\/pt\/wp-json\/wp\/v2\/product\/99667"}],"collection":[{"href":"https:\/\/essax.es\/pt\/wp-json\/wp\/v2\/product"}],"about":[{"href":"https:\/\/essax.es\/pt\/wp-json\/wp\/v2\/types\/product"}],"replies":[{"embeddable":true,"href":"https:\/\/essax.es\/pt\/wp-json\/wp\/v2\/comments?post=99667"}],"wp:featuredmedia":[{"embeddable":true,"href":"https:\/\/essax.es\/pt\/wp-json\/wp\/v2\/media\/99664"}],"wp:attachment":[{"href":"https:\/\/essax.es\/pt\/wp-json\/wp\/v2\/media?parent=99667"}],"wp:term":[{"taxonomy":"product_brand","embeddable":true,"href":"https:\/\/essax.es\/pt\/wp-json\/wp\/v2\/product_brand?post=99667"},{"taxonomy":"product_cat","embeddable":true,"href":"https:\/\/essax.es\/pt\/wp-json\/wp\/v2\/product_cat?post=99667"},{"taxonomy":"product_tag","embeddable":true,"href":"https:\/\/essax.es\/pt\/wp-json\/wp\/v2\/product_tag?post=99667"}],"curies":[{"name":"wp","href":"https:\/\/api.w.org\/{rel}","templated":true}]}}